{"id":296,"date":"2015-01-28T11:18:08","date_gmt":"2015-01-28T10:18:08","guid":{"rendered":"http:\/\/agora.xtec.cat\/cfa-montseny\/?page_id=296"},"modified":"2021-11-03T12:39:29","modified_gmt":"2021-11-03T11:39:29","slug":"llengua-catalana","status":"publish","type":"page","link":"https:\/\/agora.xtec.cat\/cfa-montseny\/ensenyaments\/ensenyaments-inicials-i-formacio-basica\/llengua-catalana\/","title":{"rendered":"Llengua catalana"},"content":{"rendered":"<p>Aquests estudis estan adre\u00e7ats a persones que no parlin Catal\u00e0 ni Castell\u00e0 i que demostrin un nivell d&#8217;estudis equivalent a la Secund\u00e0ria en el seu pa\u00eds d&#8217;origen. L&#8217;objectiu dels cursos \u00e9s aconseguir un nivell de Catal\u00e0 equivalent als nivells A1 i A2.<\/p>\n<p><strong>Nivells<\/strong><\/p>\n<ul>\n<li>Llengua catalana 1 oral<\/li>\n<li>Llengua catalana 1<\/li>\n<li>Llengua catalana 2<\/li>\n<\/ul>\n<p><strong>Durada<\/strong><\/p>\n<ul>\n<li>De setembre a juny<\/li>\n<\/ul>\n<p><strong>Requisits llengua catalana 1 oral<\/strong><\/p>\n<ul>\n<li>Persones que no es comuniquen ni en catal\u00e0 ni castell\u00e0 i que no estan alfabetitzades<\/li>\n<li>S&#8217;ha de tenir 18 anys o b\u00e9 complir-los durant l&#8217;any natural en qu\u00e8 s&#8217;inicia la formaci\u00f3.<\/li>\n<li>Quan hi ha un motiu justificat, hi poden accedir les persones de 16 anys o que els compleixin durant l&#8217;any natural en qu\u00e8 s&#8217;inicia la formaci\u00f3. (consultar al centre)<\/li>\n<\/ul>\n<p><strong>Requisits llengua catalana 1 i 2<br \/>\n<\/strong><\/p>\n<ul>\n<li>S&#8217;ha de tenir un nivell d&#8217;estudis <em><strong>equivalent<\/strong><\/em> a la Secund\u00e0ria.<\/li>\n<li>S&#8217;ha de tenir 18 anys o b\u00e9 complir-los durant l&#8217;any natural en qu\u00e8 s&#8217;inicia la formaci\u00f3.<\/li>\n<li>Quan hi ha un motiu justificat, hi poden accedir les persones de 16 anys o que els compleixin durant l&#8217;any natural en qu\u00e8 s&#8217;inicia la formaci\u00f3. (consultar al centre)<\/li>\n<\/ul>\n<p><strong>Curr\u00edculum<\/strong><\/p>\n<ul>\n<li><a href=\"http:\/\/queestudiar.gencat.cat\/web\/.content\/home\/estudis\/formacio_de_persones_adultes\/normativa\/resoluciocurriculumsllenguescfa.pdf\">Curr\u00edculums de llengua catalana, llengua castellana i lleng\u00fces estrangeres.<\/a><\/li>\n<\/ul>\n<p><strong>Aula virtual<\/strong><\/p>\n<ul>\n<li><a href=\"http:\/\/agora.xtec.cat\/cfa-montseny\/moodle\/\">Moodle del CFA Montseny<\/a><\/li>\n<\/ul>\n<p><strong>Avaluaci\u00f3<\/strong><\/p>\n<ul>\n<li>El professorat far\u00e0 una avaluaci\u00f3 cont\u00ednua de l&#8217;alumnat.<\/li>\n<li>\u00danicament tindr\u00e0 dret a l&#8217;avaluaci\u00f3 l&#8217;alumnat que hagi assolit el 80% d&#8217;assist\u00e8ncia.<\/li>\n<li>La nota final del curs ser\u00e0 Apte\/a o No Apte\/a<\/li>\n<\/ul>\n<p><strong>Promoci\u00f3 de curs i\/o obtenci\u00f3 de certificaci\u00f3<\/strong><\/p>\n<ul>\n<li>La superaci\u00f3 del Catal\u00e0 1 oral permet a l&#8217;alumnat continuar la seva formaci\u00f3 en l&#8217;afabetitzaci\u00f3 a Instrumental 1.<\/li>\n<li>El nivell de Catal\u00e0 1 i 2 aconseguit permetr\u00e0 a l&#8217;alumnat:\n<ul>\n<li>Continuar els seus estudis al Consorci de Normalitzaci\u00f3 Ling\u00fc\u00edstica.<\/li>\n<li>Iniciar els estudis del Graduat en Educaci\u00f3 Secund\u00e0ria (GESO).<\/li>\n<\/ul>\n<\/li>\n<\/ul>\n<p><strong>Franja hor\u00e0ria pel curs 2021-22<br \/>\n<\/strong><\/p>\n<ul>\n<li>Catal\u00e0 1 Oral: matins i tardes<\/li>\n<li>Catal\u00e0 1: matins i tardes<\/li>\n<li>Catal\u00e0 2: matins i tardes<\/li>\n<\/ul>\n<p style=\"text-align: left;\"><strong>\u00a0<\/strong><\/p>\n<p>&nbsp;<\/p>\n<p>&nbsp;<\/p>\n<p>&nbsp;<\/p>\n<p>&nbsp;<\/p>\n","protected":false},"excerpt":{"rendered":"<p>Aquests estudis estan adre\u00e7ats a persones que no parlin Catal\u00e0 ni Castell\u00e0 i que demostrin un nivell d&#8217;estudis equivalent a la Secund\u00e0ria en el seu pa\u00eds d&#8217;origen. L&#8217;objectiu dels cursos \u00e9s aconseguir un nivell de Catal\u00e0 equivalent als nivells A1 i A2.<br \/>\nNivells<\/p>\n<ul>\n<li>Llengua catalana 1 oral<\/li>\n<li>Llengua&hellip;  <a href=\"https:\/\/agora.xtec.cat\/cfa-montseny\/ensenyaments\/ensenyaments-inicials-i-formacio-basica\/llengua-catalana\/\" title=\"Read Llengua catalana\">Llegeix m\u00e9s\u00bb<\/a><br \/>\n","protected":false},"author":1,"featured_media":0,"parent":283,"menu_order":0,"comment_status":"closed","ping_status":"closed","template":"page-templates\/side-menu.php","meta":{"_bbp_topic_count":0,"_bbp_reply_count":0,"_bbp_total_topic_count":0,"_bbp_total_reply_count":0,"_bbp_voice_count":0,"_bbp_anonymous_reply_count":0,"_bbp_topic_count_hidden":0,"_bbp_reply_count_hidden":0,"_bbp_forum_subforum_count":0,"footnotes":""},"class_list":["post-296","page","type-page","status-publish","hentry"],"post_mailing_queue_ids":[],"_links":{"self":[{"href":"https:\/\/agora.xtec.cat\/cfa-montseny\/wp-json\/wp\/v2\/pages\/296","targetHints":{"allow":["GET"]}}],"collection":[{"href":"https:\/\/agora.xtec.cat\/cfa-montseny\/wp-json\/wp\/v2\/pages"}],"about":[{"href":"https:\/\/agora.xtec.cat\/cfa-montseny\/wp-json\/wp\/v2\/types\/page"}],"author":[{"embeddable":true,"href":"https:\/\/agora.xtec.cat\/cfa-montseny\/wp-json\/wp\/v2\/users\/1"}],"replies":[{"embeddable":true,"href":"https:\/\/agora.xtec.cat\/cfa-montseny\/wp-json\/wp\/v2\/comments?post=296"}],"version-history":[{"count":4,"href":"https:\/\/agora.xtec.cat\/cfa-montseny\/wp-json\/wp\/v2\/pages\/296\/revisions"}],"predecessor-version":[{"id":3474,"href":"https:\/\/agora.xtec.cat\/cfa-montseny\/wp-json\/wp\/v2\/pages\/296\/revisions\/3474"}],"up":[{"embeddable":true,"href":"https:\/\/agora.xtec.cat\/cfa-montseny\/wp-json\/wp\/v2\/pages\/283"}],"wp:attachment":[{"href":"https:\/\/agora.xtec.cat\/cfa-montseny\/wp-json\/wp\/v2\/media?parent=296"}],"curies":[{"name":"wp","href":"https:\/\/api.w.org\/{rel}","templated":true}]}}