{"id":27,"date":"2014-09-17T16:24:03","date_gmt":"2014-09-17T16:24:03","guid":{"rendered":"http:\/\/agora.xtec.cat\/cfa-montseny\/?page_id=27"},"modified":"2016-01-25T11:53:09","modified_gmt":"2016-01-25T10:53:09","slug":"historia","status":"publish","type":"page","link":"https:\/\/agora.xtec.cat\/cfa-montseny\/el-centre\/historia\/","title":{"rendered":"Hist\u00f2ria"},"content":{"rendered":"<p>Els or\u00edgens del centre es remunten a l\u2019any 1978 i 1979, a Manlleu i Vic respectivament, quan s\u2019iniciaren les classes de <strong>formaci\u00f3 per a adults a la comarca d\u2019Osona<\/strong>. Els mestres estaven adscrits al centre de prim\u00e0ria Jaume Balmes de Vic. A partir del curs 1997-1998 els dos centres van comen\u00e7ar a funcionar de manera independent, cadascun amb un equip docent propi.<\/p>\n<p>El centre actual es va crear el 2001 quan es configur\u00e0 com un centre amb seu a Vic i amb una aula adscrita a Manlleu. Des del curs 2013-2014, l\u2019aula de Manlleu funciona com un centre amb identitat pr\u00f2pia amb el nom de CFA Miquel Mart\u00ed i Pol, per la qual cosa el CFA Miquel Mart\u00ed i Pol de Vic, des del 19 de maig de 2014, ha passat a denominar-se <strong>CFA Montseny<\/strong>. Es va acordar que el centre de Manlleu mantindria el nom CFA Miquel Mart\u00ed i Pol perqu\u00e8 havia estat l\u2019origen de la formaci\u00f3 d\u2019adults a Osona. La nova denominaci\u00f3 del nostre centre, <strong>CFA Montseny<\/strong>, acordada en el claustre, el Consell de Centre i el govern municipal respon al nom de l\u2019escola de prim\u00e0ria que hi havia hagut en aquest edifici.<\/p>\n","protected":false},"excerpt":{"rendered":"<p>Els or\u00edgens del centre es remunten a l\u2019any 1978 i 1979, a Manlleu i Vic respectivament, quan s\u2019iniciaren les classes de formaci\u00f3 per a adults a la comarca d\u2019Osona. Els mestres estaven adscrits al centre de prim\u00e0ria Jaume Balmes de Vic. A partir del curs&hellip;  <a href=\"https:\/\/agora.xtec.cat\/cfa-montseny\/el-centre\/historia\/\" title=\"Read Hist\u00f2ria\">Llegeix m\u00e9s\u00bb<\/a><\/p>\n","protected":false},"author":1,"featured_media":0,"parent":261,"menu_order":20,"comment_status":"closed","ping_status":"closed","template":"page-templates\/side-menu.php","meta":{"_bbp_topic_count":0,"_bbp_reply_count":0,"_bbp_total_topic_count":0,"_bbp_total_reply_count":0,"_bbp_voice_count":0,"_bbp_anonymous_reply_count":0,"_bbp_topic_count_hidden":0,"_bbp_reply_count_hidden":0,"_bbp_forum_subforum_count":0,"footnotes":""},"class_list":["post-27","page","type-page","status-publish","hentry"],"post_mailing_queue_ids":[],"_links":{"self":[{"href":"https:\/\/agora.xtec.cat\/cfa-montseny\/wp-json\/wp\/v2\/pages\/27","targetHints":{"allow":["GET"]}}],"collection":[{"href":"https:\/\/agora.xtec.cat\/cfa-montseny\/wp-json\/wp\/v2\/pages"}],"about":[{"href":"https:\/\/agora.xtec.cat\/cfa-montseny\/wp-json\/wp\/v2\/types\/page"}],"author":[{"embeddable":true,"href":"https:\/\/agora.xtec.cat\/cfa-montseny\/wp-json\/wp\/v2\/users\/1"}],"replies":[{"embeddable":true,"href":"https:\/\/agora.xtec.cat\/cfa-montseny\/wp-json\/wp\/v2\/comments?post=27"}],"version-history":[{"count":3,"href":"https:\/\/agora.xtec.cat\/cfa-montseny\/wp-json\/wp\/v2\/pages\/27\/revisions"}],"predecessor-version":[{"id":467,"href":"https:\/\/agora.xtec.cat\/cfa-montseny\/wp-json\/wp\/v2\/pages\/27\/revisions\/467"}],"up":[{"embeddable":true,"href":"https:\/\/agora.xtec.cat\/cfa-montseny\/wp-json\/wp\/v2\/pages\/261"}],"wp:attachment":[{"href":"https:\/\/agora.xtec.cat\/cfa-montseny\/wp-json\/wp\/v2\/media?parent=27"}],"curies":[{"name":"wp","href":"https:\/\/api.w.org\/{rel}","templated":true}]}}