{"id":261,"date":"2015-01-27T17:25:01","date_gmt":"2015-01-27T16:25:01","guid":{"rendered":"http:\/\/agora.xtec.cat\/cfa-montseny\/?page_id=261"},"modified":"2018-10-05T20:38:01","modified_gmt":"2018-10-05T18:38:01","slug":"el-centre","status":"publish","type":"page","link":"https:\/\/agora.xtec.cat\/cfa-montseny\/el-centre\/","title":{"rendered":"El Centre"},"content":{"rendered":"<p>Al Centre de Formaci\u00f3 d&#8217;Adults Montseny creiem en el poder de l\u2019educaci\u00f3, i en la for\u00e7a que t\u00e9 en el progr\u00e9s de les persones i de la societat, aix\u00ed com en la gran funci\u00f3 de cohesi\u00f3 social i conviv\u00e8ncia que t\u00e9. Treballem per donar noves oportunitats i reduir l\u2019exclusi\u00f3 social.<\/p>\n<p>Treballem de valent per donar una formaci\u00f3 de qualitat, per adaptar-nos a les necessitats reals de l\u2019alumnat, per treballar significativament, per projectes, per obrir un pas cap al futur a les persones que viuen a Vic i a altres poblacions de la comarca d\u2019Osona, vinguin d\u2019on vinguin, siguin d\u2019on siguin.<\/p>\n<p>L\u2019educaci\u00f3 al llarg de la vida \u00e9s un dret!<\/p>\n<p>&nbsp;<\/p>\n","protected":false},"excerpt":{"rendered":"<p>Al Centre de Formaci\u00f3 d&#8217;Adults Montseny creiem en el poder de l\u2019educaci\u00f3, i en la for\u00e7a que t\u00e9 en el progr\u00e9s de les persones i de la societat, aix\u00ed com en la gran funci\u00f3 de cohesi\u00f3 social i conviv\u00e8ncia que t\u00e9. Treballem per donar noves&hellip;  <a href=\"https:\/\/agora.xtec.cat\/cfa-montseny\/el-centre\/\" title=\"Read El Centre\">Llegeix m\u00e9s\u00bb<\/a><\/p>\n","protected":false},"author":1,"featured_media":0,"parent":0,"menu_order":0,"comment_status":"closed","ping_status":"closed","template":"page-templates\/side-menu.php","meta":{"_bbp_topic_count":0,"_bbp_reply_count":0,"_bbp_total_topic_count":0,"_bbp_total_reply_count":0,"_bbp_voice_count":0,"_bbp_anonymous_reply_count":0,"_bbp_topic_count_hidden":0,"_bbp_reply_count_hidden":0,"_bbp_forum_subforum_count":0,"footnotes":""},"class_list":["post-261","page","type-page","status-publish","hentry"],"post_mailing_queue_ids":[],"_links":{"self":[{"href":"https:\/\/agora.xtec.cat\/cfa-montseny\/wp-json\/wp\/v2\/pages\/261","targetHints":{"allow":["GET"]}}],"collection":[{"href":"https:\/\/agora.xtec.cat\/cfa-montseny\/wp-json\/wp\/v2\/pages"}],"about":[{"href":"https:\/\/agora.xtec.cat\/cfa-montseny\/wp-json\/wp\/v2\/types\/page"}],"author":[{"embeddable":true,"href":"https:\/\/agora.xtec.cat\/cfa-montseny\/wp-json\/wp\/v2\/users\/1"}],"replies":[{"embeddable":true,"href":"https:\/\/agora.xtec.cat\/cfa-montseny\/wp-json\/wp\/v2\/comments?post=261"}],"version-history":[{"count":3,"href":"https:\/\/agora.xtec.cat\/cfa-montseny\/wp-json\/wp\/v2\/pages\/261\/revisions"}],"predecessor-version":[{"id":2323,"href":"https:\/\/agora.xtec.cat\/cfa-montseny\/wp-json\/wp\/v2\/pages\/261\/revisions\/2323"}],"wp:attachment":[{"href":"https:\/\/agora.xtec.cat\/cfa-montseny\/wp-json\/wp\/v2\/media?parent=261"}],"curies":[{"name":"wp","href":"https:\/\/api.w.org\/{rel}","templated":true}]}}