{"id":734,"date":"2026-02-02T15:00:32","date_gmt":"2026-02-02T14:00:32","guid":{"rendered":"https:\/\/agora.xtec.cat\/cfa-montmelo\/?page_id=734"},"modified":"2026-02-02T15:00:41","modified_gmt":"2026-02-02T14:00:41","slug":"competic-1","status":"publish","type":"page","link":"https:\/\/agora.xtec.cat\/cfa-montmelo\/ensenyaments\/informatica\/competic-1\/","title":{"rendered":"COMPETIC 1"},"content":{"rendered":"<p>El nivell de COMPETIC 1 complementa les compet\u00e8ncies adquirides al llarg del curs de COMPETIC Inicial. Per tant, cal assegurar que, en comen\u00e7ar el nivell 1, l\u2019alumne\/a ja disposa d\u2019un domini elemental de les compet\u00e8ncies corresponents a COMPETIC Inicial:<\/p>\n<p>C2: Tecnologia digital, \u00fas de l\u2019ordinador i del sistema operatiu<br \/>\nC3: Navegaci\u00f3 i comunicaci\u00f3 en el m\u00f3n digital<br \/>\nC4: Tractament de la informaci\u00f3 escrita, totes treballades al llarg del curs de COMPETIC Inicial.<br \/>\nAl finalitzar amb aprofitament el curs de COMPETIC 1 l\u2019alumne\/a haur\u00e0 de mostrar que t\u00e9 un domini b\u00e0sic de les tecnologies de la informaci\u00f3 i la comunicaci\u00f3 i que se n\u2019inicia en el coneixement i \u00fas.<\/p>\n<p>C1: Cultura, participaci\u00f3 i civisme digital. (COMPETIC 1)<br \/>\nC2: Tecnologia digital, \u00fas de l\u2019ordinador i del sistema operatiu. (COMPETIC Inicial)<br \/>\nC3: Navegaci\u00f3 i comunicaci\u00f3 en el m\u00f3n digital. (COMPETIC Inicial)<br \/>\nC4: Tractament de la informaci\u00f3 escrita. (COMPETIC Inicial)<br \/>\nC5: Tractament de la informaci\u00f3 gr\u00e0fica, sonora i de la imatge en moviment. (COMPETIC 1)<br \/>\nC6: Tractament de la informaci\u00f3 num\u00e8rica. (COMPETIC 1)<\/p>\n<p>El nivell de\u00a0<strong>COMPETIC 1 t\u00e9 una durada de 105 hores<\/strong> (3 hores setmanals). Distribu\u00efdes de forma equitativa entre les tres compet\u00e8ncies que s\u2019hi treballen:<\/p>\n<ul>\n<li><strong>C1: Cultura, participaci\u00f3 i civisme digital. (35 hores)<\/strong><\/li>\n<li><strong>C6: Tractament de la informaci\u00f3 num\u00e8rica.(35 hores)<\/strong><\/li>\n<li><strong>C5: Tractament de la informaci\u00f3 gr\u00e0fica, sonora i de la imatge en moviment. (35 hores)<\/strong><\/li>\n<\/ul>\n<p>Al final de curs es realitzar\u00e0 un projecte on l&#8217;alumnat aplicar\u00e0 tots els coneixements adquirits durant el curs. Aquest projecte, juntament amb l&#8217;avaluaci\u00f3 continuada, donar\u00e0 una nota final. Si aquesta nota es <strong>major o igual que 6,5<\/strong>, el curs es consider\u00e0 superat i es dona la certificaci\u00f3 al COMNPETIC 1.<\/p>\n","protected":false},"excerpt":{"rendered":"<p>El nivell de COMPETIC 1 complementa les compet\u00e8ncies adquirides al llarg del curs de COMPETIC Inicial. Per tant, cal assegurar que, en comen\u00e7ar el nivell 1, l\u2019alumne\/a ja disposa d\u2019un domini elemental de les compet\u00e8ncies corresponents a COMPETIC Inicial:<br \/>\nC2: Tecnologia digital, \u00fas de l\u2019ordinador i&hellip;  <a href=\"https:\/\/agora.xtec.cat\/cfa-montmelo\/ensenyaments\/informatica\/competic-1\/\" title=\"Read COMPETIC 1\">Llegeix m\u00e9s\u00bb<\/a><\/p>\n","protected":false},"author":1,"featured_media":0,"parent":481,"menu_order":0,"comment_status":"closed","ping_status":"closed","template":"","meta":{"_bbp_topic_count":0,"_bbp_reply_count":0,"_bbp_total_topic_count":0,"_bbp_total_reply_count":0,"_bbp_voice_count":0,"_bbp_anonymous_reply_count":0,"_bbp_topic_count_hidden":0,"_bbp_reply_count_hidden":0,"_bbp_forum_subforum_count":0,"footnotes":""},"class_list":["post-734","page","type-page","status-publish","hentry"],"post_mailing_queue_ids":[],"_links":{"self":[{"href":"https:\/\/agora.xtec.cat\/cfa-montmelo\/wp-json\/wp\/v2\/pages\/734","targetHints":{"allow":["GET"]}}],"collection":[{"href":"https:\/\/agora.xtec.cat\/cfa-montmelo\/wp-json\/wp\/v2\/pages"}],"about":[{"href":"https:\/\/agora.xtec.cat\/cfa-montmelo\/wp-json\/wp\/v2\/types\/page"}],"author":[{"embeddable":true,"href":"https:\/\/agora.xtec.cat\/cfa-montmelo\/wp-json\/wp\/v2\/users\/1"}],"replies":[{"embeddable":true,"href":"https:\/\/agora.xtec.cat\/cfa-montmelo\/wp-json\/wp\/v2\/comments?post=734"}],"version-history":[{"count":1,"href":"https:\/\/agora.xtec.cat\/cfa-montmelo\/wp-json\/wp\/v2\/pages\/734\/revisions"}],"predecessor-version":[{"id":735,"href":"https:\/\/agora.xtec.cat\/cfa-montmelo\/wp-json\/wp\/v2\/pages\/734\/revisions\/735"}],"up":[{"embeddable":true,"href":"https:\/\/agora.xtec.cat\/cfa-montmelo\/wp-json\/wp\/v2\/pages\/481"}],"wp:attachment":[{"href":"https:\/\/agora.xtec.cat\/cfa-montmelo\/wp-json\/wp\/v2\/media?parent=734"}],"curies":[{"name":"wp","href":"https:\/\/api.w.org\/{rel}","templated":true}]}}