{"id":481,"date":"2023-05-04T15:08:43","date_gmt":"2023-05-04T13:08:43","guid":{"rendered":"https:\/\/agora.xtec.cat\/cfa-montmelo\/?page_id=481"},"modified":"2026-02-02T15:01:19","modified_gmt":"2026-02-02T14:01:19","slug":"informatica","status":"publish","type":"page","link":"https:\/\/agora.xtec.cat\/cfa-montmelo\/ensenyaments\/informatica\/","title":{"rendered":"Estudis COMPETIC"},"content":{"rendered":"<h3>Qu\u00e8 s\u00f3n?<\/h3>\n<p>Els ensenyaments d\u2019inform\u00e0tica a l\u2019educaci\u00f3 d\u2019adults (COMPETIC) tenen com objectiu facilitar l\u2019adquisici\u00f3 de la compet\u00e8ncia digital, entesa com la combinaci\u00f3 de coneixements, habilitats i actituds en l\u2019\u00e0mbit de les tecnologies de la informaci\u00f3 i la comunicaci\u00f3 (TIC) per desenvolupar-se en la societat actual.<\/p>\n<h3>Quants cursos n&#8217;hi ha?<\/h3>\n<p>Aquests ensenyaments\u00a0s\u2019estructuren en\u00a0<strong>quatre cursos<\/strong>, als quals s\u2019hi treballen les diferents compet\u00e8ncies (Descrites als enlla\u00e7os de cada formaci\u00f3).<\/p>\n<ul>\n<li>COMPETIC INICIAL<\/li>\n<li><a href=\"https:\/\/agora.xtec.cat\/cfa-montmelo\/ensenyaments\/informatica\/competic-1\/\">COMPETIC 1<\/a><\/li>\n<li>COMPETIC 2<\/li>\n<li>COMPETIC 3<\/li>\n<\/ul>\n<h3>Qu\u00e8 necessito per accedir-hi?<\/h3>\n<p>Tenir m\u00e9s de 18 anys o complir-los durant l\u2019any natural en qu\u00e8 s\u2019inicia la formaci\u00f3.<\/p>\n<p>Per tal de situar l\u2019alumnat en el nivell que li correspon d\u2019acord amb les seves compet\u00e8ncies, si no t\u00e9 una acreditaci\u00f3 pr\u00e8via, en el moment de la preinscripci\u00f3 el centre de formaci\u00f3 d\u2019adults li far\u00e0 una prova de nivell.<\/p>\n<p>En qualsevol cas, un alumne <strong>no<\/strong> podr\u00e0 cursar <strong>COMPETIC 3<\/strong> si no ha cursat i superat pr\u00e8viament el curs de COMPETIC 2 o acredita l\u2019ACTIC mitj\u00e0.<\/p>\n","protected":false},"excerpt":{"rendered":"<p>Qu\u00e8 s\u00f3n?<br \/>\nEls ensenyaments d\u2019inform\u00e0tica a l\u2019educaci\u00f3 d\u2019adults (COMPETIC) tenen com objectiu facilitar l\u2019adquisici\u00f3 de la compet\u00e8ncia digital, entesa com la combinaci\u00f3 de coneixements, habilitats i actituds en l\u2019\u00e0mbit de les tecnologies de la informaci\u00f3 i la comunicaci\u00f3 (TIC) per desenvolupar-se en la societat actual.<br \/>\nQuants cursos&hellip;  <a href=\"https:\/\/agora.xtec.cat\/cfa-montmelo\/ensenyaments\/informatica\/\" title=\"Read Estudis COMPETIC\">Llegeix m\u00e9s\u00bb<\/a><\/p>\n","protected":false},"author":1,"featured_media":0,"parent":274,"menu_order":0,"comment_status":"closed","ping_status":"closed","template":"","meta":{"_bbp_topic_count":0,"_bbp_reply_count":0,"_bbp_total_topic_count":0,"_bbp_total_reply_count":0,"_bbp_voice_count":0,"_bbp_anonymous_reply_count":0,"_bbp_topic_count_hidden":0,"_bbp_reply_count_hidden":0,"_bbp_forum_subforum_count":0,"footnotes":""},"class_list":["post-481","page","type-page","status-publish","hentry"],"post_mailing_queue_ids":[],"_links":{"self":[{"href":"https:\/\/agora.xtec.cat\/cfa-montmelo\/wp-json\/wp\/v2\/pages\/481","targetHints":{"allow":["GET"]}}],"collection":[{"href":"https:\/\/agora.xtec.cat\/cfa-montmelo\/wp-json\/wp\/v2\/pages"}],"about":[{"href":"https:\/\/agora.xtec.cat\/cfa-montmelo\/wp-json\/wp\/v2\/types\/page"}],"author":[{"embeddable":true,"href":"https:\/\/agora.xtec.cat\/cfa-montmelo\/wp-json\/wp\/v2\/users\/1"}],"replies":[{"embeddable":true,"href":"https:\/\/agora.xtec.cat\/cfa-montmelo\/wp-json\/wp\/v2\/comments?post=481"}],"version-history":[{"count":5,"href":"https:\/\/agora.xtec.cat\/cfa-montmelo\/wp-json\/wp\/v2\/pages\/481\/revisions"}],"predecessor-version":[{"id":736,"href":"https:\/\/agora.xtec.cat\/cfa-montmelo\/wp-json\/wp\/v2\/pages\/481\/revisions\/736"}],"up":[{"embeddable":true,"href":"https:\/\/agora.xtec.cat\/cfa-montmelo\/wp-json\/wp\/v2\/pages\/274"}],"wp:attachment":[{"href":"https:\/\/agora.xtec.cat\/cfa-montmelo\/wp-json\/wp\/v2\/media?parent=481"}],"curies":[{"name":"wp","href":"https:\/\/api.w.org\/{rel}","templated":true}]}}