{"id":39,"date":"2014-09-17T16:36:44","date_gmt":"2014-09-17T16:36:44","guid":{"rendered":"http:\/\/agora.xtec.cat\/cfa-montmelo\/?page_id=39"},"modified":"2023-05-03T14:41:25","modified_gmt":"2023-05-03T12:41:25","slug":"instal%c2%b7lacions","status":"publish","type":"page","link":"https:\/\/agora.xtec.cat\/cfa-montmelo\/el-centre\/instal%c2%b7lacions\/","title":{"rendered":"La G2M"},"content":{"rendered":"<p>El centre de formaci\u00f3 i recursos G2M, \u00e9s un projecte municipal que va n\u00e8ixer amb la voluntat de ser el suport de refer\u00e8ncia per a totes les persones que vulguin satisfer i millorar la seva formaci\u00f3.<\/p>\n<p>G2M ofereix un programa formatiu de qualitat, amb bons recursos i especialistes, amb objectius seriosos per a millorar els resultats acad\u00e8mics i obtenir-ne un reconeixement adequat.<\/p>\n<p><a href=\"https:\/\/agora.xtec.cat\/cfa-montmelo\/wp-content\/uploads\/usu2394\/2023\/05\/g2m1-2.jpg\"><img loading=\"lazy\" decoding=\"async\" src=\"https:\/\/agora.xtec.cat\/cfa-montmelo\/wp-content\/uploads\/usu2394\/2023\/05\/g2m1-2.jpg\" alt=\"\" width=\"700\" height=\"534\" class=\"alignnone size-full wp-image-421\" srcset=\"https:\/\/agora.xtec.cat\/cfa-montmelo\/wp-content\/uploads\/usu2394\/2023\/05\/g2m1-2.jpg 700w, https:\/\/agora.xtec.cat\/cfa-montmelo\/wp-content\/uploads\/usu2394\/2023\/05\/g2m1-2-300x229.jpg 300w\" sizes=\"auto, (max-width: 700px) 100vw, 700px\" \/><\/a><\/p>\n","protected":false},"excerpt":{"rendered":"<p>El centre de formaci\u00f3 i recursos G2M, \u00e9s un projecte municipal que va n\u00e8ixer amb la voluntat de ser el suport de refer\u00e8ncia per a totes les persones que vulguin satisfer i millorar la seva formaci\u00f3.<br \/>\nG2M ofereix un programa formatiu de qualitat, amb bons recursos&hellip;  <a href=\"https:\/\/agora.xtec.cat\/cfa-montmelo\/el-centre\/instal%c2%b7lacions\/\" title=\"Read La G2M\">Llegeix m\u00e9s\u00bb<\/a><\/p>\n","protected":false},"author":1,"featured_media":0,"parent":261,"menu_order":30,"comment_status":"closed","ping_status":"closed","template":"page-templates\/side-menu.php","meta":{"_bbp_topic_count":0,"_bbp_reply_count":0,"_bbp_total_topic_count":0,"_bbp_total_reply_count":0,"_bbp_voice_count":0,"_bbp_anonymous_reply_count":0,"_bbp_topic_count_hidden":0,"_bbp_reply_count_hidden":0,"_bbp_forum_subforum_count":0,"footnotes":""},"class_list":["post-39","page","type-page","status-publish","hentry"],"post_mailing_queue_ids":[],"_links":{"self":[{"href":"https:\/\/agora.xtec.cat\/cfa-montmelo\/wp-json\/wp\/v2\/pages\/39","targetHints":{"allow":["GET"]}}],"collection":[{"href":"https:\/\/agora.xtec.cat\/cfa-montmelo\/wp-json\/wp\/v2\/pages"}],"about":[{"href":"https:\/\/agora.xtec.cat\/cfa-montmelo\/wp-json\/wp\/v2\/types\/page"}],"author":[{"embeddable":true,"href":"https:\/\/agora.xtec.cat\/cfa-montmelo\/wp-json\/wp\/v2\/users\/1"}],"replies":[{"embeddable":true,"href":"https:\/\/agora.xtec.cat\/cfa-montmelo\/wp-json\/wp\/v2\/comments?post=39"}],"version-history":[{"count":2,"href":"https:\/\/agora.xtec.cat\/cfa-montmelo\/wp-json\/wp\/v2\/pages\/39\/revisions"}],"predecessor-version":[{"id":423,"href":"https:\/\/agora.xtec.cat\/cfa-montmelo\/wp-json\/wp\/v2\/pages\/39\/revisions\/423"}],"up":[{"embeddable":true,"href":"https:\/\/agora.xtec.cat\/cfa-montmelo\/wp-json\/wp\/v2\/pages\/261"}],"wp:attachment":[{"href":"https:\/\/agora.xtec.cat\/cfa-montmelo\/wp-json\/wp\/v2\/media?parent=39"}],"curies":[{"name":"wp","href":"https:\/\/api.w.org\/{rel}","templated":true}]}}