{"id":39,"date":"2014-09-17T16:36:44","date_gmt":"2014-09-17T16:36:44","guid":{"rendered":"http:\/\/agora.xtec.cat\/cfa-montcada\/?page_id=39"},"modified":"2024-11-27T13:42:17","modified_gmt":"2024-11-27T12:42:17","slug":"instal%c2%b7lacions","status":"publish","type":"page","link":"https:\/\/agora.xtec.cat\/cfa-montcada\/el-centre\/instal%c2%b7lacions\/","title":{"rendered":"Instal\u00b7lacions"},"content":{"rendered":"<h5>El centre disposa de les seg\u00fcents instal\u00b7lacions:<\/h5>\n<div style=\"border: 2px solid; box-shadow: 5px 5px 5px #888888; -moz-border radius: 10px; -webkit-border-radius: 10px;\">\r\n\t<div class=\"slideshow_container slideshow_container_style-light\" style=\"height: 400px; \" data-slideshow-id=\"847\" data-style-name=\"style-light\" data-style-version=\"2.3.1\" >\r\n\r\n\t\t\t\t\t<div class=\"slideshow_loading_icon\"><\/div>\r\n\t\t\r\n\t\t<div class=\"slideshow_content\" style=\"display: none;\">\r\n\r\n\t\t\t<div class=\"slideshow_view\">\r\n\t\t\t\t<div class=\"slideshow_slide slideshow_slide_image\">\r\n\t\t\t\t\t\t\t\t\t\t\t<img src=\"https:\/\/agora.xtec.cat\/cfa-montcada\/wp-content\/uploads\/usu887\/2016\/02\/IMG_20160224_183202.jpg\" alt=\"<b>Vest\u00edbul<\/b>\" width=\"1024\" height=\"768\" \/>\r\n\t\t\t\t\t\t\t\t\t\t<div class=\"slideshow_description_box slideshow_transparent\">\r\n\t\t\t\t\t\t<h1 class=\"slideshow_title\"><b>Vest\u00edbul<\/b><\/h1>\t\t\t\t\t\t\t\t\t\t\t<\/div>\r\n\t\t\t\t<\/div>\r\n\r\n\t\t\t\t\t\t<div style=\"clear: both;\"><\/div><\/div><div class=\"slideshow_view\">\r\n\t\t\t\t<div class=\"slideshow_slide slideshow_slide_image\">\r\n\t\t\t\t\t\t\t\t\t\t\t<img src=\"https:\/\/agora.xtec.cat\/cfa-montcada\/wp-content\/uploads\/usu887\/2016\/02\/IMG_20160229_184710.jpg\" alt=\"<b>Aula<\/b>\" width=\"1024\" height=\"768\" \/>\r\n\t\t\t\t\t\t\t\t\t\t<div class=\"slideshow_description_box slideshow_transparent\">\r\n\t\t\t\t\t\t<h1 class=\"slideshow_title\"><b>Aula<\/b><\/h1>\t\t\t\t\t\t\t\t\t\t\t<\/div>\r\n\t\t\t\t<\/div>\r\n\r\n\t\t\t\t\t\t<div style=\"clear: both;\"><\/div><\/div><div class=\"slideshow_view\">\r\n\t\t\t\t<div class=\"slideshow_slide slideshow_slide_image\">\r\n\t\t\t\t\t\t\t\t\t\t\t<img src=\"https:\/\/agora.xtec.cat\/cfa-montcada\/wp-content\/uploads\/usu887\/2016\/02\/IMG_20160224_181709.jpg\" alt=\"<b>Aula d&#039;inform\u00e0tica<\/b>\" width=\"1024\" height=\"768\" \/>\r\n\t\t\t\t\t\t\t\t\t\t<div class=\"slideshow_description_box slideshow_transparent\">\r\n\t\t\t\t\t\t<h1 class=\"slideshow_title\"><b>Aula d&#039;inform\u00e0tica<\/b><\/h1>\t\t\t\t\t\t\t\t\t\t\t<\/div>\r\n\t\t\t\t<\/div>\r\n\r\n\t\t\t\t\t\t<div style=\"clear: both;\"><\/div><\/div><div class=\"slideshow_view\">\r\n\t\t\t\t<div class=\"slideshow_slide slideshow_slide_image\">\r\n\t\t\t\t\t\t\t\t\t\t\t<img src=\"https:\/\/agora.xtec.cat\/cfa-montcada\/wp-content\/uploads\/usu887\/2016\/02\/IMG_20160224_182655.jpg\" alt=\"<b>Aula d&#039;autoformaci\u00f3<\/b>\" width=\"1024\" height=\"768\" \/>\r\n\t\t\t\t\t\t\t\t\t\t<div class=\"slideshow_description_box slideshow_transparent\">\r\n\t\t\t\t\t\t<h1 class=\"slideshow_title\"><b>Aula d&#039;autoformaci\u00f3<\/b><\/h1>\t\t\t\t\t\t\t\t\t\t\t<\/div>\r\n\t\t\t\t<\/div>\r\n\r\n\t\t\t\t\t\t<div style=\"clear: both;\"><\/div><\/div>\r\n\t\t<\/div>\r\n\r\n\t\t<div class=\"slideshow_controlPanel slideshow_transparent\" style=\"display: none;\"><ul><li class=\"slideshow_togglePlay\" data-play-text=\"Reproducir\" data-pause-text=\"Pausa\"><\/li><\/ul><\/div>\r\n\r\n\t\t<div class=\"slideshow_button slideshow_previous slideshow_transparent\" role=\"button\" data-previous-text=\"Anterior\" style=\"display: none;\"><\/div>\r\n\t\t<div class=\"slideshow_button slideshow_next slideshow_transparent\" role=\"button\" data-next-text=\"Siguiente\" style=\"display: none;\"><\/div>\r\n\r\n\t\t<div class=\"slideshow_pagination\" style=\"display: none;\" data-go-to-text=\"Ir a la diapositiva\"><div class=\"slideshow_pagination_center\"><\/div><\/div>\r\n\r\n\t\t<!-- WordPress Slideshow Version 2.3.1 -->\r\n\r\n\t\t\t<\/div>\r\n\r\n<\/div>\n<ul>\n<li>5 aules gen\u00e8riques totes elles equipades amb pissarra digital, projector o panell interactiu, equip inform\u00e0tic i de so.<\/li>\n<li>Una aula d&#8217;inform\u00e0tica amb 21 llocs de treball totalment equipats.<\/li>\n<li>Una aula d&#8217;autoformaci\u00f3\/ biblioteca amb 5 ordinadors a disposici\u00f3 dels alumnes amb connexi\u00f3 a internet i disponibilitat per a imprimir.<\/li>\n<li>Una sala de professors amb equipament inform\u00e0tic i material manipulatiu a m\u00e9s d&#8217;altres recursos pedag\u00f2gics.<\/li>\n<li>Connexi\u00f3 wi-fi a tot el centre.<\/li>\n<\/ul>\n","protected":false},"excerpt":{"rendered":"<p>El centre disposa de les seg\u00fcents instal\u00b7lacions:<\/p>\n<p>\t\t\t\t\t\tVest\u00edbul\t\t\t\t\t\t\t\t\t\t\t<\/p>\n<p>\t\t\t\t\t\tAula\t\t\t\t\t\t\t\t\t\t\t<\/p>\n<p>\t\t\t\t\t\tAula d&#039;inform\u00e0tica\t\t\t\t\t\t\t\t\t\t\t<\/p>\n<p>\t\t\t\t\t\tAula d&#039;autoformaci\u00f3\t\t\t\t\t\t\t\t\t\t\t<\/p>\n<ul>\n<li class=\"slideshow_togglePlay\" data-play-text=\"Reproducir\" data-pause-text=\"Pausa\"><\/li>\n<\/ul>\n<ul>\n<li>5 aules gen\u00e8riques totes elles equipades amb pissarra digital, projector o panell interactiu, equip inform\u00e0tic i de so.<\/li>\n<li>Una aula d&#8217;inform\u00e0tica amb 21 llocs de treball totalment equipats.<\/li>\n<li>Una aula d&#8217;autoformaci\u00f3\/ biblioteca amb 5 ordinadors a&hellip;  <a href=\"https:\/\/agora.xtec.cat\/cfa-montcada\/el-centre\/instal%c2%b7lacions\/\" title=\"Read Instal\u00b7lacions\">Llegeix m\u00e9s\u00bb<\/a><br \/>\n","protected":false},"author":1,"featured_media":0,"parent":261,"menu_order":30,"comment_status":"closed","ping_status":"closed","template":"page-templates\/side-menu.php","meta":{"_bbp_topic_count":0,"_bbp_reply_count":0,"_bbp_total_topic_count":0,"_bbp_total_reply_count":0,"_bbp_voice_count":0,"_bbp_anonymous_reply_count":0,"_bbp_topic_count_hidden":0,"_bbp_reply_count_hidden":0,"_bbp_forum_subforum_count":0,"footnotes":""},"class_list":["post-39","page","type-page","status-publish","hentry"],"post_mailing_queue_ids":[],"_links":{"self":[{"href":"https:\/\/agora.xtec.cat\/cfa-montcada\/wp-json\/wp\/v2\/pages\/39","targetHints":{"allow":["GET"]}}],"collection":[{"href":"https:\/\/agora.xtec.cat\/cfa-montcada\/wp-json\/wp\/v2\/pages"}],"about":[{"href":"https:\/\/agora.xtec.cat\/cfa-montcada\/wp-json\/wp\/v2\/types\/page"}],"author":[{"embeddable":true,"href":"https:\/\/agora.xtec.cat\/cfa-montcada\/wp-json\/wp\/v2\/users\/1"}],"replies":[{"embeddable":true,"href":"https:\/\/agora.xtec.cat\/cfa-montcada\/wp-json\/wp\/v2\/comments?post=39"}],"version-history":[{"count":5,"href":"https:\/\/agora.xtec.cat\/cfa-montcada\/wp-json\/wp\/v2\/pages\/39\/revisions"}],"predecessor-version":[{"id":2778,"href":"https:\/\/agora.xtec.cat\/cfa-montcada\/wp-json\/wp\/v2\/pages\/39\/revisions\/2778"}],"up":[{"embeddable":true,"href":"https:\/\/agora.xtec.cat\/cfa-montcada\/wp-json\/wp\/v2\/pages\/261"}],"wp:attachment":[{"href":"https:\/\/agora.xtec.cat\/cfa-montcada\/wp-json\/wp\/v2\/media?parent=39"}],"curies":[{"name":"wp","href":"https:\/\/api.w.org\/{rel}","templated":true}]}}