{"id":320,"date":"2015-01-28T11:35:13","date_gmt":"2015-01-28T10:35:13","guid":{"rendered":"http:\/\/agora.xtec.cat\/cfa-montcada\/?page_id=320"},"modified":"2025-11-26T12:33:01","modified_gmt":"2025-11-26T11:33:01","slug":"a-cicles-formatius-de-grau-superior","status":"publish","type":"page","link":"https:\/\/agora.xtec.cat\/cfa-montcada\/ensenyaments\/ensenyaments-per-a-la-preparacio-de-proves-dacces\/a-cicles-formatius-de-grau-superior\/","title":{"rendered":"A cicles formatius de grau superior"},"content":{"rendered":"<ul>\n<li style=\"list-style-type: none;\">\n<ul>\n<li><b>Qui ho pot fer:<\/b>\n<ul>\n<li>Cal tenir en compte que per realitzar les proves d&#8217;acc\u00e9s als cicles formatius de grau superior s&#8217;han de tenir m\u00e9s de 19 anys o complir-los l&#8217;any natural en qu\u00e8 es realitza la prova.<br \/>\nTamb\u00e9 la poden fer les persones que tinguin 18 anys o els compleixin durant l&#8217;any natural en qu\u00e8 s&#8217;inicia la formaci\u00f3 i\/o tinguin un t\u00edtol de t\u00e8cnic de la mateixa opci\u00f3 de fam\u00edlies que el cicle formatiu de grau superior a que volen accedir.<\/li>\n<\/ul>\n<\/li>\n<\/ul>\n<\/li>\n<\/ul>\n<hr \/>\n<ul>\n<li style=\"list-style-type: none;\">\n<ul>\n<li><b>Durada:<\/b>\n<ul type=\"circle\">\n<li>Anual fins al maig, abans de la prova.<\/li>\n<\/ul>\n<\/li>\n<\/ul>\n<\/li>\n<\/ul>\n<hr \/>\n<ul>\n<li style=\"list-style-type: none;\">\n<ul>\n<li><b>Organitzaci\u00f3:<\/b>\n<ul type=\"circle\">\n<li>8 hores setmanals.<\/li>\n<\/ul>\n<\/li>\n<\/ul>\n<\/li>\n<\/ul>\n<hr \/>\n<ul>\n<li style=\"list-style-type: none;\">\n<ul>\n<li><b>Modalitat:<\/b>\n<ul type=\"circle\">\n<li>Presencial: Assist\u00e8ncia obligat\u00f2ria, m\u00ednim 80%.<\/li>\n<\/ul>\n<\/li>\n<\/ul>\n<\/li>\n<\/ul>\n<hr \/>\n<ul>\n<li style=\"list-style-type: none;\">\n<ul>\n<li><b>Curr\u00edculum:<\/b>\n<ul>\n<li><strong>Mat\u00e8ries de la part comuna<\/strong>\n<ul>\n<li>Llengua catalana i castellana<\/li>\n<li>Llengua estrangera<\/li>\n<li>Matem\u00e0tiques<\/li>\n<li>Hist\u00f2ria (\u00e9s mat\u00e8ria comuna nom\u00e9s per a les persones que vulguin accedir als ensenyaments art\u00edstics)<\/li>\n<\/ul>\n<\/li>\n<\/ul>\n<\/li>\n<\/ul>\n<\/li>\n<\/ul>\n<p>A l&#8217;escola impartim les mat\u00e8ries comunes: Llengua catalana, Llengua castellana, Llengua anglesa, Matem\u00e0tiques.<\/p>\n<p>Les mat\u00e8ries espec\u00edfiques es cursen a l&#8217;Institut Obert de Catalunya (IOC).<\/p>\n<hr \/>\n<ul>\n<li style=\"list-style-type: none;\">\n<ul>\n<li><b>Recursos:<\/b>\n<ul type=\"circle\">\n<li>Llibres de text<\/li>\n<li>Dossiers<\/li>\n<li>Recursos telem\u00e0tics<\/li>\n<\/ul>\n<\/li>\n<\/ul>\n<\/li>\n<\/ul>\n<hr \/>\n<ul>\n<li style=\"list-style-type: none;\">\n<ul>\n<li><b>Avaluaci\u00f3:<\/b>\n<ul type=\"circle\">\n<li>Avaluaci\u00f3 num\u00e8rica<\/li>\n<\/ul>\n<\/li>\n<\/ul>\n<\/li>\n<\/ul>\n<hr \/>\n<ul>\n<li><b>Promoci\u00f3 d&#8217;un curs i\/o obtenci\u00f3 de certificaci\u00f3<\/b>\n<ul type=\"circle\">\n<li>En aprovar el curs, s&#8217;obt\u00e9 el certificat acreditatiu.<\/li>\n<\/ul>\n<\/li>\n<\/ul>\n","protected":false},"excerpt":{"rendered":"<ul>\n<li style=\"list-style-type: none;\">\n<ul>\n<li>Qui ho pot fer:\n<ul>\n<li>Cal tenir en compte que per realitzar les proves d&#8217;acc\u00e9s als cicles formatius de grau superior s&#8217;han de tenir m\u00e9s de 19 anys o complir-los l&#8217;any natural en qu\u00e8 es realitza la prova.<br \/>\nTamb\u00e9 la poden fer les persones que tinguin&hellip;  <a href=\"https:\/\/agora.xtec.cat\/cfa-montcada\/ensenyaments\/ensenyaments-per-a-la-preparacio-de-proves-dacces\/a-cicles-formatius-de-grau-superior\/\" title=\"Read A cicles formatius de grau superior\">Llegeix m\u00e9s\u00bb<\/a><\/p>\n","protected":false},"author":1,"featured_media":0,"parent":288,"menu_order":0,"comment_status":"closed","ping_status":"closed","template":"page-templates\/side-menu.php","meta":{"_bbp_topic_count":0,"_bbp_reply_count":0,"_bbp_total_topic_count":0,"_bbp_total_reply_count":0,"_bbp_voice_count":0,"_bbp_anonymous_reply_count":0,"_bbp_topic_count_hidden":0,"_bbp_reply_count_hidden":0,"_bbp_forum_subforum_count":0,"footnotes":""},"class_list":["post-320","page","type-page","status-publish","hentry"],"post_mailing_queue_ids":[],"_links":{"self":[{"href":"https:\/\/agora.xtec.cat\/cfa-montcada\/wp-json\/wp\/v2\/pages\/320","targetHints":{"allow":["GET"]}}],"collection":[{"href":"https:\/\/agora.xtec.cat\/cfa-montcada\/wp-json\/wp\/v2\/pages"}],"about":[{"href":"https:\/\/agora.xtec.cat\/cfa-montcada\/wp-json\/wp\/v2\/types\/page"}],"author":[{"embeddable":true,"href":"https:\/\/agora.xtec.cat\/cfa-montcada\/wp-json\/wp\/v2\/users\/1"}],"replies":[{"embeddable":true,"href":"https:\/\/agora.xtec.cat\/cfa-montcada\/wp-json\/wp\/v2\/comments?post=320"}],"version-history":[{"count":7,"href":"https:\/\/agora.xtec.cat\/cfa-montcada\/wp-json\/wp\/v2\/pages\/320\/revisions"}],"predecessor-version":[{"id":3029,"href":"https:\/\/agora.xtec.cat\/cfa-montcada\/wp-json\/wp\/v2\/pages\/320\/revisions\/3029"}],"up":[{"embeddable":true,"href":"https:\/\/agora.xtec.cat\/cfa-montcada\/wp-json\/wp\/v2\/pages\/288"}],"wp:attachment":[{"href":"https:\/\/agora.xtec.cat\/cfa-montcada\/wp-json\/wp\/v2\/media?parent=320"}],"curies":[{"name":"wp","href":"https:\/\/api.w.org\/{rel}","templated":true}]}}