{"id":316,"date":"2015-01-28T11:33:51","date_gmt":"2015-01-28T10:33:51","guid":{"rendered":"http:\/\/agora.xtec.cat\/cfa-montcada\/?page_id=316"},"modified":"2023-10-20T18:10:18","modified_gmt":"2023-10-20T16:10:18","slug":"competencia-digital-competic","status":"publish","type":"page","link":"https:\/\/agora.xtec.cat\/cfa-montcada\/ensenyaments\/ensenyaments-transprofessionals\/competencia-digital-competic\/","title":{"rendered":"COMPETIC \/ ACTIC"},"content":{"rendered":"<ul>\n<li style=\"list-style-type: none;\">\n<ul>\n<li><b>Nivells:<\/b>\n<ul>\n<li type=\"circle\">Competic Inicial<\/li>\n<li type=\"circle\">Competic 1<\/li>\n<li type=\"circle\">Competic 2<\/li>\n<li type=\"circle\">Competic 3<\/li>\n<\/ul>\n<\/li>\n<\/ul>\n<\/li>\n<\/ul>\n<hr \/>\n<ul>\n<li style=\"list-style-type: none;\">\n<ul>\n<li><b>Durada:<\/b>\n<ul type=\"circle\">\n<li>Anual<\/li>\n<\/ul>\n<\/li>\n<\/ul>\n<\/li>\n<\/ul>\n<hr \/>\n<ul>\n<li style=\"list-style-type: none;\">\n<ul>\n<li><b>Organitzaci\u00f3:<\/b>\n<ul type=\"circle\">\n<li style=\"list-style-type: none;\">\n<ul type=\"circle\">\n<li><b>Competic Inicial:<\/b> 3 hores setmanals<\/li>\n<li><b>Competic 1:<\/b> 3 hores setmanals<\/li>\n<li><b>Competic 2:<\/b> 4 hores setmanals<\/li>\n<li><b>Competic 3:<\/b> 3 hores setmanals<\/li>\n<\/ul>\n<\/li>\n<\/ul>\n<p>En tots els casos les classes estan repartides en dos jornades de mat\u00ed o tarda segons els curs.<\/p>\n<\/li>\n<\/ul>\n<\/li>\n<\/ul>\n<hr \/>\n<ul>\n<li style=\"list-style-type: none;\">\n<ul>\n<li><b>Modalitat:<\/b>\n<ul type=\"circle\">\n<li>Presencial: Assist\u00e8ncia obligat\u00f2ria, m\u00ednim 80%.<\/li>\n<li>Semipresencial ( en el cas de COMPETIC 2 i COMPETIC 3)<\/li>\n<\/ul>\n<\/li>\n<\/ul>\n<\/li>\n<\/ul>\n<hr \/>\n<ul>\n<li style=\"list-style-type: none;\">\n<ul>\n<li><b>Curr\u00edculum:<\/b>\n<ul type=\"circle\">\n<li>Es treballen les seg\u00fcents compet\u00e8ncies d&#8217;ACTIC:<\/li>\n<\/ul>\n<\/li>\n<\/ul>\n<\/li>\n<\/ul>\n<table style=\"background-color: #ffffff; border-collapse: collapse; border: 2px solid #000000; color: #000000; box-shadow: 2px 2px 5px #888888; width: 100%;\" border=\"2\" cellspacing=\"5\">\n<tbody>\n<tr bgcolor=\"#D7D7D7\">\n<td>&nbsp;<\/td>\n<td align=\"center\" valign=\"middle\"><b>Competic Inicial<\/b><\/td>\n<td align=\"center\" valign=\"middle\"><b>Competic 1<\/b><\/td>\n<td align=\"center\" valign=\"middle\"><b>Competic 2<\/b><\/td>\n<td align=\"center\" valign=\"middle\"><b>Competic 3<\/b><\/td>\n<\/tr>\n<tr>\n<td bgcolor=\"#D7D7D7\"><b>C1: Cultura, participaci\u00f3 i civisme digital<\/b><\/td>\n<td align=\"center\" valign=\"middle\">\u00a0<\/td>\n<td align=\"center\" valign=\"middle\"><img loading=\"lazy\" decoding=\"async\" src=\"http:\/\/cantabriaenbici.es\/stuff\/tick.png\" width=\"20\" height=\"15\" \/><\/td>\n<td align=\"center\" valign=\"middle\"><img loading=\"lazy\" decoding=\"async\" src=\"http:\/\/cantabriaenbici.es\/stuff\/tick.png\" width=\"20\" height=\"15\" \/><\/td>\n<td align=\"center\" valign=\"middle\">\u00a0<\/td>\n<\/tr>\n<tr>\n<td bgcolor=\"#D7D7D7\"><b>C2: Tecnologia Digital, \u00fas de l&#8217;ordinador i el Sistema Operatiu<\/b><\/td>\n<td align=\"center\" valign=\"middle\"><img loading=\"lazy\" decoding=\"async\" src=\"http:\/\/cantabriaenbici.es\/stuff\/tick.png\" width=\"20\" height=\"15\" \/><\/td>\n<td align=\"center\" valign=\"middle\">\u00a0<\/td>\n<td align=\"center\" valign=\"middle\"><img loading=\"lazy\" decoding=\"async\" src=\"http:\/\/cantabriaenbici.es\/stuff\/tick.png\" width=\"20\" height=\"15\" \/><\/td>\n<td align=\"center\" valign=\"middle\">\u00a0<\/td>\n<\/tr>\n<tr>\n<td bgcolor=\"#D7D7D7\"><b>C3: Navegaci\u00f3 i comunicaci\u00f3 en el m\u00f3n digital<\/b><\/td>\n<td align=\"center\" valign=\"middle\"><img loading=\"lazy\" decoding=\"async\" src=\"http:\/\/cantabriaenbici.es\/stuff\/tick.png\" width=\"20\" height=\"15\" \/><\/td>\n<td align=\"center\" valign=\"middle\">\u00a0<\/td>\n<td align=\"center\" valign=\"middle\"><img loading=\"lazy\" decoding=\"async\" src=\"http:\/\/cantabriaenbici.es\/stuff\/tick.png\" width=\"20\" height=\"15\" \/><\/td>\n<td align=\"center\" valign=\"middle\">\u00a0<\/td>\n<\/tr>\n<tr>\n<td bgcolor=\"#D7D7D7\"><b>C4: Tractament de la informaci\u00f3 escrita<\/b><\/td>\n<td align=\"center\" valign=\"middle\"><img loading=\"lazy\" decoding=\"async\" src=\"http:\/\/cantabriaenbici.es\/stuff\/tick.png\" width=\"20\" height=\"15\" \/><\/td>\n<td align=\"center\" valign=\"middle\">\u00a0<\/td>\n<td align=\"center\" valign=\"middle\"><img loading=\"lazy\" decoding=\"async\" src=\"http:\/\/cantabriaenbici.es\/stuff\/tick.png\" width=\"20\" height=\"15\" \/><\/td>\n<td align=\"center\" valign=\"middle\"><img loading=\"lazy\" decoding=\"async\" src=\"http:\/\/cantabriaenbici.es\/stuff\/tick.png\" width=\"20\" height=\"15\" \/><\/td>\n<\/tr>\n<tr>\n<td bgcolor=\"#D7D7D7\"><b>C5: Tractament de la informaci\u00f3 gr\u00e0fica, sonora i de la imatge en moviment<\/b><\/td>\n<td align=\"center\" valign=\"middle\">\u00a0<\/td>\n<td align=\"center\" valign=\"middle\"><img loading=\"lazy\" decoding=\"async\" src=\"http:\/\/cantabriaenbici.es\/stuff\/tick.png\" width=\"20\" height=\"15\" \/><\/td>\n<td align=\"center\" valign=\"middle\"><img loading=\"lazy\" decoding=\"async\" src=\"http:\/\/cantabriaenbici.es\/stuff\/tick.png\" width=\"20\" height=\"15\" \/><\/td>\n<td align=\"center\" valign=\"middle\"><img loading=\"lazy\" decoding=\"async\" src=\"http:\/\/cantabriaenbici.es\/stuff\/tick.png\" width=\"20\" height=\"15\" \/><\/td>\n<\/tr>\n<tr>\n<td bgcolor=\"#D7D7D7\"><b>C6: Tractament de la informaci\u00f3 num\u00e8rica<\/b><\/td>\n<td align=\"center\" valign=\"middle\">\u00a0<\/td>\n<td align=\"center\" valign=\"middle\"><img loading=\"lazy\" decoding=\"async\" src=\"http:\/\/cantabriaenbici.es\/stuff\/tick.png\" width=\"20\" height=\"15\" \/><\/td>\n<td align=\"center\" valign=\"middle\"><img loading=\"lazy\" decoding=\"async\" src=\"http:\/\/cantabriaenbici.es\/stuff\/tick.png\" width=\"20\" height=\"15\" \/><\/td>\n<td align=\"center\" valign=\"middle\"><img loading=\"lazy\" decoding=\"async\" src=\"http:\/\/cantabriaenbici.es\/stuff\/tick.png\" width=\"20\" height=\"15\" \/><\/td>\n<\/tr>\n<tr>\n<td bgcolor=\"#D7D7D7\"><b>C7: Tractament de les dades<\/b><\/td>\n<td align=\"center\" valign=\"middle\">\u00a0<\/td>\n<td align=\"center\" valign=\"middle\">\u00a0<\/td>\n<td align=\"center\" valign=\"middle\"><img loading=\"lazy\" decoding=\"async\" src=\"http:\/\/cantabriaenbici.es\/stuff\/tick.png\" width=\"20\" height=\"15\" \/><\/td>\n<td align=\"center\" valign=\"middle\"><img loading=\"lazy\" decoding=\"async\" src=\"http:\/\/cantabriaenbici.es\/stuff\/tick.png\" width=\"20\" height=\"15\" \/><\/td>\n<\/tr>\n<tr>\n<td bgcolor=\"#D7D7D7\"><b>C8: Presentaci\u00f3 de contingut<\/b><\/td>\n<td align=\"center\" valign=\"middle\">\u00a0<\/td>\n<td align=\"center\" valign=\"middle\">\u00a0<\/td>\n<td align=\"center\" valign=\"middle\"><img loading=\"lazy\" decoding=\"async\" src=\"http:\/\/cantabriaenbici.es\/stuff\/tick.png\" width=\"20\" height=\"15\" \/><\/td>\n<td align=\"center\" valign=\"middle\"><img loading=\"lazy\" decoding=\"async\" src=\"http:\/\/cantabriaenbici.es\/stuff\/tick.png\" width=\"20\" height=\"15\" \/><\/td>\n<\/tr>\n<\/tbody>\n<\/table>\n<hr \/>\n<ul>\n<li style=\"list-style-type: none;\">\n<ul>\n<li><b>Recursos:<\/b>\n<ul type=\"circle\">\n<li>Recursos telem\u00e0tics<\/li>\n<li>Documentaci\u00f3<\/li>\n<\/ul>\n<\/li>\n<\/ul>\n<\/li>\n<\/ul>\n<hr \/>\n<ul>\n<li style=\"list-style-type: none;\">\n<ul>\n<li><b>Avaluaci\u00f3:<\/b>\n<ul type=\"circle\">\n<li>Apte \/ No Apte<\/li>\n<\/ul>\n<\/li>\n<\/ul>\n<\/li>\n<\/ul>\n<hr \/>\n<ul>\n<li><b>Promoci\u00f3 d&#8217;un curs i\/o obtenci\u00f3 de certificaci\u00f3<\/b>\n<ul type=\"circle\">\n<li>En obtenir la qualificaci\u00f3 d&#8217;apte, permet promocionar al nivell seg\u00fcent.<\/li>\n<li>Acreditaci\u00f3 del curs mitjan\u00e7ant <b>CERTIFICAT COMPETIC \/ ACTIC.<\/b>.<\/li>\n<\/ul>\n<\/li>\n<\/ul>\n","protected":false},"excerpt":{"rendered":"<ul>\n<li style=\"list-style-type: none;\">\n<ul>\n<li>Nivells:\n<ul>\n<li type=\"circle\">Competic Inicial<\/li>\n<li type=\"circle\">Competic 1<\/li>\n<li type=\"circle\">Competic 2<\/li>\n<li type=\"circle\">Competic 3<\/li>\n<\/ul>\n<\/li>\n<\/ul>\n<\/li>\n<\/ul>\n<ul>\n<li style=\"list-style-type: none;\">\n<ul>\n<li>Durada:\n<ul type=\"circle\">\n<li>Anual<\/li>\n<\/ul>\n<\/li>\n<\/ul>\n<\/li>\n<\/ul>\n<ul>\n<li style=\"list-style-type: none;\">\n<ul>\n<li>Organitzaci\u00f3:\n<ul type=\"circle\">\n<li style=\"list-style-type: none;\">\n<ul type=\"circle\">\n<li>Competic Inicial: 3 hores setmanals<\/li>\n<li>Competic 1: 3 hores setmanals<\/li>\n<li>Competic 2: 4 hores setmanals<\/li>\n<li>Competic 3: 3 hores setmanals<\/li>\n<\/ul>\n<\/li>\n<\/ul>\n<p>En tots els casos les classes estan repartides en dos&hellip;  <a href=\"https:\/\/agora.xtec.cat\/cfa-montcada\/ensenyaments\/ensenyaments-transprofessionals\/competencia-digital-competic\/\" title=\"Read COMPETIC \/ ACTIC\">Llegeix m\u00e9s\u00bb<\/a><\/p>\n","protected":false},"author":1,"featured_media":0,"parent":286,"menu_order":0,"comment_status":"closed","ping_status":"closed","template":"page-templates\/side-menu.php","meta":{"_bbp_topic_count":0,"_bbp_reply_count":0,"_bbp_total_topic_count":0,"_bbp_total_reply_count":0,"_bbp_voice_count":0,"_bbp_anonymous_reply_count":0,"_bbp_topic_count_hidden":0,"_bbp_reply_count_hidden":0,"_bbp_forum_subforum_count":0,"footnotes":""},"class_list":["post-316","page","type-page","status-publish","hentry"],"post_mailing_queue_ids":[],"_links":{"self":[{"href":"https:\/\/agora.xtec.cat\/cfa-montcada\/wp-json\/wp\/v2\/pages\/316","targetHints":{"allow":["GET"]}}],"collection":[{"href":"https:\/\/agora.xtec.cat\/cfa-montcada\/wp-json\/wp\/v2\/pages"}],"about":[{"href":"https:\/\/agora.xtec.cat\/cfa-montcada\/wp-json\/wp\/v2\/types\/page"}],"author":[{"embeddable":true,"href":"https:\/\/agora.xtec.cat\/cfa-montcada\/wp-json\/wp\/v2\/users\/1"}],"replies":[{"embeddable":true,"href":"https:\/\/agora.xtec.cat\/cfa-montcada\/wp-json\/wp\/v2\/comments?post=316"}],"version-history":[{"count":5,"href":"https:\/\/agora.xtec.cat\/cfa-montcada\/wp-json\/wp\/v2\/pages\/316\/revisions"}],"predecessor-version":[{"id":2387,"href":"https:\/\/agora.xtec.cat\/cfa-montcada\/wp-json\/wp\/v2\/pages\/316\/revisions\/2387"}],"up":[{"embeddable":true,"href":"https:\/\/agora.xtec.cat\/cfa-montcada\/wp-json\/wp\/v2\/pages\/286"}],"wp:attachment":[{"href":"https:\/\/agora.xtec.cat\/cfa-montcada\/wp-json\/wp\/v2\/media?parent=316"}],"curies":[{"name":"wp","href":"https:\/\/api.w.org\/{rel}","templated":true}]}}