{"id":312,"date":"2015-01-28T11:32:38","date_gmt":"2015-01-28T10:32:38","guid":{"rendered":"http:\/\/agora.xtec.cat\/cfa-montcada\/?page_id=312"},"modified":"2019-10-31T21:15:44","modified_gmt":"2019-10-31T20:15:44","slug":"llengua-anglesa","status":"publish","type":"page","link":"https:\/\/agora.xtec.cat\/cfa-montcada\/ensenyaments\/ensenyaments-transprofessionals\/llengua-anglesa\/","title":{"rendered":"Llengua anglesa"},"content":{"rendered":"<ul>\n<li style=\"list-style-type: none;\">\n<ul>\n<li><b>Nivells:<\/b>\n<ul type=\"circle\">\n<li>Nivell 1<\/li>\n<li>Nivell 2<\/li>\n<li>Nivell 3<\/li>\n<\/ul>\n<\/li>\n<\/ul>\n<\/li>\n<\/ul>\n<hr \/>\n<ul>\n<li style=\"list-style-type: none;\">\n<ul>\n<li><b>Durada:<\/b>\n<ul type=\"circle\">\n<li>Anual<\/li>\n<\/ul>\n<\/li>\n<\/ul>\n<\/li>\n<\/ul>\n<hr \/>\n<ul>\n<li style=\"list-style-type: none;\">\n<ul>\n<li><b>Organitzaci\u00f3:<\/b>\n<ul type=\"circle\">\n<li>3 hores al nivell 1\u00a0 i 4h als nivells 2 i 3.<\/li>\n<\/ul>\n<\/li>\n<\/ul>\n<\/li>\n<\/ul>\n<hr \/>\n<ul>\n<li style=\"list-style-type: none;\">\n<ul>\n<li><b>Modalitat:<\/b>\n<ul type=\"circle\">\n<li>Presencial: Assist\u00e8ncia obligat\u00f2ria, m\u00ednim 80%.<\/li>\n<\/ul>\n<\/li>\n<\/ul>\n<\/li>\n<\/ul>\n<hr \/>\n<ul>\n<li style=\"list-style-type: none;\">\n<ul>\n<li><b>Curr\u00edculum:<\/b>\n<ul type=\"circle\">\n<li>Aquest estudis tenen com objectiu assolir un grau de compet\u00e8ncia b\u00e0sica per a comunicar-se en llengua anglesa. Els nivells 1,2 i 3 corresponen als nivells A1, A2.1 i A2.2 del MECR (Marc Europeu Com\u00fa de Refer\u00e8ncia per a les Lleng\u00fces).<br \/>\nEn els tres nivells es treballen les habilitats de comprensi\u00f3 i expressi\u00f3 orals i escrites que permeten comunicar-se de forma b\u00e0sica en situacions de la vida quotidiana.<\/li>\n<\/ul>\n<\/li>\n<\/ul>\n<\/li>\n<\/ul>\n<hr \/>\n<ul>\n<li style=\"list-style-type: none;\">\n<ul>\n<li><b>Recursos:<\/b>\n<ul type=\"circle\">\n<li>Llibres de text<\/li>\n<li>Recursos telem\u00e0tics<\/li>\n<\/ul>\n<\/li>\n<\/ul>\n<\/li>\n<\/ul>\n<hr \/>\n<ul>\n<li style=\"list-style-type: none;\">\n<ul>\n<li><b>Avaluaci\u00f3:<\/b>\n<ul type=\"circle\">\n<li>Apte \/ No Apte<\/li>\n<\/ul>\n<\/li>\n<\/ul>\n<\/li>\n<\/ul>\n<hr \/>\n<ul>\n<li><b>Promoci\u00f3 d&#8217;un curs i\/o obtenci\u00f3 de certificaci\u00f3<\/b>\n<ul type=\"circle\">\n<li>En obtenir la qualificaci\u00f3 d&#8217;apte, permet promocionar al seg\u00fcent.<\/li>\n<li>Acreditaci\u00f3 del curs mitjan\u00e7ant <b>CERTIFICAT<\/b>.<\/li>\n<\/ul>\n<\/li>\n<\/ul>\n","protected":false},"excerpt":{"rendered":"<ul>\n<li style=\"list-style-type: none;\">\n<ul>\n<li>Nivells:\n<ul type=\"circle\">\n<li>Nivell 1<\/li>\n<li>Nivell 2<\/li>\n<li>Nivell 3<\/li>\n<\/ul>\n<\/li>\n<\/ul>\n<\/li>\n<\/ul>\n<ul>\n<li style=\"list-style-type: none;\">\n<ul>\n<li>Durada:\n<ul type=\"circle\">\n<li>Anual<\/li>\n<\/ul>\n<\/li>\n<\/ul>\n<\/li>\n<\/ul>\n<ul>\n<li style=\"list-style-type: none;\">\n<ul>\n<li>Organitzaci\u00f3:\n<ul type=\"circle\">\n<li>3 hores al nivell 1\u00a0 i 4h als nivells 2 i 3.<\/li>\n<\/ul>\n<\/li>\n<\/ul>\n<\/li>\n<\/ul>\n<ul>\n<li style=\"list-style-type: none;\">\n<ul>\n<li>Modalitat:\n<ul type=\"circle\">\n<li>Presencial: Assist\u00e8ncia obligat\u00f2ria, m\u00ednim 80%.<\/li>\n<\/ul>\n<\/li>\n<\/ul>\n<\/li>\n<\/ul>\n<ul>\n<li style=\"list-style-type: none;\">\n<ul>\n<li>Curr\u00edculum:\n<ul type=\"circle\">\n<li>Aquest estudis tenen com objectiu assolir un grau de compet\u00e8ncia b\u00e0sica per&hellip;  <a href=\"https:\/\/agora.xtec.cat\/cfa-montcada\/ensenyaments\/ensenyaments-transprofessionals\/llengua-anglesa\/\" title=\"Read Llengua anglesa\">Llegeix m\u00e9s\u00bb<\/a><br \/>\n","protected":false},"author":1,"featured_media":0,"parent":286,"menu_order":0,"comment_status":"closed","ping_status":"closed","template":"page-templates\/side-menu.php","meta":{"_bbp_topic_count":0,"_bbp_reply_count":0,"_bbp_total_topic_count":0,"_bbp_total_reply_count":0,"_bbp_voice_count":0,"_bbp_anonymous_reply_count":0,"_bbp_topic_count_hidden":0,"_bbp_reply_count_hidden":0,"_bbp_forum_subforum_count":0,"footnotes":""},"class_list":["post-312","page","type-page","status-publish","hentry"],"post_mailing_queue_ids":[],"_links":{"self":[{"href":"https:\/\/agora.xtec.cat\/cfa-montcada\/wp-json\/wp\/v2\/pages\/312","targetHints":{"allow":["GET"]}}],"collection":[{"href":"https:\/\/agora.xtec.cat\/cfa-montcada\/wp-json\/wp\/v2\/pages"}],"about":[{"href":"https:\/\/agora.xtec.cat\/cfa-montcada\/wp-json\/wp\/v2\/types\/page"}],"author":[{"embeddable":true,"href":"https:\/\/agora.xtec.cat\/cfa-montcada\/wp-json\/wp\/v2\/users\/1"}],"replies":[{"embeddable":true,"href":"https:\/\/agora.xtec.cat\/cfa-montcada\/wp-json\/wp\/v2\/comments?post=312"}],"version-history":[{"count":4,"href":"https:\/\/agora.xtec.cat\/cfa-montcada\/wp-json\/wp\/v2\/pages\/312\/revisions"}],"predecessor-version":[{"id":1571,"href":"https:\/\/agora.xtec.cat\/cfa-montcada\/wp-json\/wp\/v2\/pages\/312\/revisions\/1571"}],"up":[{"embeddable":true,"href":"https:\/\/agora.xtec.cat\/cfa-montcada\/wp-json\/wp\/v2\/pages\/286"}],"wp:attachment":[{"href":"https:\/\/agora.xtec.cat\/cfa-montcada\/wp-json\/wp\/v2\/media?parent=312"}],"curies":[{"name":"wp","href":"https:\/\/api.w.org\/{rel}","templated":true}]}}