{"id":301,"date":"2015-01-28T11:21:46","date_gmt":"2015-01-28T10:21:46","guid":{"rendered":"http:\/\/agora.xtec.cat\/cfa-montcada\/?page_id=301"},"modified":"2025-11-26T12:28:44","modified_gmt":"2025-11-26T11:28:44","slug":"formacio-instrumental","status":"publish","type":"page","link":"https:\/\/agora.xtec.cat\/cfa-montcada\/ensenyaments\/ensenyaments-inicials-i-formacio-basica\/formacio-instrumental\/","title":{"rendered":"Formaci\u00f3 instrumental"},"content":{"rendered":"<ul>\n<li style=\"list-style-type: none;\">\n<ul>\n<li><b>Nivells:<\/b>\n<ul type=\"circle\">\n<li>Nivell I<\/li>\n<li>Nivell II<\/li>\n<\/ul>\n<\/li>\n<\/ul>\n<\/li>\n<\/ul>\n<hr \/>\n<ul>\n<li style=\"list-style-type: none;\">\n<ul>\n<li><b>Durada:<\/b>\n<ul type=\"circle\">\n<li><b>Nivell I:<\/b> Anual<\/li>\n<li><b>Nivell II:<\/b> Anual<\/li>\n<\/ul>\n<\/li>\n<\/ul>\n<\/li>\n<\/ul>\n<hr \/>\n<ul>\n<li style=\"list-style-type: none;\">\n<ul>\n<li><b>Organitzaci\u00f3:<\/b>\n<ul type=\"circle\">\n<li><b>Nivell I:<\/b> 4 setmanals<\/li>\n<li><b>Nivell II:<\/b> 3 setmanals<\/li>\n<\/ul>\n<\/li>\n<\/ul>\n<\/li>\n<\/ul>\n<hr \/>\n<ul>\n<li style=\"list-style-type: none;\">\n<ul>\n<li><b>Modalitat:<\/b>\n<ul type=\"circle\">\n<li>Presencial: Assist\u00e8ncia obligat\u00f2ria, m\u00ednim 80%.<\/li>\n<\/ul>\n<\/li>\n<\/ul>\n<\/li>\n<\/ul>\n<hr \/>\n<ul>\n<li style=\"list-style-type: none;\">\n<ul>\n<li><b>Curr\u00edculum:<\/b><br \/>\n<b> Cada nivell inclou 3 \u00e0rees de coneixement: \u00c0rea de Llengua, \u00c0rea de Matem\u00e0tiques i \u00c0rea de Ci\u00e8ncies Socials i Naturals i 2 compet\u00e8ncies transversals.<\/b><\/p>\n<ul type=\"circle\">\n<li><b>Nivell I:<\/b> En aquest nivell l&#8217;aprenentatge es centra en l&#8217;adquisici\u00f3 dels mecanismes fonamentals de lectura, escriptura i c\u00e0lcul, a m\u00e9s de nocions elementals sobre l&#8217;entorn social i natural.<\/li>\n<li><b>Nivell II:<\/b> L&#8217;objectiu central \u00e9s consolidar els mecanismes assolits en el nivell I i adquirir els elements essencials dels coneixements que expliquen l&#8217;entorn.<\/li>\n<li><b>Nivell IV:<\/b> En aquest curs s&#8217;amplien els coneixements anteriors fins a assolir els objectius generals del cicle.<\/li>\n<\/ul>\n<\/li>\n<\/ul>\n<\/li>\n<\/ul>\n<hr \/>\n<ul>\n<li style=\"list-style-type: none;\">\n<ul>\n<li><b>Recursos:<\/b>\n<ul type=\"circle\">\n<li>Llibres de text, dossiers, materials varis<\/li>\n<li>Recursos telem\u00e0tics<\/li>\n<\/ul>\n<\/li>\n<\/ul>\n<\/li>\n<\/ul>\n<hr \/>\n<ul>\n<li style=\"list-style-type: none;\">\n<ul>\n<li><b>Avaluaci\u00f3:<\/b>\n<ul type=\"circle\">\n<li>Apte \/ No Apte<\/li>\n<\/ul>\n<\/li>\n<\/ul>\n<\/li>\n<\/ul>\n<hr \/>\n<ul>\n<li><b>Promoci\u00f3 d&#8217;un curs i\/o obtenci\u00f3 de certificaci\u00f3<\/b>\n<ul type=\"circle\">\n<li>En obtenir la qualificaci\u00f3 d&#8217;apte, permet promocionar al nivell superior. Si s&#8217;ha acreditat el nivell IV permet accedir al primer curs de GES.<\/li>\n<li>Acreditaci\u00f3 del curs mitjan\u00e7ant <b>CERTIFICAT de FORMACI\u00d3 INSTRUMENTAL<\/b><\/li>\n<li>Un cop finalitzat el curs d&#8217;instrumental:<\/li>\n<\/ul>\n<\/li>\n<\/ul>\n<div>\n<p>\u00a0L&#8217;alumnat que supera el<strong> primer cicle<\/strong> de formaci\u00f3 instrumental assoleix un nivell de les dues lleng\u00fces oficials equivalent al nivell A1 del MECR i pot obtenir la corresponent equival\u00e8ncia de conformitat amb el r\u00e8gim de certificaci\u00f3 de coneixements en la mat\u00e8ria.<\/p>\n<\/div>\n<div>\n<p>\u00a0L&#8217;alumnat que supera el <strong>segon cicle<\/strong> de formaci\u00f3 instrumental assoleix un nivell de les dues lleng\u00fces oficials equivalent al nivell A2 del MECR i pot obtenir la corresponent equival\u00e8ncia de conformitat amb el r\u00e8gim de certificaci\u00f3 de coneixements en la mat\u00e8ria.<\/p>\n<p>.L&#8217;alumnat que superi el segon cicle de formaci\u00f3 instrumental obtindr\u00e0 l&#8217;equival\u00e8ncia amb el certificat de compet\u00e8ncia digital de l&#8217;educaci\u00f3 d&#8217;adults del nivell COMPETIC inicial o l&#8217;equivalent segons la normativa legal vigent.<\/p>\n<\/div>\n","protected":false},"excerpt":{"rendered":"<ul>\n<li style=\"list-style-type: none;\">\n<ul>\n<li>Nivells:\n<ul type=\"circle\">\n<li>Nivell I<\/li>\n<li>Nivell II<\/li>\n<\/ul>\n<\/li>\n<\/ul>\n<\/li>\n<\/ul>\n<ul>\n<li style=\"list-style-type: none;\">\n<ul>\n<li>Durada:\n<ul type=\"circle\">\n<li>Nivell I: Anual<\/li>\n<li>Nivell II: Anual<\/li>\n<\/ul>\n<\/li>\n<\/ul>\n<\/li>\n<\/ul>\n<ul>\n<li style=\"list-style-type: none;\">\n<ul>\n<li>Organitzaci\u00f3:\n<ul type=\"circle\">\n<li>Nivell I: 4 setmanals<\/li>\n<li>Nivell II: 3 setmanals<\/li>\n<\/ul>\n<\/li>\n<\/ul>\n<\/li>\n<\/ul>\n<ul>\n<li style=\"list-style-type: none;\">\n<ul>\n<li>Modalitat:\n<ul type=\"circle\">\n<li>Presencial: Assist\u00e8ncia obligat\u00f2ria, m\u00ednim 80%.<\/li>\n<\/ul>\n<\/li>\n<\/ul>\n<\/li>\n<\/ul>\n<ul>\n<li style=\"list-style-type: none;\">\n<ul>\n<li>Curr\u00edculum:<br \/>\n Cada nivell inclou 3 \u00e0rees de coneixement: \u00c0rea de Llengua, \u00c0rea de Matem\u00e0tiques i&hellip;  <a href=\"https:\/\/agora.xtec.cat\/cfa-montcada\/ensenyaments\/ensenyaments-inicials-i-formacio-basica\/formacio-instrumental\/\" title=\"Read Formaci\u00f3 instrumental\">Llegeix m\u00e9s\u00bb<\/a><\/p>\n","protected":false},"author":1,"featured_media":0,"parent":283,"menu_order":0,"comment_status":"closed","ping_status":"closed","template":"page-templates\/side-menu.php","meta":{"_bbp_topic_count":0,"_bbp_reply_count":0,"_bbp_total_topic_count":0,"_bbp_total_reply_count":0,"_bbp_voice_count":0,"_bbp_anonymous_reply_count":0,"_bbp_topic_count_hidden":0,"_bbp_reply_count_hidden":0,"_bbp_forum_subforum_count":0,"footnotes":""},"class_list":["post-301","page","type-page","status-publish","hentry"],"post_mailing_queue_ids":[],"_links":{"self":[{"href":"https:\/\/agora.xtec.cat\/cfa-montcada\/wp-json\/wp\/v2\/pages\/301","targetHints":{"allow":["GET"]}}],"collection":[{"href":"https:\/\/agora.xtec.cat\/cfa-montcada\/wp-json\/wp\/v2\/pages"}],"about":[{"href":"https:\/\/agora.xtec.cat\/cfa-montcada\/wp-json\/wp\/v2\/types\/page"}],"author":[{"embeddable":true,"href":"https:\/\/agora.xtec.cat\/cfa-montcada\/wp-json\/wp\/v2\/users\/1"}],"replies":[{"embeddable":true,"href":"https:\/\/agora.xtec.cat\/cfa-montcada\/wp-json\/wp\/v2\/comments?post=301"}],"version-history":[{"count":6,"href":"https:\/\/agora.xtec.cat\/cfa-montcada\/wp-json\/wp\/v2\/pages\/301\/revisions"}],"predecessor-version":[{"id":3028,"href":"https:\/\/agora.xtec.cat\/cfa-montcada\/wp-json\/wp\/v2\/pages\/301\/revisions\/3028"}],"up":[{"embeddable":true,"href":"https:\/\/agora.xtec.cat\/cfa-montcada\/wp-json\/wp\/v2\/pages\/283"}],"wp:attachment":[{"href":"https:\/\/agora.xtec.cat\/cfa-montcada\/wp-json\/wp\/v2\/media?parent=301"}],"curies":[{"name":"wp","href":"https:\/\/api.w.org\/{rel}","templated":true}]}}