{"id":296,"date":"2015-01-28T11:18:08","date_gmt":"2015-01-28T10:18:08","guid":{"rendered":"http:\/\/agora.xtec.cat\/cfa-montcada\/?page_id=296"},"modified":"2023-10-20T18:03:29","modified_gmt":"2023-10-20T16:03:29","slug":"llengua-catalana","status":"publish","type":"page","link":"https:\/\/agora.xtec.cat\/cfa-montcada\/ensenyaments\/ensenyaments-inicials-i-formacio-basica\/llengua-catalana\/","title":{"rendered":"Llengua catalana"},"content":{"rendered":"<ul>\n<li style=\"list-style-type: none;\">\n<ul>\n<li><b>Nivells:<\/b>\n<ul type=\"circle\">\n<li>Nivell 1<\/li>\n<\/ul>\n<\/li>\n<\/ul>\n<\/li>\n<\/ul>\n<hr \/>\n<ul>\n<li style=\"list-style-type: none;\">\n<ul>\n<li><b>Durada:<\/b>\n<ul type=\"circle\">\n<li>Anual<\/li>\n<\/ul>\n<\/li>\n<\/ul>\n<\/li>\n<\/ul>\n<hr \/>\n<ul>\n<li style=\"list-style-type: none;\">\n<ul>\n<li><b>Organitzaci\u00f3:<\/b>\n<ul type=\"circle\">\n<li>3 hores a la setmana, distribu\u00efdes en 2 dies.<\/li>\n<\/ul>\n<\/li>\n<\/ul>\n<\/li>\n<\/ul>\n<hr \/>\n<ul>\n<li style=\"list-style-type: none;\">\n<ul>\n<li><b>Modalitat:<\/b>\n<ul type=\"circle\">\n<li>Presencial: Assist\u00e8ncia obligat\u00f2ria, m\u00ednim 80%.<\/li>\n<\/ul>\n<\/li>\n<\/ul>\n<\/li>\n<\/ul>\n<hr \/>\n<ul>\n<li style=\"list-style-type: none;\">\n<ul>\n<li><b>Curr\u00edculum:<\/b>\n<ul type=\"circle\">\n<li>Aquest curs es b\u00e0sicament d&#8217;acolliment ling\u00fc\u00edstic. L&#8217;aprenentatge es basa en l&#8217;adquisici\u00f3 d&#8217;un vocabulari i unes eines elementals per tal de donar resposta a les necessitats mes b\u00e0siques de comunicaci\u00f3 relacionades amb la vida quotidiana i l&#8217;\u00e0mbit professional.<\/li>\n<\/ul>\n<\/li>\n<\/ul>\n<\/li>\n<\/ul>\n<hr \/>\n<ul>\n<li style=\"list-style-type: none;\">\n<ul>\n<li><b>Recursos:<\/b>\n<ul type=\"circle\">\n<li>Llibres de text, materials varis, altres materials manipulatius<\/li>\n<li>Recursos telem\u00e0tics<\/li>\n<\/ul>\n<\/li>\n<\/ul>\n<\/li>\n<\/ul>\n<hr \/>\n<ul>\n<li style=\"list-style-type: none;\">\n<ul>\n<li><b>Avaluaci\u00f3:<\/b>\n<ul type=\"circle\">\n<li>Apte \/ No Apte<\/li>\n<\/ul>\n<\/li>\n<\/ul>\n<\/li>\n<\/ul>\n<hr \/>\n<ul>\n<li><b>Obtenci\u00f3 de certificaci\u00f3<\/b>\n<ul type=\"circle\">\n<li>Acreditaci\u00f3 del curs mitjan\u00e7ant <b>CERTIFICAT<\/b>.<\/li>\n<\/ul>\n<\/li>\n<\/ul>\n","protected":false},"excerpt":{"rendered":"<ul>\n<li style=\"list-style-type: none;\">\n<ul>\n<li>Nivells:\n<ul type=\"circle\">\n<li>Nivell 1<\/li>\n<\/ul>\n<\/li>\n<\/ul>\n<\/li>\n<\/ul>\n<ul>\n<li style=\"list-style-type: none;\">\n<ul>\n<li>Durada:\n<ul type=\"circle\">\n<li>Anual<\/li>\n<\/ul>\n<\/li>\n<\/ul>\n<\/li>\n<\/ul>\n<ul>\n<li style=\"list-style-type: none;\">\n<ul>\n<li>Organitzaci\u00f3:\n<ul type=\"circle\">\n<li>3 hores a la setmana, distribu\u00efdes en 2 dies.<\/li>\n<\/ul>\n<\/li>\n<\/ul>\n<\/li>\n<\/ul>\n<ul>\n<li style=\"list-style-type: none;\">\n<ul>\n<li>Modalitat:\n<ul type=\"circle\">\n<li>Presencial: Assist\u00e8ncia obligat\u00f2ria, m\u00ednim 80%.<\/li>\n<\/ul>\n<\/li>\n<\/ul>\n<\/li>\n<\/ul>\n<ul>\n<li style=\"list-style-type: none;\">\n<ul>\n<li>Curr\u00edculum:\n<ul type=\"circle\">\n<li>Aquest curs es b\u00e0sicament d&#8217;acolliment ling\u00fc\u00edstic. L&#8217;aprenentatge es basa en l&#8217;adquisici\u00f3 d&#8217;un vocabulari i unes eines elementals&hellip;  <a href=\"https:\/\/agora.xtec.cat\/cfa-montcada\/ensenyaments\/ensenyaments-inicials-i-formacio-basica\/llengua-catalana\/\" title=\"Read Llengua catalana\">Llegeix m\u00e9s\u00bb<\/a><br \/>\n","protected":false},"author":1,"featured_media":0,"parent":283,"menu_order":0,"comment_status":"closed","ping_status":"closed","template":"page-templates\/side-menu.php","meta":{"_bbp_topic_count":0,"_bbp_reply_count":0,"_bbp_total_topic_count":0,"_bbp_total_reply_count":0,"_bbp_voice_count":0,"_bbp_anonymous_reply_count":0,"_bbp_topic_count_hidden":0,"_bbp_reply_count_hidden":0,"_bbp_forum_subforum_count":0,"footnotes":""},"class_list":["post-296","page","type-page","status-publish","hentry"],"post_mailing_queue_ids":[],"_links":{"self":[{"href":"https:\/\/agora.xtec.cat\/cfa-montcada\/wp-json\/wp\/v2\/pages\/296","targetHints":{"allow":["GET"]}}],"collection":[{"href":"https:\/\/agora.xtec.cat\/cfa-montcada\/wp-json\/wp\/v2\/pages"}],"about":[{"href":"https:\/\/agora.xtec.cat\/cfa-montcada\/wp-json\/wp\/v2\/types\/page"}],"author":[{"embeddable":true,"href":"https:\/\/agora.xtec.cat\/cfa-montcada\/wp-json\/wp\/v2\/users\/1"}],"replies":[{"embeddable":true,"href":"https:\/\/agora.xtec.cat\/cfa-montcada\/wp-json\/wp\/v2\/comments?post=296"}],"version-history":[{"count":4,"href":"https:\/\/agora.xtec.cat\/cfa-montcada\/wp-json\/wp\/v2\/pages\/296\/revisions"}],"predecessor-version":[{"id":2385,"href":"https:\/\/agora.xtec.cat\/cfa-montcada\/wp-json\/wp\/v2\/pages\/296\/revisions\/2385"}],"up":[{"embeddable":true,"href":"https:\/\/agora.xtec.cat\/cfa-montcada\/wp-json\/wp\/v2\/pages\/283"}],"wp:attachment":[{"href":"https:\/\/agora.xtec.cat\/cfa-montcada\/wp-json\/wp\/v2\/media?parent=296"}],"curies":[{"name":"wp","href":"https:\/\/api.w.org\/{rel}","templated":true}]}}