{"id":27,"date":"2014-09-17T16:24:03","date_gmt":"2014-09-17T16:24:03","guid":{"rendered":"http:\/\/agora.xtec.cat\/cfa-montcada\/?page_id=27"},"modified":"2025-11-26T12:54:41","modified_gmt":"2025-11-26T11:54:41","slug":"historia","status":"publish","type":"page","link":"https:\/\/agora.xtec.cat\/cfa-montcada\/el-centre\/historia\/","title":{"rendered":"Una mica d&#8217;hist\u00f2ria"},"content":{"rendered":"<p align=\"justify\">Van ser moltes les escoles d&#8217;adults que es van crear a finals dels anys setanta i comen\u00e7aments dels vuitanta. La de Montcada i Reixac va ser una d&#8217;elles. Tres van ser els mestres que es van nomenar per encertar la tasca de l&#8217;educaci\u00f3 permanent de persones adultes a Montcada.<\/p>\n<p align=\"justify\">Al mes de setembre de 2004 l&#8217;Ajuntament de Montcada va convocar a l&#8217;Escola d&#8217;Adults per tal de presentar-li l&#8217;avantprojecte de reforma de l&#8217;edifici actual. Amb una quantiosa subvenci\u00f3 de l&#8217;\u00c0rea Metropolitana, el projecte inclou, a m\u00e9s de \u00abcorregir\u00bb l&#8217;aluminosi, les actualizacions que s\u00f3n obligades en un edifici p\u00fablic com ara la insta-laci\u00f3 d&#8217;un ascensor i una rampa d&#8217;acc\u00e9s a l&#8217;entrada.<\/p>\n<p align=\"justify\">L&#8217;Ajuntament, per mitj\u00e0 del representat de l&#8217;\u00c0rea Social, ens va comunicar tamb\u00e9 que un cop fetes les reformes, l&#8217;edifici seria destinat exclusivament a l&#8217;Escola d&#8217;Adults, per a la qual cosa en faria cessi\u00f3 de l&#8217;edifici a la Generalitat.<\/p>\n<p>Ja en l&#8217;actualitat l&#8217;escola acull cada any uns 600 alumnes de Montcada i rodalies i s&#8217;ha convertit en un punt de refer\u00e8ncia dins la ciutat en la formaci\u00f3 al llarg de la vida. Aix\u00ed doncs, tothom que vulgui estudiar alguna cosa pot acostar-se al CFA Montcada.\u00a0\u00a0<\/p>\n<p>&nbsp;<\/p>\n<p><a href=\"https:\/\/agora.xtec.cat\/cfa-montcada\/wp-content\/uploads\/usu887\/2025\/11\/escola_adults.jpg\"><img loading=\"lazy\" decoding=\"async\" class=\"aligncenter size-medium wp-image-3031\" src=\"https:\/\/agora.xtec.cat\/cfa-montcada\/wp-content\/uploads\/usu887\/2025\/11\/escola_adults-300x225.jpg\" alt=\"\" width=\"300\" height=\"225\" srcset=\"https:\/\/agora.xtec.cat\/cfa-montcada\/wp-content\/uploads\/usu887\/2025\/11\/escola_adults-300x225.jpg 300w, https:\/\/agora.xtec.cat\/cfa-montcada\/wp-content\/uploads\/usu887\/2025\/11\/escola_adults-200x150.jpg 200w, https:\/\/agora.xtec.cat\/cfa-montcada\/wp-content\/uploads\/usu887\/2025\/11\/escola_adults.jpg 600w\" sizes=\"auto, (max-width: 300px) 100vw, 300px\" \/><\/a><\/p>\n<div align=\"center\">\u00a0<\/div>\n","protected":false},"excerpt":{"rendered":"<p>Van ser moltes les escoles d&#8217;adults que es van crear a finals dels anys setanta i comen\u00e7aments dels vuitanta. La de Montcada i Reixac va ser una d&#8217;elles. Tres van ser els mestres que es van nomenar per encertar la tasca de l&#8217;educaci\u00f3 permanent de&hellip;  <a href=\"https:\/\/agora.xtec.cat\/cfa-montcada\/el-centre\/historia\/\" title=\"Read Una mica d&#8217;hist\u00f2ria\">Llegeix m\u00e9s\u00bb<\/a><\/p>\n","protected":false},"author":1,"featured_media":0,"parent":261,"menu_order":20,"comment_status":"closed","ping_status":"closed","template":"page-templates\/side-menu.php","meta":{"_bbp_topic_count":0,"_bbp_reply_count":0,"_bbp_total_topic_count":0,"_bbp_total_reply_count":0,"_bbp_voice_count":0,"_bbp_anonymous_reply_count":0,"_bbp_topic_count_hidden":0,"_bbp_reply_count_hidden":0,"_bbp_forum_subforum_count":0,"footnotes":""},"class_list":["post-27","page","type-page","status-publish","hentry"],"post_mailing_queue_ids":[],"_links":{"self":[{"href":"https:\/\/agora.xtec.cat\/cfa-montcada\/wp-json\/wp\/v2\/pages\/27","targetHints":{"allow":["GET"]}}],"collection":[{"href":"https:\/\/agora.xtec.cat\/cfa-montcada\/wp-json\/wp\/v2\/pages"}],"about":[{"href":"https:\/\/agora.xtec.cat\/cfa-montcada\/wp-json\/wp\/v2\/types\/page"}],"author":[{"embeddable":true,"href":"https:\/\/agora.xtec.cat\/cfa-montcada\/wp-json\/wp\/v2\/users\/1"}],"replies":[{"embeddable":true,"href":"https:\/\/agora.xtec.cat\/cfa-montcada\/wp-json\/wp\/v2\/comments?post=27"}],"version-history":[{"count":7,"href":"https:\/\/agora.xtec.cat\/cfa-montcada\/wp-json\/wp\/v2\/pages\/27\/revisions"}],"predecessor-version":[{"id":3033,"href":"https:\/\/agora.xtec.cat\/cfa-montcada\/wp-json\/wp\/v2\/pages\/27\/revisions\/3033"}],"up":[{"embeddable":true,"href":"https:\/\/agora.xtec.cat\/cfa-montcada\/wp-json\/wp\/v2\/pages\/261"}],"wp:attachment":[{"href":"https:\/\/agora.xtec.cat\/cfa-montcada\/wp-json\/wp\/v2\/media?parent=27"}],"curies":[{"name":"wp","href":"https:\/\/api.w.org\/{rel}","templated":true}]}}