{"id":21,"date":"2014-09-17T16:14:14","date_gmt":"2014-09-17T16:14:14","guid":{"rendered":"http:\/\/agora.xtec.cat\/cfa-montcada\/?page_id=21"},"modified":"2024-07-01T19:52:34","modified_gmt":"2024-07-01T17:52:34","slug":"on-som","status":"publish","type":"page","link":"https:\/\/agora.xtec.cat\/cfa-montcada\/el-centre\/on-som\/","title":{"rendered":"On som"},"content":{"rendered":"<p style=\"color: #666666;\"><strong>CFA Montcada i Reixac<\/strong><br \/>\nCarrer Reixag\u00f3, 5<br \/>\n08110 Montcada i Reixac<\/p>\n<p style=\"color: #666666;\">Tel: 935 643 001<br \/>\nemail: a8062021@xtec.cat<\/p>\n<p><strong>Com arribar-hi:<\/strong><\/p>\n<ul>\n<li>En tren:<a href=\"http:\/\/www.renfe.com\/viajeros\/cercanias\/barcelona\/\" target=\"_blank\" rel=\"noopener\"> Estaci\u00f3 Montcada Bifurcaci\u00f3 &#8211; L\u00ednies R4, R5 i R7<\/a><\/li>\n<li>En bus: L\u00ednies <a href=\"http:\/\/www.tmb.cat\/ca\/linia-de-bus\/-\/bus\/96\" target=\"_blank\" rel=\"noopener\">96<\/a> i <a href=\"http:\/\/www.tmb.cat\/ca\/linia-de-bus\/-\/bus\/155\" target=\"_blank\" rel=\"noopener\">155<\/a><\/li>\n<\/ul>\n<p><iframe loading=\"lazy\" style=\"border: 0;\" src=\"https:\/\/www.google.com\/maps\/embed?pb=!1m14!1m8!1m3!1d11958.357407231768!2d2.1843267!3d41.4698211!3m2!1i1024!2i768!4f13.1!3m3!1m2!1s0x0%3A0x43bc2fcf3c8bf82a!2sCFA+Montcada+i+Reixac!5e0!3m2!1sca!2ses!4v1490803666713\" width=\"600\" height=\"450\" frameborder=\"0\" allowfullscreen=\"allowfullscreen\"><\/iframe><\/p>\n","protected":false},"excerpt":{"rendered":"<p>CFA Montcada i Reixac<br \/>\nCarrer Reixag\u00f3, 5<br \/>\n08110 Montcada i Reixac<br \/>\nTel: 935 643 001<br \/>\nemail: a8062021@xtec.cat<br \/>\nCom arribar-hi:<\/p>\n<ul>\n<li>En tren:<a href=\"http:\/\/www.renfe.com\/viajeros\/cercanias\/barcelona\/\" target=\"_blank\" rel=\"noopener\"> Estaci\u00f3 Montcada Bifurcaci\u00f3 &#8211; L\u00ednies R4, R5 i R7<\/a><\/li>\n<li>En bus: L\u00ednies <a href=\"http:\/\/www.tmb.cat\/ca\/linia-de-bus\/-\/bus\/96\" target=\"_blank\" rel=\"noopener\">96<\/a> i <a href=\"http:\/\/www.tmb.cat\/ca\/linia-de-bus\/-\/bus\/155\" target=\"_blank\" rel=\"noopener\">155<\/a><\/li>\n<\/ul>\n","protected":false},"author":1,"featured_media":0,"parent":261,"menu_order":10,"comment_status":"closed","ping_status":"closed","template":"page-templates\/side-menu.php","meta":{"_bbp_topic_count":0,"_bbp_reply_count":0,"_bbp_total_topic_count":0,"_bbp_total_reply_count":0,"_bbp_voice_count":0,"_bbp_anonymous_reply_count":0,"_bbp_topic_count_hidden":0,"_bbp_reply_count_hidden":0,"_bbp_forum_subforum_count":0,"footnotes":""},"class_list":["post-21","page","type-page","status-publish","hentry"],"post_mailing_queue_ids":[],"_links":{"self":[{"href":"https:\/\/agora.xtec.cat\/cfa-montcada\/wp-json\/wp\/v2\/pages\/21","targetHints":{"allow":["GET"]}}],"collection":[{"href":"https:\/\/agora.xtec.cat\/cfa-montcada\/wp-json\/wp\/v2\/pages"}],"about":[{"href":"https:\/\/agora.xtec.cat\/cfa-montcada\/wp-json\/wp\/v2\/types\/page"}],"author":[{"embeddable":true,"href":"https:\/\/agora.xtec.cat\/cfa-montcada\/wp-json\/wp\/v2\/users\/1"}],"replies":[{"embeddable":true,"href":"https:\/\/agora.xtec.cat\/cfa-montcada\/wp-json\/wp\/v2\/comments?post=21"}],"version-history":[{"count":5,"href":"https:\/\/agora.xtec.cat\/cfa-montcada\/wp-json\/wp\/v2\/pages\/21\/revisions"}],"predecessor-version":[{"id":2704,"href":"https:\/\/agora.xtec.cat\/cfa-montcada\/wp-json\/wp\/v2\/pages\/21\/revisions\/2704"}],"up":[{"embeddable":true,"href":"https:\/\/agora.xtec.cat\/cfa-montcada\/wp-json\/wp\/v2\/pages\/261"}],"wp:attachment":[{"href":"https:\/\/agora.xtec.cat\/cfa-montcada\/wp-json\/wp\/v2\/media?parent=21"}],"curies":[{"name":"wp","href":"https:\/\/api.w.org\/{rel}","templated":true}]}}