{"id":57,"date":"2014-09-17T17:01:07","date_gmt":"2014-09-17T17:01:07","guid":{"rendered":"http:\/\/agora.xtec.cat\/cfa-montblanc\/?page_id=57"},"modified":"2023-04-30T07:39:38","modified_gmt":"2023-04-30T05:39:38","slug":"projecte-educatiu","status":"publish","type":"page","link":"https:\/\/agora.xtec.cat\/cfa-montblanc\/projecte-educatiu\/","title":{"rendered":"Projecte educatiu"},"content":{"rendered":"<p>En aquesta secci\u00f3 presentem el projecte educatiu:\u00a0 <a href=\"https:\/\/drive.google.com\/file\/d\/1rSG9f8x5bdSDjxOWepIVjf1xEDGPA2s9\/view?usp=share_link\" target=\"_blank\" rel=\"noopener noreferrer\">Enlla\u00e7 PEC<\/a><\/p>\n<p>D\u2019acord amb la <a href=\"http:\/\/www20.gencat.cat\/portal\/site\/portaljuridic\/menuitem.d15a4e5dfb99396dc366ec10b0c0e1a0\/?vgnextoid=b85297b5a87d6210VgnVCM1000000b0c1e0aRCRD&amp;vgnextchannel=b85297b5a87d6210VgnVCM1000000b0c1e0aRCRD&amp;vgnextfmt=default&amp;action=fitxa&amp;portalId=1&amp;documentId=480169&amp;newLang=ca_ES#fragment-1182442\" target=\"_blank\" rel=\"noopener noreferrer\">Llei d\u2019Educaci\u00f3 de Catalunya<\/a>, el projecte educatiu incorpora el car\u00e0cter propi del centre i cont\u00e9 com a m\u00ednim els elements seg\u00fcents:<\/p>\n<ul>\n<li>Criteris d\u2019ordenaci\u00f3 pedag\u00f2gica, prioritats i plantejaments educatius, procediments d\u2019inclusi\u00f3 i altres actuacions que caracteritzen el centre.<\/li>\n<li>Indicadors de progr\u00e9s.<\/li>\n<li>Concreci\u00f3 i desenvolupament dels curr\u00edculums.<\/li>\n<li>Criteris que defineixen l\u2019estructura organitzativa.<\/li>\n<li>Projecte ling\u00fc\u00edstic.<\/li>\n<\/ul>\n","protected":false},"excerpt":{"rendered":"<p>En aquesta secci\u00f3 presentem el projecte educatiu:\u00a0 <a href=\"https:\/\/drive.google.com\/file\/d\/1rSG9f8x5bdSDjxOWepIVjf1xEDGPA2s9\/view?usp=share_link\" target=\"_blank\" rel=\"noopener noreferrer\">Enlla\u00e7 PEC<\/a><br \/>\nD\u2019acord amb la <a href=\"http:\/\/www20.gencat.cat\/portal\/site\/portaljuridic\/menuitem.d15a4e5dfb99396dc366ec10b0c0e1a0\/?vgnextoid=b85297b5a87d6210VgnVCM1000000b0c1e0aRCRD&amp;vgnextchannel=b85297b5a87d6210VgnVCM1000000b0c1e0aRCRD&amp;vgnextfmt=default&amp;action=fitxa&amp;portalId=1&amp;documentId=480169&amp;newLang=ca_ES#fragment-1182442\" target=\"_blank\" rel=\"noopener noreferrer\">Llei d\u2019Educaci\u00f3 de Catalunya<\/a>, el projecte educatiu incorpora el car\u00e0cter propi del centre i cont\u00e9 com a m\u00ednim els elements seg\u00fcents:<\/p>\n<ul>\n<li>Criteris d\u2019ordenaci\u00f3 pedag\u00f2gica, prioritats i plantejaments&hellip;  <a href=\"https:\/\/agora.xtec.cat\/cfa-montblanc\/projecte-educatiu\/\" title=\"Read Projecte educatiu\">Llegeix m\u00e9s\u00bb<\/a><br \/>\n","protected":false},"author":1,"featured_media":0,"parent":0,"menu_order":0,"comment_status":"closed","ping_status":"closed","template":"page-templates\/side-menu.php","meta":{"_bbp_topic_count":0,"_bbp_reply_count":0,"_bbp_total_topic_count":0,"_bbp_total_reply_count":0,"_bbp_voice_count":0,"_bbp_anonymous_reply_count":0,"_bbp_topic_count_hidden":0,"_bbp_reply_count_hidden":0,"_bbp_forum_subforum_count":0,"footnotes":""},"class_list":["post-57","page","type-page","status-publish","hentry"],"post_mailing_queue_ids":[],"_links":{"self":[{"href":"https:\/\/agora.xtec.cat\/cfa-montblanc\/wp-json\/wp\/v2\/pages\/57","targetHints":{"allow":["GET"]}}],"collection":[{"href":"https:\/\/agora.xtec.cat\/cfa-montblanc\/wp-json\/wp\/v2\/pages"}],"about":[{"href":"https:\/\/agora.xtec.cat\/cfa-montblanc\/wp-json\/wp\/v2\/types\/page"}],"author":[{"embeddable":true,"href":"https:\/\/agora.xtec.cat\/cfa-montblanc\/wp-json\/wp\/v2\/users\/1"}],"replies":[{"embeddable":true,"href":"https:\/\/agora.xtec.cat\/cfa-montblanc\/wp-json\/wp\/v2\/comments?post=57"}],"version-history":[{"count":3,"href":"https:\/\/agora.xtec.cat\/cfa-montblanc\/wp-json\/wp\/v2\/pages\/57\/revisions"}],"predecessor-version":[{"id":686,"href":"https:\/\/agora.xtec.cat\/cfa-montblanc\/wp-json\/wp\/v2\/pages\/57\/revisions\/686"}],"wp:attachment":[{"href":"https:\/\/agora.xtec.cat\/cfa-montblanc\/wp-json\/wp\/v2\/media?parent=57"}],"curies":[{"name":"wp","href":"https:\/\/api.w.org\/{rel}","templated":true}]}}