{"id":314,"date":"2023-06-09T11:00:13","date_gmt":"2023-06-09T09:00:13","guid":{"rendered":"http:\/\/agora.xtec.cat\/cfa-montblanc\/?page_id=314"},"modified":"2025-09-04T16:53:44","modified_gmt":"2025-09-04T14:53:44","slug":"llengua-francesa","status":"publish","type":"page","link":"https:\/\/agora.xtec.cat\/cfa-montblanc\/ensenyaments\/ensenyaments-transprofessionals\/llengua-francesa\/","title":{"rendered":"Llengua francesa"},"content":{"rendered":"<h3 dir=\"ltr\">Franc\u00e8s Nivell 2<\/h3>\n<ul>\n<li dir=\"ltr\">L\u2019ensenyament de la llengua francesa s\u2019adre\u00e7a a persones majors de 18 anys amb coneixements b\u00e0sics d\u2019aquesta llengua. Aix\u00ed doncs, aquest programa pret\u00e9n oferir una introducci\u00f3 de la llengua francesa com a eina d\u2019intercanvi i comunicaci\u00f3 potenciant la llengua oral i escrita per mitj\u00e0 de situacions comunicatives reals i quotidianes.<\/li>\n<li dir=\"ltr\">Superat el curs, s&#8217;obt\u00e9 un certificat oficial d&#8217;acord al <strong>nivell A.2.1 del MECR<\/strong> (Marc Com\u00fa Europeu de Refer\u00e8ncia per a les Lleng\u00fces).<\/li>\n<li dir=\"ltr\">Contingut: Comprensi\u00f3 oral i comprensi\u00f3 lectora. Expressi\u00f3 oral i escrita. Aspectes gramaticals b\u00e0sics<\/li>\n<li>Durada i horaris: Tot un curs acad\u00e8mic, dos dies a la setmana, torn mat\u00ed.<\/li>\n<\/ul>\n","protected":false},"excerpt":{"rendered":"<p>Franc\u00e8s Nivell 2<\/p>\n<ul>\n<li dir=\"ltr\">L\u2019ensenyament de la llengua francesa s\u2019adre\u00e7a a persones majors de 18 anys amb coneixements b\u00e0sics d\u2019aquesta llengua. Aix\u00ed doncs, aquest programa pret\u00e9n oferir una introducci\u00f3 de la llengua francesa com a eina d\u2019intercanvi i comunicaci\u00f3 potenciant la llengua oral i escrita per&hellip;  <a href=\"https:\/\/agora.xtec.cat\/cfa-montblanc\/ensenyaments\/ensenyaments-transprofessionals\/llengua-francesa\/\" title=\"Read Llengua francesa\">Llegeix m\u00e9s\u00bb<\/a><br \/>\n","protected":false},"author":1,"featured_media":0,"parent":286,"menu_order":0,"comment_status":"closed","ping_status":"closed","template":"page-templates\/side-menu.php","meta":{"_bbp_topic_count":0,"_bbp_reply_count":0,"_bbp_total_topic_count":0,"_bbp_total_reply_count":0,"_bbp_voice_count":0,"_bbp_anonymous_reply_count":0,"_bbp_topic_count_hidden":0,"_bbp_reply_count_hidden":0,"_bbp_forum_subforum_count":0,"footnotes":""},"class_list":["post-314","page","type-page","status-publish","hentry"],"post_mailing_queue_ids":[],"_links":{"self":[{"href":"https:\/\/agora.xtec.cat\/cfa-montblanc\/wp-json\/wp\/v2\/pages\/314","targetHints":{"allow":["GET"]}}],"collection":[{"href":"https:\/\/agora.xtec.cat\/cfa-montblanc\/wp-json\/wp\/v2\/pages"}],"about":[{"href":"https:\/\/agora.xtec.cat\/cfa-montblanc\/wp-json\/wp\/v2\/types\/page"}],"author":[{"embeddable":true,"href":"https:\/\/agora.xtec.cat\/cfa-montblanc\/wp-json\/wp\/v2\/users\/1"}],"replies":[{"embeddable":true,"href":"https:\/\/agora.xtec.cat\/cfa-montblanc\/wp-json\/wp\/v2\/comments?post=314"}],"version-history":[{"count":4,"href":"https:\/\/agora.xtec.cat\/cfa-montblanc\/wp-json\/wp\/v2\/pages\/314\/revisions"}],"predecessor-version":[{"id":867,"href":"https:\/\/agora.xtec.cat\/cfa-montblanc\/wp-json\/wp\/v2\/pages\/314\/revisions\/867"}],"up":[{"embeddable":true,"href":"https:\/\/agora.xtec.cat\/cfa-montblanc\/wp-json\/wp\/v2\/pages\/286"}],"wp:attachment":[{"href":"https:\/\/agora.xtec.cat\/cfa-montblanc\/wp-json\/wp\/v2\/media?parent=314"}],"curies":[{"name":"wp","href":"https:\/\/api.w.org\/{rel}","templated":true}]}}