{"id":312,"date":"2023-06-09T10:32:38","date_gmt":"2023-06-09T08:32:38","guid":{"rendered":"http:\/\/agora.xtec.cat\/cfa-montblanc\/?page_id=312"},"modified":"2024-07-16T12:14:09","modified_gmt":"2024-07-16T10:14:09","slug":"llengua-anglesa","status":"publish","type":"page","link":"https:\/\/agora.xtec.cat\/cfa-montblanc\/ensenyaments\/ensenyaments-transprofessionals\/llengua-anglesa\/","title":{"rendered":"Llengua anglesa"},"content":{"rendered":"<h3 dir=\"ltr\">Angl\u00e8s Nivell 1<\/h3>\n<ul>\n<li dir=\"ltr\">S\u2019adre\u00e7a a persones majors de 18 anys amb desconeixement d&#8217;aquesta llengua.<\/li>\n<li dir=\"ltr\">Hi ha dos grups: un A1 dirigit a l&#8217;alumnat <strong><em>sense cap coneixement de la llengua anglesa<\/em> <\/strong>i un altre, per als que en tenen <strong><em>coneixements inicials<\/em><\/strong>.<\/li>\n<li dir=\"ltr\">Superat el curs, s&#8217;obt\u00e9 un certificat oficial d&#8217;acord al <strong>nivell A.1 del MECR<\/strong>, (Marc Com\u00fa Europeu de Refer\u00e8ncia per a les Lleng\u00fces).<\/li>\n<li dir=\"ltr\">Continguts: Comprensi\u00f3 lectora i expressi\u00f3 escrita. Comprensi\u00f3 auditiva. Expressi\u00f3 oral.<\/li>\n<li>Durada i horaris: Tot un curs acad\u00e8mic, dos dies a la setmana, 3 hores setmanals. Grup de mat\u00ed i grup de tarda.<\/li>\n<\/ul>\n<h3 dir=\"ltr\">Angl\u00e8s Nivell 2<\/h3>\n<ul>\n<li dir=\"ltr\">S\u2019adre\u00e7a a persones majors de 18 anys que poden comunicar-se a nivell elemental per satisfer les necessitats amb f\u00f3rmules fixes. El seguiment d&#8217;aquest curs d\u00f3na la possibilitat, a t\u00edtol personal, de presentar-se a l&#8217;examen oficial Key English Test (KET) de la University of Cambridge.<\/li>\n<li dir=\"ltr\">Superat el curs, s&#8217;obt\u00e9 un certificat oficial d&#8217;acord al <strong>nivell A.2.1 del <\/strong><span style=\"font-family: inherit; font-size: 1em;\"><strong>MECR<\/strong>\u00a0(<\/span><span style=\"font-family: inherit; font-size: 1em;\"> Marc Com\u00fa Europeu de Refer\u00e8ncia per a les Lleng\u00fces).<\/span><\/li>\n<li dir=\"ltr\">Continguts: Comprensi\u00f3 lectora i expressi\u00f3 escrita. Comprensi\u00f3 auditiva. Expressi\u00f3 oral.<\/li>\n<li dir=\"ltr\">Durada i horaris: Tot un curs acad\u00e8mic, dos dies a la setmana, 4 hores setmanals de tarda.<\/li>\n<\/ul>\n<h3 dir=\"ltr\">Angl\u00e8s Nivell 3<\/h3>\n<ul>\n<li dir=\"ltr\">S\u2019adre\u00e7a a persones majors de 18 anys que poden entendre i expressar idees sobre els temes m\u00e9s propers i comunicar-se per satisfer les seves necessitats. El seguiment d&#8217;aquest curs d\u00f3na la possibilitat, a t\u00edtol personal, de presentar-se a l&#8217;examen oficial Preliminary English Test (PET) de la University of Cambridge.<\/li>\n<li dir=\"ltr\">Superat el curs, s&#8217;obt\u00e9 un certificat oficial d&#8217;acord al <strong>nivell A.2.2 del MECR<\/strong> (Marc Com\u00fa Europeu de Refer\u00e8ncia per a les Lleng\u00fces).<\/li>\n<li dir=\"ltr\">Continguts: Comprensi\u00f3 lectora i expressi\u00f3 escrita. Comprensi\u00f3 auditiva. Expressi\u00f3 oral.<\/li>\n<li dir=\"ltr\">Durada i horaris: <span style=\"font-family: inherit; font-size: 1em;\">Tot un curs acad\u00e8mic, dos dies a la setmana, 4 hores setmanals de tarda.<\/span><\/li>\n<\/ul>\n<p>&nbsp;<\/p>\n","protected":false},"excerpt":{"rendered":"<p>Angl\u00e8s Nivell 1<\/p>\n<ul>\n<li dir=\"ltr\">S\u2019adre\u00e7a a persones majors de 18 anys amb desconeixement d&#8217;aquesta llengua.<\/li>\n<li dir=\"ltr\">Hi ha dos grups: un A1 dirigit a l&#8217;alumnat sense cap coneixement de la llengua anglesa i un altre, per als que en tenen coneixements inicials.<\/li>\n<li dir=\"ltr\">Superat el curs, s&#8217;obt\u00e9 un&hellip;  <a href=\"https:\/\/agora.xtec.cat\/cfa-montblanc\/ensenyaments\/ensenyaments-transprofessionals\/llengua-anglesa\/\" title=\"Read Llengua anglesa\">Llegeix m\u00e9s\u00bb<\/a><br \/>\n","protected":false},"author":1,"featured_media":0,"parent":286,"menu_order":0,"comment_status":"closed","ping_status":"closed","template":"page-templates\/side-menu.php","meta":{"_bbp_topic_count":0,"_bbp_reply_count":0,"_bbp_total_topic_count":0,"_bbp_total_reply_count":0,"_bbp_voice_count":0,"_bbp_anonymous_reply_count":0,"_bbp_topic_count_hidden":0,"_bbp_reply_count_hidden":0,"_bbp_forum_subforum_count":0,"footnotes":""},"class_list":["post-312","page","type-page","status-publish","hentry"],"post_mailing_queue_ids":[],"_links":{"self":[{"href":"https:\/\/agora.xtec.cat\/cfa-montblanc\/wp-json\/wp\/v2\/pages\/312","targetHints":{"allow":["GET"]}}],"collection":[{"href":"https:\/\/agora.xtec.cat\/cfa-montblanc\/wp-json\/wp\/v2\/pages"}],"about":[{"href":"https:\/\/agora.xtec.cat\/cfa-montblanc\/wp-json\/wp\/v2\/types\/page"}],"author":[{"embeddable":true,"href":"https:\/\/agora.xtec.cat\/cfa-montblanc\/wp-json\/wp\/v2\/users\/1"}],"replies":[{"embeddable":true,"href":"https:\/\/agora.xtec.cat\/cfa-montblanc\/wp-json\/wp\/v2\/comments?post=312"}],"version-history":[{"count":7,"href":"https:\/\/agora.xtec.cat\/cfa-montblanc\/wp-json\/wp\/v2\/pages\/312\/revisions"}],"predecessor-version":[{"id":841,"href":"https:\/\/agora.xtec.cat\/cfa-montblanc\/wp-json\/wp\/v2\/pages\/312\/revisions\/841"}],"up":[{"embeddable":true,"href":"https:\/\/agora.xtec.cat\/cfa-montblanc\/wp-json\/wp\/v2\/pages\/286"}],"wp:attachment":[{"href":"https:\/\/agora.xtec.cat\/cfa-montblanc\/wp-json\/wp\/v2\/media?parent=312"}],"curies":[{"name":"wp","href":"https:\/\/api.w.org\/{rel}","templated":true}]}}