{"id":305,"date":"2015-01-28T11:24:04","date_gmt":"2015-01-28T10:24:04","guid":{"rendered":"http:\/\/agora.xtec.cat\/cfa-montblanc\/?page_id=305"},"modified":"2021-06-22T12:11:05","modified_gmt":"2021-06-22T10:11:05","slug":"curs-dacces-als-cicles-de-grau-mitja","status":"publish","type":"page","link":"https:\/\/agora.xtec.cat\/cfa-montblanc\/ensenyaments\/ensenyaments-inicials-i-formacio-basica\/curs-dacces-als-cicles-de-grau-mitja\/","title":{"rendered":"Curs espec\u00edfic d&#8217;acc\u00e9s als cicles de grau mitj\u00e0 (CAM)"},"content":{"rendered":"<p><strong>Actualment el centre NO oferta aquest ensenyament<\/strong><\/p>\n<ul>\n<li>Nivells<\/li>\n<li>Durada<\/li>\n<li>Organitzaci\u00f3<\/li>\n<li>Curr\u00edculum<\/li>\n<li>Recursos<\/li>\n<li>Aula virtual<\/li>\n<li>Avaluaci\u00f3<\/li>\n<li>Promoci\u00f3 de curs i\/o obtenci\u00f3 de certificaci\u00f3<\/li>\n<\/ul>\n","protected":false},"excerpt":{"rendered":"<p>Actualment el centre NO oferta aquest ensenyament<\/p>\n<ul>\n<li>Nivells<\/li>\n<li>Durada<\/li>\n<li>Organitzaci\u00f3<\/li>\n<li>Curr\u00edculum<\/li>\n<li>Recursos<\/li>\n<li>Aula virtual<\/li>\n<li>Avaluaci\u00f3<\/li>\n<li>Promoci\u00f3 de curs i\/o obtenci\u00f3 de certificaci\u00f3<\/li>\n<\/ul>\n","protected":false},"author":1,"featured_media":0,"parent":283,"menu_order":0,"comment_status":"closed","ping_status":"closed","template":"page-templates\/side-menu.php","meta":{"_bbp_topic_count":0,"_bbp_reply_count":0,"_bbp_total_topic_count":0,"_bbp_total_reply_count":0,"_bbp_voice_count":0,"_bbp_anonymous_reply_count":0,"_bbp_topic_count_hidden":0,"_bbp_reply_count_hidden":0,"_bbp_forum_subforum_count":0,"footnotes":""},"class_list":["post-305","page","type-page","status-publish","hentry"],"post_mailing_queue_ids":[],"_links":{"self":[{"href":"https:\/\/agora.xtec.cat\/cfa-montblanc\/wp-json\/wp\/v2\/pages\/305","targetHints":{"allow":["GET"]}}],"collection":[{"href":"https:\/\/agora.xtec.cat\/cfa-montblanc\/wp-json\/wp\/v2\/pages"}],"about":[{"href":"https:\/\/agora.xtec.cat\/cfa-montblanc\/wp-json\/wp\/v2\/types\/page"}],"author":[{"embeddable":true,"href":"https:\/\/agora.xtec.cat\/cfa-montblanc\/wp-json\/wp\/v2\/users\/1"}],"replies":[{"embeddable":true,"href":"https:\/\/agora.xtec.cat\/cfa-montblanc\/wp-json\/wp\/v2\/comments?post=305"}],"version-history":[{"count":3,"href":"https:\/\/agora.xtec.cat\/cfa-montblanc\/wp-json\/wp\/v2\/pages\/305\/revisions"}],"predecessor-version":[{"id":555,"href":"https:\/\/agora.xtec.cat\/cfa-montblanc\/wp-json\/wp\/v2\/pages\/305\/revisions\/555"}],"up":[{"embeddable":true,"href":"https:\/\/agora.xtec.cat\/cfa-montblanc\/wp-json\/wp\/v2\/pages\/283"}],"wp:attachment":[{"href":"https:\/\/agora.xtec.cat\/cfa-montblanc\/wp-json\/wp\/v2\/media?parent=305"}],"curies":[{"name":"wp","href":"https:\/\/api.w.org\/{rel}","templated":true}]}}