{"id":299,"date":"2023-06-09T11:00:22","date_gmt":"2023-06-09T09:00:22","guid":{"rendered":"http:\/\/agora.xtec.cat\/cfa-montblanc\/?page_id=299"},"modified":"2023-07-25T15:53:56","modified_gmt":"2023-07-25T13:53:56","slug":"llengua-castellana","status":"publish","type":"page","link":"https:\/\/agora.xtec.cat\/cfa-montblanc\/ensenyaments\/ensenyaments-inicials-i-formacio-basica\/llengua-castellana\/","title":{"rendered":"Llengua castellana"},"content":{"rendered":"<h3 dir=\"ltr\">Castell\u00e0 Nivell 1<\/h3>\n<ul>\n<li dir=\"ltr\">S\u2019adre\u00e7a a persones que necessitin un grau de compet\u00e8ncia b\u00e0sica per a comunicar-se en llengua castellana.<\/li>\n<li dir=\"ltr\">Correspon al <strong>nivell A1 del MECR<\/strong> (Marc europeu com\u00fa de refer\u00e8ncia per a les lleng\u00fces).<\/li>\n<li dir=\"ltr\">Contingut: Comprensi\u00f3 i expressi\u00f3 oral. Comprensi\u00f3 i expressi\u00f3 escrita. Aspectes ortogr\u00e0fics i gramaticals. L\u00e9xic.<\/li>\n<li>Durada i horaris: Tot un curs acad\u00e8mic, dos dies a la setmana, 3 hores setmanals de mat\u00ed.<\/li>\n<\/ul>\n","protected":false},"excerpt":{"rendered":"<p>Castell\u00e0 Nivell 1<\/p>\n<ul>\n<li dir=\"ltr\">S\u2019adre\u00e7a a persones que necessitin un grau de compet\u00e8ncia b\u00e0sica per a comunicar-se en llengua castellana.<\/li>\n<li dir=\"ltr\">Correspon al nivell A1 del MECR (Marc europeu com\u00fa de refer\u00e8ncia per a les lleng\u00fces).<\/li>\n<li dir=\"ltr\">Contingut: Comprensi\u00f3 i expressi\u00f3 oral. Comprensi\u00f3 i expressi\u00f3 escrita. Aspectes ortogr\u00e0fics&hellip;  <a href=\"https:\/\/agora.xtec.cat\/cfa-montblanc\/ensenyaments\/ensenyaments-inicials-i-formacio-basica\/llengua-castellana\/\" title=\"Read Llengua castellana\">Llegeix m\u00e9s\u00bb<\/a><br \/>\n","protected":false},"author":1,"featured_media":0,"parent":283,"menu_order":0,"comment_status":"closed","ping_status":"closed","template":"page-templates\/side-menu.php","meta":{"_bbp_topic_count":0,"_bbp_reply_count":0,"_bbp_total_topic_count":0,"_bbp_total_reply_count":0,"_bbp_voice_count":0,"_bbp_anonymous_reply_count":0,"_bbp_topic_count_hidden":0,"_bbp_reply_count_hidden":0,"_bbp_forum_subforum_count":0,"footnotes":""},"class_list":["post-299","page","type-page","status-publish","hentry"],"post_mailing_queue_ids":[],"_links":{"self":[{"href":"https:\/\/agora.xtec.cat\/cfa-montblanc\/wp-json\/wp\/v2\/pages\/299","targetHints":{"allow":["GET"]}}],"collection":[{"href":"https:\/\/agora.xtec.cat\/cfa-montblanc\/wp-json\/wp\/v2\/pages"}],"about":[{"href":"https:\/\/agora.xtec.cat\/cfa-montblanc\/wp-json\/wp\/v2\/types\/page"}],"author":[{"embeddable":true,"href":"https:\/\/agora.xtec.cat\/cfa-montblanc\/wp-json\/wp\/v2\/users\/1"}],"replies":[{"embeddable":true,"href":"https:\/\/agora.xtec.cat\/cfa-montblanc\/wp-json\/wp\/v2\/comments?post=299"}],"version-history":[{"count":4,"href":"https:\/\/agora.xtec.cat\/cfa-montblanc\/wp-json\/wp\/v2\/pages\/299\/revisions"}],"predecessor-version":[{"id":775,"href":"https:\/\/agora.xtec.cat\/cfa-montblanc\/wp-json\/wp\/v2\/pages\/299\/revisions\/775"}],"up":[{"embeddable":true,"href":"https:\/\/agora.xtec.cat\/cfa-montblanc\/wp-json\/wp\/v2\/pages\/283"}],"wp:attachment":[{"href":"https:\/\/agora.xtec.cat\/cfa-montblanc\/wp-json\/wp\/v2\/media?parent=299"}],"curies":[{"name":"wp","href":"https:\/\/api.w.org\/{rel}","templated":true}]}}