{"id":296,"date":"2024-05-17T11:18:08","date_gmt":"2024-05-17T09:18:08","guid":{"rendered":"http:\/\/agora.xtec.cat\/cfa-montblanc\/?page_id=296"},"modified":"2024-05-17T10:28:27","modified_gmt":"2024-05-17T08:28:27","slug":"llengua-catalana","status":"publish","type":"page","link":"https:\/\/agora.xtec.cat\/cfa-montblanc\/ensenyaments\/ensenyaments-inicials-i-formacio-basica\/llengua-catalana\/","title":{"rendered":"Llengua catalana"},"content":{"rendered":"<h3 dir=\"ltr\">Catal\u00e0 Nivell 2<\/h3>\n<ul>\n<li dir=\"ltr\">S\u2019adre\u00e7a a persones que necessitin un grau de compet\u00e8ncia b\u00e0sica per a comunicar-se en llengua catalana.<\/li>\n<li dir=\"ltr\">Correspon al <strong>nivell A2 del MECR<\/strong> (Marc europeu com\u00fa de refer\u00e8ncia per a les lleng\u00fces).<\/li>\n<li dir=\"ltr\">Contingut: <span style=\"font-family: inherit; font-size: 1em;\">Comprensi\u00f3 i expressi\u00f3 oral. <\/span><span style=\"font-family: inherit; font-size: 1em;\">Comprensi\u00f3 i expressi\u00f3 escrita. <\/span><span style=\"font-family: inherit; font-size: 1em;\">Aspectes ortogr\u00e0fics i gramaticals. L\u00e8xic.<\/span><\/li>\n<li dir=\"ltr\">Durada i horaris: Tot un curs acad\u00e8mic, 4 hores setmanals de mat\u00ed.<\/li>\n<\/ul>\n<h3 dir=\"ltr\">Catal\u00e0 Nivell 3<\/h3>\n<ul>\n<li dir=\"ltr\">S\u2019adre\u00e7a a persones que necessitin desenvolupar-se satisfact\u00f2riament en les situacions comunicatives de la vida quotidiana tant a nivell oral com escrit.<\/li>\n<li dir=\"ltr\"><span style=\"font-family: inherit; font-size: 1em;\">Correspon al <strong>nivell B1 del MECR<\/strong> (Marc europeu com\u00fa de refer\u00e8ncia per a les lleng\u00fces).<\/span><\/li>\n<li dir=\"ltr\"><span style=\"font-family: inherit; font-size: 1em;\">Contingut: <\/span><span style=\"font-family: inherit; font-size: 1em;\">Comprensi\u00f3 i expressi\u00f3 oral. <\/span><span style=\"font-family: inherit; font-size: 1em;\">Comprensi\u00f3 i expressi\u00f3 escrita. <\/span><span style=\"font-family: inherit; font-size: 1em;\">Aspectes ortogr\u00e0fics i gramaticals. L\u00e8xic.<\/span><\/li>\n<li dir=\"ltr\"><span style=\"font-family: inherit; font-size: 1em;\">Durada i horaris: <\/span><span style=\"font-family: inherit; font-size: 1em;\">Tot un curs acad\u00e8mic, 4 hores setmanals de mat\u00ed.<\/span><\/li>\n<\/ul>\n","protected":false},"excerpt":{"rendered":"<p>Catal\u00e0 Nivell 2<\/p>\n<ul>\n<li dir=\"ltr\">S\u2019adre\u00e7a a persones que necessitin un grau de compet\u00e8ncia b\u00e0sica per a comunicar-se en llengua catalana.<\/li>\n<li dir=\"ltr\">Correspon al nivell A2 del MECR (Marc europeu com\u00fa de refer\u00e8ncia per a les lleng\u00fces).<\/li>\n<li dir=\"ltr\">Contingut: Comprensi\u00f3 i expressi\u00f3 oral. Comprensi\u00f3 i expressi\u00f3 escrita. Aspectes ortogr\u00e0fics&hellip;  <a href=\"https:\/\/agora.xtec.cat\/cfa-montblanc\/ensenyaments\/ensenyaments-inicials-i-formacio-basica\/llengua-catalana\/\" title=\"Read Llengua catalana\">Llegeix m\u00e9s\u00bb<\/a><br \/>\n","protected":false},"author":1,"featured_media":0,"parent":283,"menu_order":0,"comment_status":"closed","ping_status":"closed","template":"page-templates\/side-menu.php","meta":{"_bbp_topic_count":0,"_bbp_reply_count":0,"_bbp_total_topic_count":0,"_bbp_total_reply_count":0,"_bbp_voice_count":0,"_bbp_anonymous_reply_count":0,"_bbp_topic_count_hidden":0,"_bbp_reply_count_hidden":0,"_bbp_forum_subforum_count":0,"footnotes":""},"class_list":["post-296","page","type-page","status-publish","hentry"],"post_mailing_queue_ids":[],"_links":{"self":[{"href":"https:\/\/agora.xtec.cat\/cfa-montblanc\/wp-json\/wp\/v2\/pages\/296","targetHints":{"allow":["GET"]}}],"collection":[{"href":"https:\/\/agora.xtec.cat\/cfa-montblanc\/wp-json\/wp\/v2\/pages"}],"about":[{"href":"https:\/\/agora.xtec.cat\/cfa-montblanc\/wp-json\/wp\/v2\/types\/page"}],"author":[{"embeddable":true,"href":"https:\/\/agora.xtec.cat\/cfa-montblanc\/wp-json\/wp\/v2\/users\/1"}],"replies":[{"embeddable":true,"href":"https:\/\/agora.xtec.cat\/cfa-montblanc\/wp-json\/wp\/v2\/comments?post=296"}],"version-history":[{"count":5,"href":"https:\/\/agora.xtec.cat\/cfa-montblanc\/wp-json\/wp\/v2\/pages\/296\/revisions"}],"predecessor-version":[{"id":824,"href":"https:\/\/agora.xtec.cat\/cfa-montblanc\/wp-json\/wp\/v2\/pages\/296\/revisions\/824"}],"up":[{"embeddable":true,"href":"https:\/\/agora.xtec.cat\/cfa-montblanc\/wp-json\/wp\/v2\/pages\/283"}],"wp:attachment":[{"href":"https:\/\/agora.xtec.cat\/cfa-montblanc\/wp-json\/wp\/v2\/media?parent=296"}],"curies":[{"name":"wp","href":"https:\/\/api.w.org\/{rel}","templated":true}]}}