{"id":288,"date":"2015-01-28T11:08:02","date_gmt":"2015-01-28T10:08:02","guid":{"rendered":"http:\/\/agora.xtec.cat\/cfa-montblanc\/?page_id=288"},"modified":"2021-06-22T12:09:06","modified_gmt":"2021-06-22T10:09:06","slug":"ensenyaments-per-a-la-preparacio-de-proves-dacces","status":"publish","type":"page","link":"https:\/\/agora.xtec.cat\/cfa-montblanc\/ensenyaments\/ensenyaments-per-a-la-preparacio-de-proves-dacces\/","title":{"rendered":"Preparaci\u00f3 de proves d&#8217;acc\u00e9s"},"content":{"rendered":"<p>Els ensenyaments de preparaci\u00f3 per a les proves d&#8217;acc\u00e9s tenen com a finalitat facilitar l&#8217;acc\u00e9s als ensenyaments professionalitzadors o a la universitat a les persones<br \/>\nadultes que no tenen la titulaci\u00f3 per accedir-hi. En els centres i aules de formaci\u00f3 d&#8217;adults n&#8217;hi ha de tres tipus:<br \/>\nFormaci\u00f3 per a les proves d&#8217;acc\u00e9s als cicles formatius de grau mitj\u00e0<br \/>\nFormaci\u00f3 per a les proves d&#8217;acc\u00e9s als cicles formatius de grau superior<br \/>\nPreparaci\u00f3 per a les proves d&#8217;acc\u00e9s a la universitat per a m\u00e9s grans de 25 anys<\/p>\n","protected":false},"excerpt":{"rendered":"<p>Els ensenyaments de preparaci\u00f3 per a les proves d&#8217;acc\u00e9s tenen com a finalitat facilitar l&#8217;acc\u00e9s als ensenyaments professionalitzadors o a la universitat a les persones<br \/>\nadultes que no tenen la titulaci\u00f3 per accedir-hi. En els centres i aules de formaci\u00f3 d&#8217;adults n&#8217;hi ha de tres tipus:<br \/>\nFormaci\u00f3&hellip;  <a href=\"https:\/\/agora.xtec.cat\/cfa-montblanc\/ensenyaments\/ensenyaments-per-a-la-preparacio-de-proves-dacces\/\" title=\"Read Preparaci\u00f3 de proves d&#8217;acc\u00e9s\">Llegeix m\u00e9s\u00bb<\/a><\/p>\n","protected":false},"author":1,"featured_media":0,"parent":274,"menu_order":0,"comment_status":"closed","ping_status":"closed","template":"page-templates\/side-menu.php","meta":{"_bbp_topic_count":0,"_bbp_reply_count":0,"_bbp_total_topic_count":0,"_bbp_total_reply_count":0,"_bbp_voice_count":0,"_bbp_anonymous_reply_count":0,"_bbp_topic_count_hidden":0,"_bbp_reply_count_hidden":0,"_bbp_forum_subforum_count":0,"footnotes":""},"class_list":["post-288","page","type-page","status-publish","hentry"],"post_mailing_queue_ids":[],"_links":{"self":[{"href":"https:\/\/agora.xtec.cat\/cfa-montblanc\/wp-json\/wp\/v2\/pages\/288","targetHints":{"allow":["GET"]}}],"collection":[{"href":"https:\/\/agora.xtec.cat\/cfa-montblanc\/wp-json\/wp\/v2\/pages"}],"about":[{"href":"https:\/\/agora.xtec.cat\/cfa-montblanc\/wp-json\/wp\/v2\/types\/page"}],"author":[{"embeddable":true,"href":"https:\/\/agora.xtec.cat\/cfa-montblanc\/wp-json\/wp\/v2\/users\/1"}],"replies":[{"embeddable":true,"href":"https:\/\/agora.xtec.cat\/cfa-montblanc\/wp-json\/wp\/v2\/comments?post=288"}],"version-history":[{"count":1,"href":"https:\/\/agora.xtec.cat\/cfa-montblanc\/wp-json\/wp\/v2\/pages\/288\/revisions"}],"predecessor-version":[{"id":553,"href":"https:\/\/agora.xtec.cat\/cfa-montblanc\/wp-json\/wp\/v2\/pages\/288\/revisions\/553"}],"up":[{"embeddable":true,"href":"https:\/\/agora.xtec.cat\/cfa-montblanc\/wp-json\/wp\/v2\/pages\/274"}],"wp:attachment":[{"href":"https:\/\/agora.xtec.cat\/cfa-montblanc\/wp-json\/wp\/v2\/media?parent=288"}],"curies":[{"name":"wp","href":"https:\/\/api.w.org\/{rel}","templated":true}]}}