{"id":283,"date":"2015-01-28T11:06:17","date_gmt":"2015-01-28T10:06:17","guid":{"rendered":"http:\/\/agora.xtec.cat\/cfa-montblanc\/?page_id=283"},"modified":"2015-10-27T10:11:32","modified_gmt":"2015-10-27T09:11:32","slug":"ensenyaments-inicials-i-formacio-basica","status":"publish","type":"page","link":"https:\/\/agora.xtec.cat\/cfa-montblanc\/ensenyaments\/ensenyaments-inicials-i-formacio-basica\/","title":{"rendered":"Ensenyaments inicials i formaci\u00f3 b\u00e0sica"},"content":{"rendered":"<ul>\n<li>Llengua catalana<\/li>\n<li>Llengua castellana<\/li>\n<li>Formaci\u00f3 instrumental<\/li>\n<li>Graduat en educaci\u00f3 secund\u00e0ria per a persones adultes (GESO)<\/li>\n<li>Curs espec\u00edfic d&#8217;acc\u00e9s als cicles de grau mitj\u00e0 (CAM)<\/li>\n<\/ul>\n<h4><\/h4>\n","protected":false},"excerpt":{"rendered":"<ul>\n<li>Llengua catalana<\/li>\n<li>Llengua castellana<\/li>\n<li>Formaci\u00f3 instrumental<\/li>\n<li>Graduat en educaci\u00f3 secund\u00e0ria per a persones adultes (GESO)<\/li>\n<li>Curs espec\u00edfic d&#8217;acc\u00e9s als cicles de grau mitj\u00e0 (CAM)<\/li>\n<\/ul>\n","protected":false},"author":1,"featured_media":0,"parent":274,"menu_order":0,"comment_status":"closed","ping_status":"closed","template":"page-templates\/side-menu.php","meta":{"_bbp_topic_count":0,"_bbp_reply_count":0,"_bbp_total_topic_count":0,"_bbp_total_reply_count":0,"_bbp_voice_count":0,"_bbp_anonymous_reply_count":0,"_bbp_topic_count_hidden":0,"_bbp_reply_count_hidden":0,"_bbp_forum_subforum_count":0,"footnotes":""},"class_list":["post-283","page","type-page","status-publish","hentry"],"post_mailing_queue_ids":[],"_links":{"self":[{"href":"https:\/\/agora.xtec.cat\/cfa-montblanc\/wp-json\/wp\/v2\/pages\/283","targetHints":{"allow":["GET"]}}],"collection":[{"href":"https:\/\/agora.xtec.cat\/cfa-montblanc\/wp-json\/wp\/v2\/pages"}],"about":[{"href":"https:\/\/agora.xtec.cat\/cfa-montblanc\/wp-json\/wp\/v2\/types\/page"}],"author":[{"embeddable":true,"href":"https:\/\/agora.xtec.cat\/cfa-montblanc\/wp-json\/wp\/v2\/users\/1"}],"replies":[{"embeddable":true,"href":"https:\/\/agora.xtec.cat\/cfa-montblanc\/wp-json\/wp\/v2\/comments?post=283"}],"version-history":[{"count":0,"href":"https:\/\/agora.xtec.cat\/cfa-montblanc\/wp-json\/wp\/v2\/pages\/283\/revisions"}],"up":[{"embeddable":true,"href":"https:\/\/agora.xtec.cat\/cfa-montblanc\/wp-json\/wp\/v2\/pages\/274"}],"wp:attachment":[{"href":"https:\/\/agora.xtec.cat\/cfa-montblanc\/wp-json\/wp\/v2\/media?parent=283"}],"curies":[{"name":"wp","href":"https:\/\/api.w.org\/{rel}","templated":true}]}}