{"id":27,"date":"2014-09-17T16:24:03","date_gmt":"2014-09-17T16:24:03","guid":{"rendered":"http:\/\/agora.xtec.cat\/cfa-montblanc\/?page_id=27"},"modified":"2021-06-07T16:32:23","modified_gmt":"2021-06-07T14:32:23","slug":"historia","status":"publish","type":"page","link":"https:\/\/agora.xtec.cat\/cfa-montblanc\/el-centre\/historia\/","title":{"rendered":"Hist\u00f2ria"},"content":{"rendered":"<p style=\"text-align: justify;\"><strong>CFA Montblanc<\/strong> va ser reconegut com a centre el curs escolar 2010-2011. El seu naixement remunta a l\u2019any 1986 com a \u201caula d\u2019adults\u201d de l\u2019ajuntament de Montblanc. L\u2019any 1990 el Departament de Benestar Social va crear una pla\u00e7a p\u00fablica i la va ubicar a les instal\u00b7lacions del Consell Comarcal de la Conca de Barber\u00e0.<\/p>\n<p style=\"text-align: justify;\">La matr\u00edcula va comen\u00e7ar amb 15 alumnes l\u2019any 1986 i l\u2019any 2001, arriba a 290.\u00a0Les l\u00ednies de millora es van dirigir a: l\u2019augment de l\u2019oferta educativa (programa d\u2019alfabetitzaci\u00f3 i proves de maduresa de FP1, que amb el temps es van reconvertir en proves d\u2019acc\u00e9s a cicles formatius de GM i de GS, i programes de garantia social. En 15 anys s\u2019havia passat de 15 alumnes a prop de 300 alumnes.<\/p>\n<p style=\"text-align: justify;\">La filosofia de l\u2019aula es fonamentava en qu\u00e8 l\u2019oferta formativa possibilit\u00e9s les eines necess\u00e0ries per poder accedir a un ventall m\u00e9s ampli de possibilitats d\u2019acc\u00e9s al m\u00f3n laboral. I aix\u00ed va ser, les especialitats de FP1 es canviaven cada dos anys, segons les ofertes de feina que es detectaven. Alguns, van arribar a la universitat. Tot plegat, uns bons resultats, pel Consell Comarcal, pels professionals i sobretot pels alumnes, a qui l\u2019aula va oferir la possibilitat de formar-se, trobar una feina adient al seu curr\u00edculum, als seus desitjos i fruit de l\u2019esfor\u00e7 que hi van posar.<\/p>\n<p style=\"text-align: justify;\">El\u00a0 curs 2009-2010, hi ha renovaci\u00f3 de la plantilla, que passa a tres professors de prim\u00e0ria, un de secund\u00e0ria (\u00e0mbit cient\u00edfic) i es mant\u00e9 l\u2019administrativa a mitja jornada. Arranjament dels accessos a les instal\u00b7lacions. La preinscripci\u00f3 era de nom\u00e9s 70 alumnes.\u00a0 Es va reformular l\u2019oferta educativa i va ser tot un repte arribant a una matr\u00edcula de 409 alumnes.<\/p>\n<p style=\"text-align: justify;\">Aquest recorregut segueix amb canvis a l\u2019oferta acad\u00e8mica: es treu la formaci\u00f3 instrumental per la manca d\u2019alumnat (segurament amb la crisi molts immigrants van haver de marxar), i s\u2019incorpora l\u2019acc\u00e9s a la universitat per a majors de 25 anys (curs 2012-13); \u00a0per altra banda, es treu el curs de preparaci\u00f3 per a les proves d\u2019acc\u00e9s a grau mitj\u00e0 i se substitueix pel GES (curs 2014-15 oferint 1r nivell i a partir del curs seg\u00fcent, oferint el 2n nivell). Tamb\u00e9 es produeixen canvis dins de l\u2019equip directiu (curs 2013-14) i a la plantilla, el curs 2014-15, el departament reconverteix una pla\u00e7a de prim\u00e0ria a secund\u00e0ria (mitja de l\u2019\u00e0mbit de la comunicaci\u00f3 i mitja de l\u2019\u00e0mbit de socials) per a poder oferir el GES. A partir del curs seg\u00fcent,\u00a0la plantilla del centre \u00e9s de tres professors de secund\u00e0ria (un de cada \u00e0mbit) i un de prim\u00e0ria.<\/p>\n<p>&nbsp;<\/p>\n<p><a href=\"https:\/\/agora.xtec.cat\/cfa-montblanc\/wp-content\/uploads\/usu2536\/2021\/06\/IMG_0225.jpg\"><img loading=\"lazy\" decoding=\"async\" class=\"aligncenter wp-image-469 size-medium\" src=\"https:\/\/agora.xtec.cat\/cfa-montblanc\/wp-content\/uploads\/usu2536\/2021\/06\/IMG_0225-300x225.jpg\" alt=\"\" width=\"300\" height=\"225\" srcset=\"https:\/\/agora.xtec.cat\/cfa-montblanc\/wp-content\/uploads\/usu2536\/2021\/06\/IMG_0225-300x225.jpg 300w, https:\/\/agora.xtec.cat\/cfa-montblanc\/wp-content\/uploads\/usu2536\/2021\/06\/IMG_0225-200x150.jpg 200w, https:\/\/agora.xtec.cat\/cfa-montblanc\/wp-content\/uploads\/usu2536\/2021\/06\/IMG_0225.jpg 640w\" sizes=\"auto, (max-width: 300px) 100vw, 300px\" \/><\/a><\/p>\n<p>&nbsp;<\/p>\n<p>&nbsp;<\/p>\n","protected":false},"excerpt":{"rendered":"<p>CFA Montblanc va ser reconegut com a centre el curs escolar 2010-2011. El seu naixement remunta a l\u2019any 1986 com a \u201caula d\u2019adults\u201d de l\u2019ajuntament de Montblanc. L\u2019any 1990 el Departament de Benestar Social va crear una pla\u00e7a p\u00fablica i la va ubicar a les&hellip;  <a href=\"https:\/\/agora.xtec.cat\/cfa-montblanc\/el-centre\/historia\/\" title=\"Read Hist\u00f2ria\">Llegeix m\u00e9s\u00bb<\/a><\/p>\n","protected":false},"author":1,"featured_media":0,"parent":261,"menu_order":20,"comment_status":"closed","ping_status":"closed","template":"page-templates\/side-menu.php","meta":{"_bbp_topic_count":0,"_bbp_reply_count":0,"_bbp_total_topic_count":0,"_bbp_total_reply_count":0,"_bbp_voice_count":0,"_bbp_anonymous_reply_count":0,"_bbp_topic_count_hidden":0,"_bbp_reply_count_hidden":0,"_bbp_forum_subforum_count":0,"footnotes":""},"class_list":["post-27","page","type-page","status-publish","hentry"],"post_mailing_queue_ids":[],"_links":{"self":[{"href":"https:\/\/agora.xtec.cat\/cfa-montblanc\/wp-json\/wp\/v2\/pages\/27","targetHints":{"allow":["GET"]}}],"collection":[{"href":"https:\/\/agora.xtec.cat\/cfa-montblanc\/wp-json\/wp\/v2\/pages"}],"about":[{"href":"https:\/\/agora.xtec.cat\/cfa-montblanc\/wp-json\/wp\/v2\/types\/page"}],"author":[{"embeddable":true,"href":"https:\/\/agora.xtec.cat\/cfa-montblanc\/wp-json\/wp\/v2\/users\/1"}],"replies":[{"embeddable":true,"href":"https:\/\/agora.xtec.cat\/cfa-montblanc\/wp-json\/wp\/v2\/comments?post=27"}],"version-history":[{"count":3,"href":"https:\/\/agora.xtec.cat\/cfa-montblanc\/wp-json\/wp\/v2\/pages\/27\/revisions"}],"predecessor-version":[{"id":513,"href":"https:\/\/agora.xtec.cat\/cfa-montblanc\/wp-json\/wp\/v2\/pages\/27\/revisions\/513"}],"up":[{"embeddable":true,"href":"https:\/\/agora.xtec.cat\/cfa-montblanc\/wp-json\/wp\/v2\/pages\/261"}],"wp:attachment":[{"href":"https:\/\/agora.xtec.cat\/cfa-montblanc\/wp-json\/wp\/v2\/media?parent=27"}],"curies":[{"name":"wp","href":"https:\/\/api.w.org\/{rel}","templated":true}]}}