{"id":894,"date":"2023-07-13T15:48:56","date_gmt":"2023-07-13T13:48:56","guid":{"rendered":"https:\/\/agora.xtec.cat\/cfa-mestre\/?page_id=894"},"modified":"2023-07-13T16:02:28","modified_gmt":"2023-07-13T14:02:28","slug":"competic-iii","status":"publish","type":"page","link":"https:\/\/agora.xtec.cat\/cfa-mestre\/ensenyaments\/ensenyaments-transprofessionals\/competencia-digital-competic\/competic-iii\/","title":{"rendered":"Competic III"},"content":{"rendered":"<h3>Descripci\u00f3<\/h3>\n<p><strong>\u00a0<\/strong><\/p>\n<p>Els ensenyaments COMPETIC 3 s&#8217;adrecen a les persones que hagin cursat el nivell 2 o tinguin la certificaci\u00f3 ACTIC de nivell mitj\u00e0.<\/p>\n<h3>Continguts<\/h3>\n<p>En aquest nivell es treballen les cinc compet\u00e8ncies del nivell avan\u00e7at de l&#8217;acreditaci\u00f3 de compet\u00e8ncies en tecnologies de la informaci\u00f3 i la comunicaci\u00f3 (ACTIC avan\u00e7at):<\/p>\n<p>&nbsp;<\/p>\n<ul>\n<li>Tractament de la informaci\u00f3 escrita<\/li>\n<li>Tractament de la informaci\u00f3 gr\u00e0fica, sonora i de la imatge en moviment<\/li>\n<li>Tractament de la informaci\u00f3 num\u00e8rica<\/li>\n<li>Tractament de les dades<\/li>\n<li>Presentaci\u00f3 de continguts<\/li>\n<\/ul>\n<p>&nbsp;<\/p>\n<h3>Acc\u00e9s<\/h3>\n<p>En qualsevol cas, un alumne no podr\u00e0 cursar COMPETIC 3\u00a0 si no ha cursat i superat pr\u00e8viament el curs de COMPETIC 2 o acredita l\u2019ACTIC mitj\u00e0.<\/p>\n<h3>Tr\u00e0mits<\/h3>\n<p><strong>\u00a0<\/strong><\/p>\n<p>Per cursar aquest ensenyament cal formalitzar la <a href=\"https:\/\/preinscripcio.gencat.cat\/ca\/estudis\/educacio-adults\/inici\/\">preinscripci\u00f3<\/a> i la matr\u00edcula d&#8217;acord amb el per\u00edode i criteris fixats pel Departament d&#8217;Educaci\u00f3.<\/p>\n<p>&nbsp;<\/p>\n<p>Per obtenir aquesta certificaci\u00f3 l\u2019alumnat haur\u00e0 de realitzar i \u00a0superar un projecte per cada compet\u00e8ncia que cursi. Per tal\u00a0\u00a0\u00a0\u00a0\u00a0\u00a0\u00a0\u00a0\u00a0\u00a0 d\u2019obtenir el certificat de COMPETIC 3 cal assolir dues de les cinc compet\u00e8ncies establertes, com a m\u00ednim, tot i que es poden cursar les cinc establertes en el curr\u00edculum de COMPETIC 3.<\/p>\n<p>&nbsp;<\/p>\n<p>El certificat de superaci\u00f3 del curs de COMPETIC 3 equival al certificat ACTIC avan\u00e7at.<\/p>\n<p>&nbsp;<\/p>\n<h3>Continu\u00eftat<\/h3>\n<p>L\u2019alumnat, per tal d\u2019actualitzar els seus coneixements, es pot tornar a matricular passats dos cursos des de l\u2019\u00faltima \u00a0matr\u00edcula.<\/p>\n","protected":false},"excerpt":{"rendered":"<p>Descripci\u00f3<br \/>\n\u00a0<br \/>\nEls ensenyaments COMPETIC 3 s&#8217;adrecen a les persones que hagin cursat el nivell 2 o tinguin la certificaci\u00f3 ACTIC de nivell mitj\u00e0.<br \/>\nContinguts<br \/>\nEn aquest nivell es treballen les cinc compet\u00e8ncies del nivell avan\u00e7at de l&#8217;acreditaci\u00f3 de compet\u00e8ncies en tecnologies de la informaci\u00f3 i la comunicaci\u00f3 (ACTIC&hellip;  <a href=\"https:\/\/agora.xtec.cat\/cfa-mestre\/ensenyaments\/ensenyaments-transprofessionals\/competencia-digital-competic\/competic-iii\/\" title=\"Read Competic III\">Llegeix m\u00e9s\u00bb<\/a><\/p>\n","protected":false},"author":1,"featured_media":0,"parent":316,"menu_order":3,"comment_status":"closed","ping_status":"closed","template":"","meta":{"_bbp_topic_count":0,"_bbp_reply_count":0,"_bbp_total_topic_count":0,"_bbp_total_reply_count":0,"_bbp_voice_count":0,"_bbp_anonymous_reply_count":0,"_bbp_topic_count_hidden":0,"_bbp_reply_count_hidden":0,"_bbp_forum_subforum_count":0,"footnotes":""},"class_list":["post-894","page","type-page","status-publish","hentry"],"post_mailing_queue_ids":[],"_links":{"self":[{"href":"https:\/\/agora.xtec.cat\/cfa-mestre\/wp-json\/wp\/v2\/pages\/894","targetHints":{"allow":["GET"]}}],"collection":[{"href":"https:\/\/agora.xtec.cat\/cfa-mestre\/wp-json\/wp\/v2\/pages"}],"about":[{"href":"https:\/\/agora.xtec.cat\/cfa-mestre\/wp-json\/wp\/v2\/types\/page"}],"author":[{"embeddable":true,"href":"https:\/\/agora.xtec.cat\/cfa-mestre\/wp-json\/wp\/v2\/users\/1"}],"replies":[{"embeddable":true,"href":"https:\/\/agora.xtec.cat\/cfa-mestre\/wp-json\/wp\/v2\/comments?post=894"}],"version-history":[{"count":2,"href":"https:\/\/agora.xtec.cat\/cfa-mestre\/wp-json\/wp\/v2\/pages\/894\/revisions"}],"predecessor-version":[{"id":912,"href":"https:\/\/agora.xtec.cat\/cfa-mestre\/wp-json\/wp\/v2\/pages\/894\/revisions\/912"}],"up":[{"embeddable":true,"href":"https:\/\/agora.xtec.cat\/cfa-mestre\/wp-json\/wp\/v2\/pages\/316"}],"wp:attachment":[{"href":"https:\/\/agora.xtec.cat\/cfa-mestre\/wp-json\/wp\/v2\/media?parent=894"}],"curies":[{"name":"wp","href":"https:\/\/api.w.org\/{rel}","templated":true}]}}