{"id":892,"date":"2023-07-13T15:48:16","date_gmt":"2023-07-13T13:48:16","guid":{"rendered":"https:\/\/agora.xtec.cat\/cfa-mestre\/?page_id=892"},"modified":"2023-07-13T16:01:46","modified_gmt":"2023-07-13T14:01:46","slug":"competic-ii","status":"publish","type":"page","link":"https:\/\/agora.xtec.cat\/cfa-mestre\/ensenyaments\/ensenyaments-transprofessionals\/competencia-digital-competic\/competic-ii\/","title":{"rendered":"Competic II"},"content":{"rendered":"<p><strong>Descripci<\/strong><strong>\u00f3<\/strong><\/p>\n<p>Els ensenyaments COMPETIC 2 s&#8217;adrecen a les persones que hagin cursat el nivell 1 o que tinguin i puguin acreditar els coneixements relacionats amb el curs de nivell 1.<\/p>\n<p>&nbsp;<\/p>\n<h3>Continguts<\/h3>\n<p><strong>\u00a0<\/strong><\/p>\n<p>En aquest nivell es treballen les vuit compet\u00e8ncies del nivell mitj\u00e0 de l&#8217;acreditaci\u00f3 de compet\u00e8ncies en tecnologies de la informaci\u00f3 i la comunicaci\u00f3 (ACTIC mitj\u00e0):<\/p>\n<p>&nbsp;<\/p>\n<ul>\n<li>Cultura, participaci\u00f3 i civisme digital<\/li>\n<li>Tecnologia digital, \u00fas de l&#8217;ordinador i del sistema operatiu<\/li>\n<li>Navegaci\u00f3 i comunicaci\u00f3 en el m\u00f3n digital<\/li>\n<li>Tractament de la informaci\u00f3 escrita<\/li>\n<li>Tractament de la informaci\u00f3 gr\u00e0fica, sonora i de la imatge en moviment<\/li>\n<li>Tractament de la informaci\u00f3 num\u00e8rica<\/li>\n<li>Tractament de les dades<\/li>\n<li>Presentaci\u00f3 de continguts<\/li>\n<\/ul>\n<p>&nbsp;<\/p>\n<h3>Acc\u00e9s<\/h3>\n<p><strong>\u00a0<\/strong><\/p>\n<p>Per tal de situar l\u2019alumnat en el nivell que li correspon d\u2019acord amb les seves compet\u00e8ncies, si no t\u00e9 una acreditaci\u00f3 pr\u00e8via, en el moment de la preinscripci\u00f3 el centre de formaci\u00f3 d\u2019adults li far\u00e0 una prova de nivell.<\/p>\n<p>&nbsp;<\/p>\n<h3>Tr\u00e0mits<\/h3>\n<p><strong>\u00a0<\/strong><\/p>\n<p>Per cursar aquest ensenyament cal formalitzar la <a href=\"https:\/\/preinscripcio.gencat.cat\/ca\/estudis\/educacio-adults\/inici\/\">preinscripci\u00f3<\/a> i la matr\u00edcula d&#8217;acord amb el per\u00edode i criteris fixats pel Departament d&#8217;Educaci\u00f3.<\/p>\n<p>&nbsp;<\/p>\n<p>El certificat de superaci\u00f3 del curs de COMPETIC 2 equival al certificat ACTIC mitj\u00e0. Per obtenir aquesta certificaci\u00f3 l&#8217;alumnat haur\u00e0 de realitzar i superar un projecte relacionat amb les compet\u00e8ncies que s&#8217;han treballat.<\/p>\n<h3>Continu\u00eftat<\/h3>\n<p>L&#8217;alumnat que supera el curs de COMPETIC 2 pot continuar la seva formaci\u00f3 amb el curs de COMPETIC 3.<\/p>\n","protected":false},"excerpt":{"rendered":"<p>Descripci\u00f3<br \/>\nEls ensenyaments COMPETIC 2 s&#8217;adrecen a les persones que hagin cursat el nivell 1 o que tinguin i puguin acreditar els coneixements relacionats amb el curs de nivell 1.<br \/>\n&nbsp;<br \/>\nContinguts<br \/>\n\u00a0<br \/>\nEn aquest nivell es treballen les vuit compet\u00e8ncies del nivell mitj\u00e0 de l&#8217;acreditaci\u00f3 de compet\u00e8ncies en tecnologies&hellip;  <a href=\"https:\/\/agora.xtec.cat\/cfa-mestre\/ensenyaments\/ensenyaments-transprofessionals\/competencia-digital-competic\/competic-ii\/\" title=\"Read Competic II\">Llegeix m\u00e9s\u00bb<\/a><\/p>\n","protected":false},"author":1,"featured_media":0,"parent":316,"menu_order":2,"comment_status":"closed","ping_status":"closed","template":"","meta":{"_bbp_topic_count":0,"_bbp_reply_count":0,"_bbp_total_topic_count":0,"_bbp_total_reply_count":0,"_bbp_voice_count":0,"_bbp_anonymous_reply_count":0,"_bbp_topic_count_hidden":0,"_bbp_reply_count_hidden":0,"_bbp_forum_subforum_count":0,"footnotes":""},"class_list":["post-892","page","type-page","status-publish","hentry"],"post_mailing_queue_ids":[],"_links":{"self":[{"href":"https:\/\/agora.xtec.cat\/cfa-mestre\/wp-json\/wp\/v2\/pages\/892","targetHints":{"allow":["GET"]}}],"collection":[{"href":"https:\/\/agora.xtec.cat\/cfa-mestre\/wp-json\/wp\/v2\/pages"}],"about":[{"href":"https:\/\/agora.xtec.cat\/cfa-mestre\/wp-json\/wp\/v2\/types\/page"}],"author":[{"embeddable":true,"href":"https:\/\/agora.xtec.cat\/cfa-mestre\/wp-json\/wp\/v2\/users\/1"}],"replies":[{"embeddable":true,"href":"https:\/\/agora.xtec.cat\/cfa-mestre\/wp-json\/wp\/v2\/comments?post=892"}],"version-history":[{"count":2,"href":"https:\/\/agora.xtec.cat\/cfa-mestre\/wp-json\/wp\/v2\/pages\/892\/revisions"}],"predecessor-version":[{"id":911,"href":"https:\/\/agora.xtec.cat\/cfa-mestre\/wp-json\/wp\/v2\/pages\/892\/revisions\/911"}],"up":[{"embeddable":true,"href":"https:\/\/agora.xtec.cat\/cfa-mestre\/wp-json\/wp\/v2\/pages\/316"}],"wp:attachment":[{"href":"https:\/\/agora.xtec.cat\/cfa-mestre\/wp-json\/wp\/v2\/media?parent=892"}],"curies":[{"name":"wp","href":"https:\/\/api.w.org\/{rel}","templated":true}]}}