{"id":888,"date":"2023-07-13T15:47:24","date_gmt":"2023-07-13T13:47:24","guid":{"rendered":"https:\/\/agora.xtec.cat\/cfa-mestre\/?page_id=888"},"modified":"2023-07-13T16:00:45","modified_gmt":"2023-07-13T14:00:45","slug":"competic-i","status":"publish","type":"page","link":"https:\/\/agora.xtec.cat\/cfa-mestre\/ensenyaments\/ensenyaments-transprofessionals\/competencia-digital-competic\/competic-i\/","title":{"rendered":"Competic I"},"content":{"rendered":"<p>COMPETIC 1<\/p>\n<p><strong>Descripci\u00f3<\/strong><\/p>\n<p>Els ensenyaments COMPETIC 1 s&#8217;adrecen a les persones que hagin cursat el nivell inicial o que tinguin i puguin acreditar uns coneixements elementals d&#8217;inform\u00e0tica<\/p>\n<h3>Continguts<\/h3>\n<p><strong>\u00a0<\/strong><\/p>\n<p>En aquest nivell es treballen les tres compet\u00e8ncies del nivell b\u00e0sic de l&#8217;acreditaci\u00f3 de compet\u00e8ncies en tecnologies de la informaci\u00f3 i la comunicaci\u00f3 (ACTIC b\u00e0sic) no recollides a la formaci\u00f3 COMPETIC inicial:<\/p>\n<p>&nbsp;<\/p>\n<ul>\n<li>Tractament de la informaci\u00f3 num\u00e8rica<\/li>\n<li>Tractament de la informaci\u00f3 gr\u00e0fica, sonora i de la imatge en moviment<\/li>\n<li>Cultura, participaci\u00f3 i civisme digital<\/li>\n<\/ul>\n<p>&nbsp;<\/p>\n<h3>Acc\u00e9s<\/h3>\n<p><strong>\u00a0<\/strong><\/p>\n<p>Per tal de situar l\u2019alumnat en el nivell que li correspon d\u2019acord amb les seves compet\u00e8ncies, si no t\u00e9 una acreditaci\u00f3 pr\u00e8via, en el moment de la preinscripci\u00f3 el centre de formaci\u00f3 d\u2019adults li far\u00e0 una prova de nivell.<\/p>\n<p>&nbsp;<\/p>\n<h3>Tr\u00e0mits<\/h3>\n<p><strong>\u00a0<\/strong><\/p>\n<p>Per cursar aquest ensenyament cal formalitzar la <a href=\"https:\/\/preinscripcio.gencat.cat\/ca\/estudis\/educacio-adults\/inici\/\">preinscripci\u00f3<\/a> i la matr\u00edcula d&#8217;acord amb el per\u00edode i criteris fixats pel Departament d&#8217;Educaci\u00f3.<\/p>\n<p>&nbsp;<\/p>\n<p>El certificat de superaci\u00f3 del curso de COMPETIC 1 equival al certificat ACTIC b\u00e0sic. Per obtenir aquesta certificaci\u00f3 l\u2019alumnat haur\u00e0 de realitzar i superar un projecte relacionat amb les compet\u00e8ncies que s\u2019han treballat.<\/p>\n<p>&nbsp;<\/p>\n<h3>Continu\u00eftat<\/h3>\n<p><strong>\u00a0<\/strong><\/p>\n<p><strong>Sortides acad\u00e8miques<\/strong><\/p>\n<p>&nbsp;<\/p>\n<p>L&#8217;alumnat que supera el curs de COMPETIC Inicial pot continuar la seva formaci\u00f3 amb el curs de COMPETIC 2.<\/p>\n","protected":false},"excerpt":{"rendered":"<p>COMPETIC 1<br \/>\nDescripci\u00f3<br \/>\nEls ensenyaments COMPETIC 1 s&#8217;adrecen a les persones que hagin cursat el nivell inicial o que tinguin i puguin acreditar uns coneixements elementals d&#8217;inform\u00e0tica<br \/>\nContinguts<br \/>\n\u00a0<br \/>\nEn aquest nivell es treballen les tres compet\u00e8ncies del nivell b\u00e0sic de l&#8217;acreditaci\u00f3 de compet\u00e8ncies en tecnologies de la informaci\u00f3 i&hellip;  <a href=\"https:\/\/agora.xtec.cat\/cfa-mestre\/ensenyaments\/ensenyaments-transprofessionals\/competencia-digital-competic\/competic-i\/\" title=\"Read Competic I\">Llegeix m\u00e9s\u00bb<\/a><\/p>\n","protected":false},"author":1,"featured_media":0,"parent":316,"menu_order":1,"comment_status":"closed","ping_status":"closed","template":"","meta":{"_bbp_topic_count":0,"_bbp_reply_count":0,"_bbp_total_topic_count":0,"_bbp_total_reply_count":0,"_bbp_voice_count":0,"_bbp_anonymous_reply_count":0,"_bbp_topic_count_hidden":0,"_bbp_reply_count_hidden":0,"_bbp_forum_subforum_count":0,"footnotes":""},"class_list":["post-888","page","type-page","status-publish","hentry"],"post_mailing_queue_ids":[],"_links":{"self":[{"href":"https:\/\/agora.xtec.cat\/cfa-mestre\/wp-json\/wp\/v2\/pages\/888","targetHints":{"allow":["GET"]}}],"collection":[{"href":"https:\/\/agora.xtec.cat\/cfa-mestre\/wp-json\/wp\/v2\/pages"}],"about":[{"href":"https:\/\/agora.xtec.cat\/cfa-mestre\/wp-json\/wp\/v2\/types\/page"}],"author":[{"embeddable":true,"href":"https:\/\/agora.xtec.cat\/cfa-mestre\/wp-json\/wp\/v2\/users\/1"}],"replies":[{"embeddable":true,"href":"https:\/\/agora.xtec.cat\/cfa-mestre\/wp-json\/wp\/v2\/comments?post=888"}],"version-history":[{"count":2,"href":"https:\/\/agora.xtec.cat\/cfa-mestre\/wp-json\/wp\/v2\/pages\/888\/revisions"}],"predecessor-version":[{"id":910,"href":"https:\/\/agora.xtec.cat\/cfa-mestre\/wp-json\/wp\/v2\/pages\/888\/revisions\/910"}],"up":[{"embeddable":true,"href":"https:\/\/agora.xtec.cat\/cfa-mestre\/wp-json\/wp\/v2\/pages\/316"}],"wp:attachment":[{"href":"https:\/\/agora.xtec.cat\/cfa-mestre\/wp-json\/wp\/v2\/media?parent=888"}],"curies":[{"name":"wp","href":"https:\/\/api.w.org\/{rel}","templated":true}]}}