{"id":39,"date":"2014-09-17T16:36:44","date_gmt":"2014-09-17T16:36:44","guid":{"rendered":"http:\/\/agora.xtec.cat\/cfa-mestre\/?page_id=39"},"modified":"2024-02-14T17:12:18","modified_gmt":"2024-02-14T16:12:18","slug":"instal%c2%b7lacions","status":"publish","type":"page","link":"https:\/\/agora.xtec.cat\/cfa-mestre\/el-centre\/instal%c2%b7lacions\/","title":{"rendered":"Instal\u00b7lacions"},"content":{"rendered":"\r\n\t<div class=\"slideshow_container slideshow_container_style-light\" style=\"height: 200px; \" data-slideshow-id=\"31\" data-style-name=\"style-light\" data-style-version=\"2.3.1\" >\r\n\r\n\t\t\t\t\t<div class=\"slideshow_loading_icon\"><\/div>\r\n\t\t\r\n\t\t<div class=\"slideshow_content\" style=\"display: none;\">\r\n\r\n\t\t\t<div class=\"slideshow_view\">\r\n\t\t\t\t<div class=\"slideshow_slide slideshow_slide_image\">\r\n\t\t\t\t\t\t\t\t\t\t\t<img src=\"https:\/\/agora.xtec.cat\/cfa-mestre\/wp-content\/uploads\/usu833\/2014\/09\/exemple3b.png\" alt=\"Gimn\u00e0s\" width=\"800\" height=\"600\" \/>\r\n\t\t\t\t\t\t\t\t\t\t<div class=\"slideshow_description_box slideshow_transparent\">\r\n\t\t\t\t\t\t<div class=\"slideshow_title\">Gimn\u00e0s<\/div>\t\t\t\t\t\t<div class=\"slideshow_description\">Breu descripci\u00f3<\/div>\t\t\t\t\t<\/div>\r\n\t\t\t\t<\/div>\r\n\r\n\t\t\t\t\t\t<div style=\"clear: both;\"><\/div><\/div><div class=\"slideshow_view\">\r\n\t\t\t\t<div class=\"slideshow_slide slideshow_slide_image\">\r\n\t\t\t\t\t\t\t\t\t\t\t<img src=\"https:\/\/agora.xtec.cat\/cfa-mestre\/wp-content\/uploads\/usu833\/2014\/09\/exemple1b.png\" alt=\"Aules polivalents\" width=\"350\" height=\"250\" \/>\r\n\t\t\t\t\t\t\t\t\t\t<div class=\"slideshow_description_box slideshow_transparent\">\r\n\t\t\t\t\t\t<div class=\"slideshow_title\">Aules polivalents<\/div>\t\t\t\t\t\t<div class=\"slideshow_description\">Breu descripci\u00f3<\/div>\t\t\t\t\t<\/div>\r\n\t\t\t\t<\/div>\r\n\r\n\t\t\t\t\t\t<div style=\"clear: both;\"><\/div><\/div><div class=\"slideshow_view\">\r\n\t\t\t\t<div class=\"slideshow_slide slideshow_slide_image\">\r\n\t\t\t\t\t\t\t\t\t\t\t<img src=\"https:\/\/agora.xtec.cat\/cfa-mestre\/wp-content\/uploads\/usu833\/2014\/09\/exemple3.png\" alt=\"Sala d&#039;actes\" width=\"800\" height=\"600\" \/>\r\n\t\t\t\t\t\t\t\t\t\t<div class=\"slideshow_description_box slideshow_transparent\">\r\n\t\t\t\t\t\t<div class=\"slideshow_title\">Sala d&#039;actes<\/div>\t\t\t\t\t\t\t\t\t\t\t<\/div>\r\n\t\t\t\t<\/div>\r\n\r\n\t\t\t\t\t\t<div style=\"clear: both;\"><\/div><\/div>\r\n\t\t<\/div>\r\n\r\n\t\t<div class=\"slideshow_controlPanel slideshow_transparent\" style=\"display: none;\"><ul><li class=\"slideshow_togglePlay\" data-play-text=\"Visualitza\" data-pause-text=\"Pausa\"><\/li><\/ul><\/div>\r\n\r\n\t\t<div class=\"slideshow_button slideshow_previous slideshow_transparent\" role=\"button\" data-previous-text=\"Anterior\" style=\"display: none;\"><\/div>\r\n\t\t<div class=\"slideshow_button slideshow_next slideshow_transparent\" role=\"button\" data-next-text=\"Seg\u00fcent\" style=\"display: none;\"><\/div>\r\n\r\n\t\t<div class=\"slideshow_pagination\" style=\"display: none;\" data-go-to-text=\"V\u00e9s a la diapositiva\"><div class=\"slideshow_pagination_center\"><\/div><\/div>\r\n\r\n\t\t<!-- WordPress Slideshow Version 2.3.1 -->\r\n\r\n\t\t\t<\/div>\r\n\r\n\n<p>&nbsp;<\/p>\n<p><span style=\"font-weight: 400;\">Des del 2010, el CFA Mestre Esteve ocupa la segona planta de l&#8217;edifici Collserola, amb una superf\u00edcie total de 1400 m<\/span><span style=\"font-weight: 400;\">2<\/span><span style=\"font-weight: 400;\">, dels quals 830 m<\/span><span style=\"font-weight: 400;\">2<\/span><span style=\"font-weight: 400;\"> s\u00f3n \u00fatils.<\/span><\/p>\n<p><span style=\"font-weight: 400;\">Les instal\u00b7lacions s\u00f3n bones i adequades a les necessitats del centre: sis aules, dues aules d\u2019inform\u00e0tica, aula d\u2019autoformaci\u00f3, biblioteca, espais per desdoblaments i la seva dotaci\u00f3 tamb\u00e9 \u00e9s bona pel que fa a dotaci\u00f3 inform\u00e0tica. A part de les dues aules d\u2019inform\u00e0tica (24 ordinadors per aula), i de l\u2019aula d\u2019autoformaci\u00f3 (12 ordinadors), les 6 aules disposen de pissarres digitals, i tres d\u2019elles hi tenen ordinadors, amb 12 ordinadors cadascuna. El centre ha apostat per la tecnologia i, a pesar de no disposar de gaires dotacions del departament d\u2019Ensenyament i tenir poc pressupost, ha fet el que ha pogut per dotar-se en aquest aspecte. Tamb\u00e9 disposa de 8 ordinadors port\u00e0tils per a l\u2019\u00fas del professorat del pla d\u2019acceleraci\u00f3 digital i de 10 ordinadors port\u00e0tils de dotaci\u00f3 del centre, aix\u00ed com de 3 tauletes donades per l\u2019Ajuntament.<\/span><\/p>\n<p><span style=\"font-weight: 400;\">Totes les aules i despatxos tenen punts de connexi\u00f3 LAN i per tota la planta hi ha connexi\u00f3 wi-fi.<\/span><\/p>\n","protected":false},"excerpt":{"rendered":"<p>\t\t\t\t\t\tGimn\u00e0s\t\t\t\t\t\tBreu descripci\u00f3\t\t\t\t\t<\/p>\n<p>\t\t\t\t\t\tAules polivalents\t\t\t\t\t\tBreu descripci\u00f3\t\t\t\t\t<\/p>\n<p>\t\t\t\t\t\tSala d&#039;actes\t\t\t\t\t\t\t\t\t\t\t<\/p>\n<ul>\n<li class=\"slideshow_togglePlay\" data-play-text=\"Visualitza\" data-pause-text=\"Pausa\"><\/li>\n<\/ul>\n<p>&nbsp;<br \/>\nDes del 2010, el CFA Mestre Esteve ocupa la segona planta de l&#8217;edifici Collserola, amb una superf\u00edcie total de 1400 m2, dels quals 830 m2 s\u00f3n \u00fatils.<br \/>\nLes instal\u00b7lacions s\u00f3n bones i adequades a les necessitats del centre: sis&hellip;  <a href=\"https:\/\/agora.xtec.cat\/cfa-mestre\/el-centre\/instal%c2%b7lacions\/\" title=\"Read Instal\u00b7lacions\">Llegeix m\u00e9s\u00bb<\/a><\/p>\n","protected":false},"author":1,"featured_media":0,"parent":261,"menu_order":30,"comment_status":"closed","ping_status":"closed","template":"page-templates\/side-menu.php","meta":{"_bbp_topic_count":0,"_bbp_reply_count":0,"_bbp_total_topic_count":0,"_bbp_total_reply_count":0,"_bbp_voice_count":0,"_bbp_anonymous_reply_count":0,"_bbp_topic_count_hidden":0,"_bbp_reply_count_hidden":0,"_bbp_forum_subforum_count":0,"footnotes":""},"class_list":["post-39","page","type-page","status-publish","hentry"],"post_mailing_queue_ids":[],"_links":{"self":[{"href":"https:\/\/agora.xtec.cat\/cfa-mestre\/wp-json\/wp\/v2\/pages\/39","targetHints":{"allow":["GET"]}}],"collection":[{"href":"https:\/\/agora.xtec.cat\/cfa-mestre\/wp-json\/wp\/v2\/pages"}],"about":[{"href":"https:\/\/agora.xtec.cat\/cfa-mestre\/wp-json\/wp\/v2\/types\/page"}],"author":[{"embeddable":true,"href":"https:\/\/agora.xtec.cat\/cfa-mestre\/wp-json\/wp\/v2\/users\/1"}],"replies":[{"embeddable":true,"href":"https:\/\/agora.xtec.cat\/cfa-mestre\/wp-json\/wp\/v2\/comments?post=39"}],"version-history":[{"count":4,"href":"https:\/\/agora.xtec.cat\/cfa-mestre\/wp-json\/wp\/v2\/pages\/39\/revisions"}],"predecessor-version":[{"id":880,"href":"https:\/\/agora.xtec.cat\/cfa-mestre\/wp-json\/wp\/v2\/pages\/39\/revisions\/880"}],"up":[{"embeddable":true,"href":"https:\/\/agora.xtec.cat\/cfa-mestre\/wp-json\/wp\/v2\/pages\/261"}],"wp:attachment":[{"href":"https:\/\/agora.xtec.cat\/cfa-mestre\/wp-json\/wp\/v2\/media?parent=39"}],"curies":[{"name":"wp","href":"https:\/\/api.w.org\/{rel}","templated":true}]}}