{"id":322,"date":"2022-01-28T11:36:17","date_gmt":"2022-01-28T10:36:17","guid":{"rendered":"http:\/\/agora.xtec.cat\/cfa-mestre\/?page_id=322"},"modified":"2023-07-11T11:58:53","modified_gmt":"2023-07-11T09:58:53","slug":"a-la-universitat-per-a-majors-de-25-anys","status":"publish","type":"page","link":"https:\/\/agora.xtec.cat\/cfa-mestre\/ensenyaments\/ensenyaments-per-a-la-preparacio-de-proves-dacces\/a-la-universitat-per-a-majors-de-25-anys\/","title":{"rendered":"A la universitat per a majors de 25 anys"},"content":{"rendered":"<p>Aquest curs et prepara per a les proves d&#8217;acc\u00e9s a la universitat per a majors de 25 anys.<\/p>\n<p>La finalitat b\u00e0sica d\u2019aquest curs \u00e9s assolir uns coneixements que permetin superar la<b>\u00a0prova oficial<\/b>\u00a0de la Generalitat de Catalunya d\u2019acc\u00e9s a la universitat per a persones m\u00e9s grans de 25 anys, i integrar-se despr\u00e9s amb \u00e8xit a la comunitat universit\u00e0ria.<\/p>\n<p>Els\u00a0<strong>requisits d\u2019acc\u00e9s<\/strong>\u00a0per realitzar aquest curs s\u00f3n: tenir m\u00ednim 25 anys, no haver superat la PAU i no tenir un t\u00edtol de t\u00e8cnic superior. El temari del\u00a0<strong>curs d\u2019acc\u00e9s a la universitat per a majors de 25<\/strong>\u00a0consta d\u2019assignatures comunes a tots els estudis m\u00e9s les assignatures espec\u00edfiques necess\u00e0ries per als estudis universitaris que es vulguin cursar.<\/p>\n<p>&nbsp;<\/p>\n<p><a href=\"https:\/\/universitats.gencat.cat\/ca\/acces-universitat\/acces-segons-perfils-estudiants\/tinc-mes-25-anys\/\">Podeu consultar la darrera convocat\u00f2ria de majors de 25 anys fent clic aqu\u00ed.<\/a><\/p>\n<p><a href=\"https:\/\/universitats.gencat.cat\/ca\/acces-universitat\/acces-segons-perfils-estudiants\/tinc-mes-45-anys\/\">Podeu consultar la darrera convocat\u00f2ria de majors de 45 anys fent clic aqu\u00ed.<\/a><\/p>\n<p>&nbsp;<\/p>\n<p>&nbsp;<\/p>\n<p>&nbsp;<\/p>\n","protected":false},"excerpt":{"rendered":"<p>Aquest curs et prepara per a les proves d&#8217;acc\u00e9s a la universitat per a majors de 25 anys.<br \/>\nLa finalitat b\u00e0sica d\u2019aquest curs \u00e9s assolir uns coneixements que permetin superar la\u00a0prova oficial\u00a0de la Generalitat de Catalunya d\u2019acc\u00e9s a la universitat per a persones m\u00e9s grans de&hellip;  <a href=\"https:\/\/agora.xtec.cat\/cfa-mestre\/ensenyaments\/ensenyaments-per-a-la-preparacio-de-proves-dacces\/a-la-universitat-per-a-majors-de-25-anys\/\" title=\"Read A la universitat per a majors de 25 anys\">Llegeix m\u00e9s\u00bb<\/a><\/p>\n","protected":false},"author":1,"featured_media":0,"parent":288,"menu_order":0,"comment_status":"closed","ping_status":"closed","template":"page-templates\/side-menu.php","meta":{"_bbp_topic_count":0,"_bbp_reply_count":0,"_bbp_total_topic_count":0,"_bbp_total_reply_count":0,"_bbp_voice_count":0,"_bbp_anonymous_reply_count":0,"_bbp_topic_count_hidden":0,"_bbp_reply_count_hidden":0,"_bbp_forum_subforum_count":0,"footnotes":""},"class_list":["post-322","page","type-page","status-publish","hentry"],"post_mailing_queue_ids":[],"_links":{"self":[{"href":"https:\/\/agora.xtec.cat\/cfa-mestre\/wp-json\/wp\/v2\/pages\/322","targetHints":{"allow":["GET"]}}],"collection":[{"href":"https:\/\/agora.xtec.cat\/cfa-mestre\/wp-json\/wp\/v2\/pages"}],"about":[{"href":"https:\/\/agora.xtec.cat\/cfa-mestre\/wp-json\/wp\/v2\/types\/page"}],"author":[{"embeddable":true,"href":"https:\/\/agora.xtec.cat\/cfa-mestre\/wp-json\/wp\/v2\/users\/1"}],"replies":[{"embeddable":true,"href":"https:\/\/agora.xtec.cat\/cfa-mestre\/wp-json\/wp\/v2\/comments?post=322"}],"version-history":[{"count":3,"href":"https:\/\/agora.xtec.cat\/cfa-mestre\/wp-json\/wp\/v2\/pages\/322\/revisions"}],"predecessor-version":[{"id":876,"href":"https:\/\/agora.xtec.cat\/cfa-mestre\/wp-json\/wp\/v2\/pages\/322\/revisions\/876"}],"up":[{"embeddable":true,"href":"https:\/\/agora.xtec.cat\/cfa-mestre\/wp-json\/wp\/v2\/pages\/288"}],"wp:attachment":[{"href":"https:\/\/agora.xtec.cat\/cfa-mestre\/wp-json\/wp\/v2\/media?parent=322"}],"curies":[{"name":"wp","href":"https:\/\/api.w.org\/{rel}","templated":true}]}}