{"id":320,"date":"2022-01-28T11:35:13","date_gmt":"2022-01-28T10:35:13","guid":{"rendered":"http:\/\/agora.xtec.cat\/cfa-mestre\/?page_id=320"},"modified":"2023-07-13T15:57:14","modified_gmt":"2023-07-13T13:57:14","slug":"a-cicles-formatius-de-grau-superior","status":"publish","type":"page","link":"https:\/\/agora.xtec.cat\/cfa-mestre\/ensenyaments\/ensenyaments-per-a-la-preparacio-de-proves-dacces\/a-cicles-formatius-de-grau-superior\/","title":{"rendered":"A cicles formatius de grau superior"},"content":{"rendered":"<p>Al centre oferim el c<span style=\"font-family: inherit; font-size: 1em;\">urs de preparaci\u00f3 de les proves d&#8217;acc\u00e9s a cicles formatius de grau superior. Aquest curs et prepara per presentar-te a la\u00a0prova d&#8217;acc\u00e9s a cicles formatius de grau superior. Hi pots accedir si tens m\u00e9s de 18 anys o els compleixes durant l&#8217;any natural, tot i que per fer les proves haur\u00e0s de ser major de 19 anys si no disposes d&#8217;un cicle formatiu de grau mitj\u00e0.<\/span><\/p>\n<p>L&#8217;escola t\u00e9 un grup de preparaci\u00f3 al mat\u00ed.<\/p>\n<p>A l&#8217;escola l&#8217;alumnat es prepara per a les comunes (Catal\u00e0, Castell\u00e0, Angl\u00e8s i Matem\u00e0tiques). Les espec\u00edfiques es fan a trav\u00e9s de l&#8217;IOC, l&#8217;Institut Obert de Catalunya.<\/p>\n<p>L&#8217;alumnat pot preparar la part comuna de la prova, la part espec\u00edfica, o totes dues.\u00a0<strong>A les persones que a la prova obtinguin una qualificaci\u00f3 global igual o superior a 4, se&#8217;ls aplicar\u00e0 un 20% de la qualificaci\u00f3 obtinguda en el curs de preparaci\u00f3.<\/strong><\/p>\n<p><a href=\"https:\/\/educacio.gencat.cat\/ca\/serveis-tramits\/proves\/proves-acces\/gs-fp\/index.html\">Podeu consultar la darrera convocat\u00f2ria fent clic aqu\u00ed.<\/a><\/p>\n<p>&nbsp;<\/p>\n","protected":false},"excerpt":{"rendered":"<p>Al centre oferim el curs de preparaci\u00f3 de les proves d&#8217;acc\u00e9s a cicles formatius de grau superior. Aquest curs et prepara per presentar-te a la\u00a0prova d&#8217;acc\u00e9s a cicles formatius de grau superior. Hi pots accedir si tens m\u00e9s de 18 anys o els compleixes durant&hellip;  <a href=\"https:\/\/agora.xtec.cat\/cfa-mestre\/ensenyaments\/ensenyaments-per-a-la-preparacio-de-proves-dacces\/a-cicles-formatius-de-grau-superior\/\" title=\"Read A cicles formatius de grau superior\">Llegeix m\u00e9s\u00bb<\/a><\/p>\n","protected":false},"author":1,"featured_media":0,"parent":288,"menu_order":0,"comment_status":"closed","ping_status":"closed","template":"page-templates\/side-menu.php","meta":{"_bbp_topic_count":0,"_bbp_reply_count":0,"_bbp_total_topic_count":0,"_bbp_total_reply_count":0,"_bbp_voice_count":0,"_bbp_anonymous_reply_count":0,"_bbp_topic_count_hidden":0,"_bbp_reply_count_hidden":0,"_bbp_forum_subforum_count":0,"footnotes":""},"class_list":["post-320","page","type-page","status-publish","hentry"],"post_mailing_queue_ids":[],"_links":{"self":[{"href":"https:\/\/agora.xtec.cat\/cfa-mestre\/wp-json\/wp\/v2\/pages\/320","targetHints":{"allow":["GET"]}}],"collection":[{"href":"https:\/\/agora.xtec.cat\/cfa-mestre\/wp-json\/wp\/v2\/pages"}],"about":[{"href":"https:\/\/agora.xtec.cat\/cfa-mestre\/wp-json\/wp\/v2\/types\/page"}],"author":[{"embeddable":true,"href":"https:\/\/agora.xtec.cat\/cfa-mestre\/wp-json\/wp\/v2\/users\/1"}],"replies":[{"embeddable":true,"href":"https:\/\/agora.xtec.cat\/cfa-mestre\/wp-json\/wp\/v2\/comments?post=320"}],"version-history":[{"count":4,"href":"https:\/\/agora.xtec.cat\/cfa-mestre\/wp-json\/wp\/v2\/pages\/320\/revisions"}],"predecessor-version":[{"id":907,"href":"https:\/\/agora.xtec.cat\/cfa-mestre\/wp-json\/wp\/v2\/pages\/320\/revisions\/907"}],"up":[{"embeddable":true,"href":"https:\/\/agora.xtec.cat\/cfa-mestre\/wp-json\/wp\/v2\/pages\/288"}],"wp:attachment":[{"href":"https:\/\/agora.xtec.cat\/cfa-mestre\/wp-json\/wp\/v2\/media?parent=320"}],"curies":[{"name":"wp","href":"https:\/\/api.w.org\/{rel}","templated":true}]}}