{"id":316,"date":"2022-01-28T11:33:51","date_gmt":"2022-01-28T10:33:51","guid":{"rendered":"http:\/\/agora.xtec.cat\/cfa-mestre\/?page_id=316"},"modified":"2023-07-13T15:52:15","modified_gmt":"2023-07-13T13:52:15","slug":"competencia-digital-competic","status":"publish","type":"page","link":"https:\/\/agora.xtec.cat\/cfa-mestre\/ensenyaments\/ensenyaments-transprofessionals\/competencia-digital-competic\/","title":{"rendered":"Compet\u00e8ncia digital COMPETIC"},"content":{"rendered":"<p>Els ensenyaments d&#8217;inform\u00e0tica pretenen facilitar-te l&#8217;adquisici\u00f3 de la compet\u00e8ncia digital: coneixements, habilitats i actituds en l&#8217;\u00e0mbit de les TIC (tecnologies de la informaci\u00f3 i la comunicaci\u00f3). Aquests estudis es divideixen en el nivell inicial d&#8217;inform\u00e0tica i el nivell usuari d&#8217;inform\u00e0tica.<\/p>\n<p>Acc\u00e9s<\/p>\n<p>Poden accedir a aquests estudis totes les persones que tenen m\u00e9s de 18 anys o b\u00e9 els compleixen durant l\u2019any natural en qu\u00e8 inicien la formaci\u00f3.<\/p>\n<ul style=\"list-style-type: square;\">\n<li><strong>COMPETIC INICIAL<\/strong>, que permet adquirir les compet\u00e8ncies m\u00e9s b\u00e0siques d&#8217;us de l&#8217;ordinador, recerques a internet i \u00fas b\u00e0sic del tel\u00e8fon m\u00f2bil.<\/li>\n<li>COMPETIC 1, que permet obtenir el certificat equivalent al ACTIC B\u00c0SIC, on es treballen les compet\u00e8ncies a nivell principiant del paquet office, recerques, seguretat inform\u00e0tica i tel\u00e8fons m\u00f2vils.<\/li>\n<li>COMPETIC 2, que permet obtenir el certificat equivalent al ACTIC INTERMIG, on es treballen les compet\u00e8ncies a nivell intermig del paquet office i edici\u00f3 d&#8217;imatge i \u00e0udio.<\/li>\n<li>COMPETIC 3, que permet obtenir el certificat equivalent al ACTIC AVAN\u00c7AT. Es imprescindible tenir el nivell de competic 2 o actic intermig aprobat per accedir-hi. Es treballa una compet\u00e8ncia cada trimestre a nivell avan\u00e7at.<\/li>\n<\/ul>\n","protected":false},"excerpt":{"rendered":"<p>Els ensenyaments d&#8217;inform\u00e0tica pretenen facilitar-te l&#8217;adquisici\u00f3 de la compet\u00e8ncia digital: coneixements, habilitats i actituds en l&#8217;\u00e0mbit de les TIC (tecnologies de la informaci\u00f3 i la comunicaci\u00f3). Aquests estudis es divideixen en el nivell inicial d&#8217;inform\u00e0tica i el nivell usuari d&#8217;inform\u00e0tica.<br \/>\nAcc\u00e9s<br \/>\nPoden accedir a aquests estudis totes&hellip;  <a href=\"https:\/\/agora.xtec.cat\/cfa-mestre\/ensenyaments\/ensenyaments-transprofessionals\/competencia-digital-competic\/\" title=\"Read Compet\u00e8ncia digital COMPETIC\">Llegeix m\u00e9s\u00bb<\/a><\/p>\n","protected":false},"author":1,"featured_media":0,"parent":286,"menu_order":0,"comment_status":"closed","ping_status":"closed","template":"page-templates\/side-menu.php","meta":{"_bbp_topic_count":0,"_bbp_reply_count":0,"_bbp_total_topic_count":0,"_bbp_total_reply_count":0,"_bbp_voice_count":0,"_bbp_anonymous_reply_count":0,"_bbp_topic_count_hidden":0,"_bbp_reply_count_hidden":0,"_bbp_forum_subforum_count":0,"footnotes":""},"class_list":["post-316","page","type-page","status-publish","hentry"],"post_mailing_queue_ids":[],"_links":{"self":[{"href":"https:\/\/agora.xtec.cat\/cfa-mestre\/wp-json\/wp\/v2\/pages\/316","targetHints":{"allow":["GET"]}}],"collection":[{"href":"https:\/\/agora.xtec.cat\/cfa-mestre\/wp-json\/wp\/v2\/pages"}],"about":[{"href":"https:\/\/agora.xtec.cat\/cfa-mestre\/wp-json\/wp\/v2\/types\/page"}],"author":[{"embeddable":true,"href":"https:\/\/agora.xtec.cat\/cfa-mestre\/wp-json\/wp\/v2\/users\/1"}],"replies":[{"embeddable":true,"href":"https:\/\/agora.xtec.cat\/cfa-mestre\/wp-json\/wp\/v2\/comments?post=316"}],"version-history":[{"count":4,"href":"https:\/\/agora.xtec.cat\/cfa-mestre\/wp-json\/wp\/v2\/pages\/316\/revisions"}],"predecessor-version":[{"id":902,"href":"https:\/\/agora.xtec.cat\/cfa-mestre\/wp-json\/wp\/v2\/pages\/316\/revisions\/902"}],"up":[{"embeddable":true,"href":"https:\/\/agora.xtec.cat\/cfa-mestre\/wp-json\/wp\/v2\/pages\/286"}],"wp:attachment":[{"href":"https:\/\/agora.xtec.cat\/cfa-mestre\/wp-json\/wp\/v2\/media?parent=316"}],"curies":[{"name":"wp","href":"https:\/\/api.w.org\/{rel}","templated":true}]}}