{"id":312,"date":"2015-01-28T11:32:38","date_gmt":"2015-01-28T10:32:38","guid":{"rendered":"http:\/\/agora.xtec.cat\/cfa-mestre\/?page_id=312"},"modified":"2023-07-17T10:10:09","modified_gmt":"2023-07-17T08:10:09","slug":"llengua-anglesa","status":"publish","type":"page","link":"https:\/\/agora.xtec.cat\/cfa-mestre\/ensenyaments\/ensenyaments-transprofessionals\/llengua-anglesa\/","title":{"rendered":"Llengua anglesa"},"content":{"rendered":"<p>Poden accedir a aquests estudis totes les persones que tenen m\u00e9s de 18 anys o b\u00e9 els compleixen durant l&#8217;any natural en qu\u00e8 inicien la formaci\u00f3.<\/p>\n<p>Oferim cursos de nivell 1, 2 i 3.<\/p>\n<p><strong>Nivell 1<br \/>\n<\/strong>Curs anual de 3 hores setmanals i un total de 105 hores. Correspon al nivell A1 del marc europeu com\u00fa de refer\u00e8ncia per a les lleng\u00fces (elementary).<\/p>\n<p><strong>Nivell 2<br \/>\n<\/strong>Curs anual de 4 hores setmanals i un total de 140 hores. Correspon al nivell A2.1 del marc europeu com\u00fa de refer\u00e8ncia per a les lleng\u00fces (pre-intermediate).<br \/>\n<strong><br \/>\nNivell 3<br \/>\n<\/strong>Curs anual de 4 hores setmanals i un total de 140 hores. Correspon al nivell A2.2 del marc europeu com\u00fa de refer\u00e8ncia per a les lleng\u00fces (pre-intermediate).<\/p>\n<p>La matr\u00edcula \u00e9s gratu\u00efta perqu\u00e8 som un centre p\u00fablic.<\/p>\n","protected":false},"excerpt":{"rendered":"<p>Poden accedir a aquests estudis totes les persones que tenen m\u00e9s de 18 anys o b\u00e9 els compleixen durant l&#8217;any natural en qu\u00e8 inicien la formaci\u00f3.<br \/>\nOferim cursos de nivell 1, 2 i 3.<br \/>\nNivell 1<br \/>\nCurs anual de 3 hores setmanals i un total de 105 hores.&hellip;  <a href=\"https:\/\/agora.xtec.cat\/cfa-mestre\/ensenyaments\/ensenyaments-transprofessionals\/llengua-anglesa\/\" title=\"Read Llengua anglesa\">Llegeix m\u00e9s\u00bb<\/a><\/p>\n","protected":false},"author":1,"featured_media":0,"parent":286,"menu_order":0,"comment_status":"closed","ping_status":"closed","template":"page-templates\/side-menu.php","meta":{"_bbp_topic_count":0,"_bbp_reply_count":0,"_bbp_total_topic_count":0,"_bbp_total_reply_count":0,"_bbp_voice_count":0,"_bbp_anonymous_reply_count":0,"_bbp_topic_count_hidden":0,"_bbp_reply_count_hidden":0,"_bbp_forum_subforum_count":0,"footnotes":""},"class_list":["post-312","page","type-page","status-publish","hentry"],"post_mailing_queue_ids":[],"_links":{"self":[{"href":"https:\/\/agora.xtec.cat\/cfa-mestre\/wp-json\/wp\/v2\/pages\/312","targetHints":{"allow":["GET"]}}],"collection":[{"href":"https:\/\/agora.xtec.cat\/cfa-mestre\/wp-json\/wp\/v2\/pages"}],"about":[{"href":"https:\/\/agora.xtec.cat\/cfa-mestre\/wp-json\/wp\/v2\/types\/page"}],"author":[{"embeddable":true,"href":"https:\/\/agora.xtec.cat\/cfa-mestre\/wp-json\/wp\/v2\/users\/1"}],"replies":[{"embeddable":true,"href":"https:\/\/agora.xtec.cat\/cfa-mestre\/wp-json\/wp\/v2\/comments?post=312"}],"version-history":[{"count":3,"href":"https:\/\/agora.xtec.cat\/cfa-mestre\/wp-json\/wp\/v2\/pages\/312\/revisions"}],"predecessor-version":[{"id":918,"href":"https:\/\/agora.xtec.cat\/cfa-mestre\/wp-json\/wp\/v2\/pages\/312\/revisions\/918"}],"up":[{"embeddable":true,"href":"https:\/\/agora.xtec.cat\/cfa-mestre\/wp-json\/wp\/v2\/pages\/286"}],"wp:attachment":[{"href":"https:\/\/agora.xtec.cat\/cfa-mestre\/wp-json\/wp\/v2\/media?parent=312"}],"curies":[{"name":"wp","href":"https:\/\/api.w.org\/{rel}","templated":true}]}}