{"id":303,"date":"2015-01-28T11:23:05","date_gmt":"2015-01-28T10:23:05","guid":{"rendered":"http:\/\/agora.xtec.cat\/cfa-mestre\/?page_id=303"},"modified":"2023-07-11T12:00:00","modified_gmt":"2023-07-11T10:00:00","slug":"graduat-en-educacio-secundaria-per-adults","status":"publish","type":"page","link":"https:\/\/agora.xtec.cat\/cfa-mestre\/ensenyaments\/ensenyaments-inicials-i-formacio-basica\/graduat-en-educacio-secundaria-per-adults\/","title":{"rendered":"Graduat en educaci\u00f3 secundaria per adults (GESO)"},"content":{"rendered":"<ul>\n<li>\n<h3>Qu\u00e8 \u00e9s?<\/h3>\n<h3><\/h3>\n<p>Correspon a l\u2019 Educaci\u00f3 Secund\u00e0ria Obligat\u00f2ria, ESO.<\/p>\n<ul>\n<li>\u00a0Permet l\u2019acc\u00e9s al Batxillerat, als Cicles Formatius de Grau Mitj\u00e0 o al m\u00f3n laboral.<\/li>\n<li>\u00a0S\u2019organitza en M\u00f2duls trimestrals de tres \u00e0mbits: Socials, Comunicaci\u00f3 (lleng\u00fces) i Ci\u00e8ncies.<\/li>\n<li>\u00a0L\u2019avaluaci\u00f3 \u00e9s cont\u00ednua al centre i l\u2019assist\u00e8ncia a classe necess\u00e0ria.<\/li>\n<li>\u00a0Per fer tot el programa s\u2019ha d\u2019assistir un m\u00ednim de tres hores di\u00e0ries de dilluns a divendres.<\/li>\n<li>\u00a0S\u2019ha de tenir 18 anys abans del dia 1 de gener de l\u2019any seg\u00fcent al de l\u2019inici del curs.<\/li>\n<\/ul>\n<\/li>\n<li>\n<h3>Durada dels estudis<\/h3>\n<ul>\n<li>S\u2019estructura en dos nivells: GES 1 i GES 2.<\/li>\n<li>Es pot cursar en un o dos anys segons els resultats de la prova de nivell o b\u00e9 per convalidaci\u00f3 d\u2019estudis anteriors.<\/li>\n<li>Horari mat\u00ed o vespre.<\/li>\n<\/ul>\n<\/li>\n<\/ul>\n<ul>\n<li>Aquests estudis ofereixen a les persones adultes la possibilitat de reprendre els seus estudis i aconseguir el t\u00edtol de Graduat en Educaci\u00f3 Secund\u00e0ria.Els continguts curriculars dels tres \u00e0mbits de coneixement estan estructurats en m\u00f2duls i aix\u00f2 permet confeccionar itineraris formatius trimestrals i personalitzats amb flexibilitat hor\u00e0ria.<\/li>\n<\/ul>\n","protected":false},"excerpt":{"rendered":"<ul>\n<li>\nQu\u00e8 \u00e9s?<\/p>\n<p>Correspon a l\u2019 Educaci\u00f3 Secund\u00e0ria Obligat\u00f2ria, ESO.<\/p>\n<ul>\n<li>\u00a0Permet l\u2019acc\u00e9s al Batxillerat, als Cicles Formatius de Grau Mitj\u00e0 o al m\u00f3n laboral.<\/li>\n<li>\u00a0S\u2019organitza en M\u00f2duls trimestrals de tres \u00e0mbits: Socials, Comunicaci\u00f3 (lleng\u00fces) i Ci\u00e8ncies.<\/li>\n<li>\u00a0L\u2019avaluaci\u00f3 \u00e9s cont\u00ednua al centre i l\u2019assist\u00e8ncia a classe necess\u00e0ria.<\/li>\n<li>\u00a0Per fer tot el programa&hellip;  <a href=\"https:\/\/agora.xtec.cat\/cfa-mestre\/ensenyaments\/ensenyaments-inicials-i-formacio-basica\/graduat-en-educacio-secundaria-per-adults\/\" title=\"Read Graduat en educaci\u00f3 secundaria per adults (GESO)\">Llegeix m\u00e9s\u00bb<\/a><br \/>\n","protected":false},"author":1,"featured_media":0,"parent":283,"menu_order":0,"comment_status":"closed","ping_status":"closed","template":"page-templates\/side-menu.php","meta":{"_bbp_topic_count":0,"_bbp_reply_count":0,"_bbp_total_topic_count":0,"_bbp_total_reply_count":0,"_bbp_voice_count":0,"_bbp_anonymous_reply_count":0,"_bbp_topic_count_hidden":0,"_bbp_reply_count_hidden":0,"_bbp_forum_subforum_count":0,"footnotes":""},"class_list":["post-303","page","type-page","status-publish","hentry"],"post_mailing_queue_ids":[],"_links":{"self":[{"href":"https:\/\/agora.xtec.cat\/cfa-mestre\/wp-json\/wp\/v2\/pages\/303","targetHints":{"allow":["GET"]}}],"collection":[{"href":"https:\/\/agora.xtec.cat\/cfa-mestre\/wp-json\/wp\/v2\/pages"}],"about":[{"href":"https:\/\/agora.xtec.cat\/cfa-mestre\/wp-json\/wp\/v2\/types\/page"}],"author":[{"embeddable":true,"href":"https:\/\/agora.xtec.cat\/cfa-mestre\/wp-json\/wp\/v2\/users\/1"}],"replies":[{"embeddable":true,"href":"https:\/\/agora.xtec.cat\/cfa-mestre\/wp-json\/wp\/v2\/comments?post=303"}],"version-history":[{"count":3,"href":"https:\/\/agora.xtec.cat\/cfa-mestre\/wp-json\/wp\/v2\/pages\/303\/revisions"}],"predecessor-version":[{"id":877,"href":"https:\/\/agora.xtec.cat\/cfa-mestre\/wp-json\/wp\/v2\/pages\/303\/revisions\/877"}],"up":[{"embeddable":true,"href":"https:\/\/agora.xtec.cat\/cfa-mestre\/wp-json\/wp\/v2\/pages\/283"}],"wp:attachment":[{"href":"https:\/\/agora.xtec.cat\/cfa-mestre\/wp-json\/wp\/v2\/media?parent=303"}],"curies":[{"name":"wp","href":"https:\/\/api.w.org\/{rel}","templated":true}]}}