{"id":301,"date":"2015-01-28T11:21:46","date_gmt":"2015-01-28T10:21:46","guid":{"rendered":"http:\/\/agora.xtec.cat\/cfa-mestre\/?page_id=301"},"modified":"2023-07-13T15:50:26","modified_gmt":"2023-07-13T13:50:26","slug":"formacio-instrumental","status":"publish","type":"page","link":"https:\/\/agora.xtec.cat\/cfa-mestre\/ensenyaments\/ensenyaments-inicials-i-formacio-basica\/formacio-instrumental\/","title":{"rendered":"Formaci\u00f3 instrumental"},"content":{"rendered":"<p><strong>Descripci\u00f3<\/strong><\/p>\n<p>Aquests ensenyaments permeten assolir unes compet\u00e8ncies m\u00ednimes, equiparables a les dels estudis d\u2019educaci\u00f3 prim\u00e0ria, per tal de facilitar la integraci\u00f3 i la participaci\u00f3 social, la inserci\u00f3 laboral, el desenvolupament de la pr\u00f2pia autonomia i la millora de la conviv\u00e8ncia.<\/p>\n<p><strong>Continguts<\/strong><\/p>\n<p>Els continguts s&#8217;organitzen en\u00a0<strong>quatre nivells i dos \u00e0rees de coneixement:<\/strong><\/p>\n<p><strong>\u00c0rees curriculars<\/strong><\/p>\n<ul>\n<li>Ling\u00fc\u00edstica (castellana, catalana, angl\u00e8s)<\/li>\n<li>Matem\u00e0tica<\/li>\n<li>Medi natural, social i cultural<\/li>\n<\/ul>\n<p><strong>\u00a0<\/strong><\/p>\n<p><strong>Compet\u00e8ncies transversals<\/strong><\/p>\n<ul>\n<li>Digital<\/li>\n<li>Personal, social i laboral<\/li>\n<\/ul>\n<p><strong>\u00a0<\/strong><\/p>\n<p><strong>Certificacions<\/strong><\/p>\n<p><strong>\u00a0<\/strong><\/p>\n<table>\n<tbody>\n<tr>\n<td colspan=\"2\" width=\"192\"><strong>Cicles i nivells<\/strong><\/td>\n<td width=\"174\"><strong>Tipus de certificaci\u00f3<\/strong><\/td>\n<td width=\"210\"><strong>Equival\u00e8ncies reconegudes<\/strong><\/td>\n<\/tr>\n<tr>\n<td rowspan=\"2\" width=\"46\"><strong>\u00a0<\/strong><\/p>\n<p><strong>1r cicle<\/strong><\/td>\n<td colspan=\"3\" width=\"530\"><strong>\u00a0<\/strong><\/td>\n<\/tr>\n<tr>\n<td width=\"146\"><strong>\u00a0<\/strong><\/p>\n<p><strong>2n<\/strong><\/p>\n<p><strong>nivell<\/strong><\/td>\n<td width=\"174\"><strong>Certificat de primer cicle de formaci\u00f3 instrumental<\/strong><\/td>\n<td width=\"210\"><strong>Nivell inicial de les lleng\u00fces catalana i castellana segons el MECR<\/strong><\/td>\n<\/tr>\n<tr>\n<td rowspan=\"2\" width=\"46\"><strong>2n<\/strong><\/p>\n<p><strong>cicle<\/strong><\/td>\n<td colspan=\"3\" width=\"530\"><strong>\u00a0<\/strong><\/td>\n<\/tr>\n<tr>\n<td width=\"146\"><strong>\u00a0<\/strong><\/p>\n<p><strong>4t<\/strong><\/p>\n<p><strong>nivell<\/strong><\/td>\n<td width=\"174\"><strong>\u00a0<\/strong><\/p>\n<p><strong>Certificat de formaci\u00f3 instrumental<\/strong><\/td>\n<td width=\"210\"><strong>Nivell b\u00e0sic d les lleng\u00fces catalana i castellana segons el MECR COMPETIC inicial o equivalent<\/strong><\/td>\n<\/tr>\n<\/tbody>\n<\/table>\n<p><strong>\u00a0<\/strong><\/p>\n<p>L&#8217;organitzaci\u00f3 d\u2019aquests ensenyaments \u00e9s flexible, oberta i inclusiva, orientada a la personalitzaci\u00f3, l\u2019autoaprenentatge i l\u2019autonomia de l\u2019alumnat.<\/p>\n<p>&nbsp;<\/p>\n<p>L\u2019alumnat \u00e9s protagonista i agent actiu de l\u2019aprenentatge i t\u00e9 al docent o la docent com a guia.<\/p>\n","protected":false},"excerpt":{"rendered":"<p>Descripci\u00f3<br \/>\nAquests ensenyaments permeten assolir unes compet\u00e8ncies m\u00ednimes, equiparables a les dels estudis d\u2019educaci\u00f3 prim\u00e0ria, per tal de facilitar la integraci\u00f3 i la participaci\u00f3 social, la inserci\u00f3 laboral, el desenvolupament de la pr\u00f2pia autonomia i la millora de la conviv\u00e8ncia.<br \/>\nContinguts<br \/>\nEls continguts s&#8217;organitzen en\u00a0quatre nivells i dos&hellip;  <a href=\"https:\/\/agora.xtec.cat\/cfa-mestre\/ensenyaments\/ensenyaments-inicials-i-formacio-basica\/formacio-instrumental\/\" title=\"Read Formaci\u00f3 instrumental\">Llegeix m\u00e9s\u00bb<\/a><\/p>\n","protected":false},"author":1,"featured_media":0,"parent":283,"menu_order":0,"comment_status":"closed","ping_status":"closed","template":"page-templates\/side-menu.php","meta":{"_bbp_topic_count":0,"_bbp_reply_count":0,"_bbp_total_topic_count":0,"_bbp_total_reply_count":0,"_bbp_voice_count":0,"_bbp_anonymous_reply_count":0,"_bbp_topic_count_hidden":0,"_bbp_reply_count_hidden":0,"_bbp_forum_subforum_count":0,"footnotes":""},"class_list":["post-301","page","type-page","status-publish","hentry"],"post_mailing_queue_ids":[],"_links":{"self":[{"href":"https:\/\/agora.xtec.cat\/cfa-mestre\/wp-json\/wp\/v2\/pages\/301","targetHints":{"allow":["GET"]}}],"collection":[{"href":"https:\/\/agora.xtec.cat\/cfa-mestre\/wp-json\/wp\/v2\/pages"}],"about":[{"href":"https:\/\/agora.xtec.cat\/cfa-mestre\/wp-json\/wp\/v2\/types\/page"}],"author":[{"embeddable":true,"href":"https:\/\/agora.xtec.cat\/cfa-mestre\/wp-json\/wp\/v2\/users\/1"}],"replies":[{"embeddable":true,"href":"https:\/\/agora.xtec.cat\/cfa-mestre\/wp-json\/wp\/v2\/comments?post=301"}],"version-history":[{"count":3,"href":"https:\/\/agora.xtec.cat\/cfa-mestre\/wp-json\/wp\/v2\/pages\/301\/revisions"}],"predecessor-version":[{"id":897,"href":"https:\/\/agora.xtec.cat\/cfa-mestre\/wp-json\/wp\/v2\/pages\/301\/revisions\/897"}],"up":[{"embeddable":true,"href":"https:\/\/agora.xtec.cat\/cfa-mestre\/wp-json\/wp\/v2\/pages\/283"}],"wp:attachment":[{"href":"https:\/\/agora.xtec.cat\/cfa-mestre\/wp-json\/wp\/v2\/media?parent=301"}],"curies":[{"name":"wp","href":"https:\/\/api.w.org\/{rel}","templated":true}]}}