{"id":299,"date":"2015-01-28T11:21:22","date_gmt":"2015-01-28T10:21:22","guid":{"rendered":"http:\/\/agora.xtec.cat\/cfa-mestre\/?page_id=299"},"modified":"2023-07-11T09:50:19","modified_gmt":"2023-07-11T07:50:19","slug":"llengua-castellana","status":"publish","type":"page","link":"https:\/\/agora.xtec.cat\/cfa-mestre\/ensenyaments\/ensenyaments-inicials-i-formacio-basica\/llengua-castellana\/","title":{"rendered":"Llengua castellana"},"content":{"rendered":"<ul>\n<li>Poden accedir a aquests estudis totes les persones que tenen m\u00e9s de 18 anys o b\u00e9 els compleixen durant l&#8217;any natural en qu\u00e8 inicien la formaci\u00f3. Quan hi ha un motiu justificat, tamb\u00e9 hi poden accedir les persones que tenen m\u00e9s de 16 anys i les que els compleixen durant l&#8217;any natural en qu\u00e8 inicien la formaci\u00f3.<\/li>\n<li>Oferim cursos de nivell 1 i 2.<\/li>\n<\/ul>\n<p>&nbsp;<\/p>\n<p><strong>Nivell 1<br \/>\n<\/strong>Curs anual de 3 hores setmanals i un total de 105 hores. Correspon al nivell A1 del marc europeu com\u00fa de refer\u00e8ncia per a les lleng\u00fces.<\/p>\n<p><strong>Nivell 2<br \/>\n<\/strong>Curs anual de 4 hores setmanals i un toral de 140 hores. Correspon al nivell A2 del marc europeu com\u00fa de refer\u00e8ncia per a les lleng\u00fces.<\/p>\n<p>El certificat em\u00e8s \u00e9s v\u00e0lid per a l&#8217;obtenci\u00f3 de la nacionalitat espanyola.<\/p>\n","protected":false},"excerpt":{"rendered":"<ul>\n<li>Poden accedir a aquests estudis totes les persones que tenen m\u00e9s de 18 anys o b\u00e9 els compleixen durant l&#8217;any natural en qu\u00e8 inicien la formaci\u00f3. Quan hi ha un motiu justificat, tamb\u00e9 hi poden accedir les persones que tenen m\u00e9s de 16 anys i&hellip;  <a href=\"https:\/\/agora.xtec.cat\/cfa-mestre\/ensenyaments\/ensenyaments-inicials-i-formacio-basica\/llengua-castellana\/\" title=\"Read Llengua castellana\">Llegeix m\u00e9s\u00bb<\/a><br \/>\n","protected":false},"author":1,"featured_media":0,"parent":283,"menu_order":0,"comment_status":"closed","ping_status":"closed","template":"page-templates\/side-menu.php","meta":{"_bbp_topic_count":0,"_bbp_reply_count":0,"_bbp_total_topic_count":0,"_bbp_total_reply_count":0,"_bbp_voice_count":0,"_bbp_anonymous_reply_count":0,"_bbp_topic_count_hidden":0,"_bbp_reply_count_hidden":0,"_bbp_forum_subforum_count":0,"footnotes":""},"class_list":["post-299","page","type-page","status-publish","hentry"],"post_mailing_queue_ids":[],"_links":{"self":[{"href":"https:\/\/agora.xtec.cat\/cfa-mestre\/wp-json\/wp\/v2\/pages\/299","targetHints":{"allow":["GET"]}}],"collection":[{"href":"https:\/\/agora.xtec.cat\/cfa-mestre\/wp-json\/wp\/v2\/pages"}],"about":[{"href":"https:\/\/agora.xtec.cat\/cfa-mestre\/wp-json\/wp\/v2\/types\/page"}],"author":[{"embeddable":true,"href":"https:\/\/agora.xtec.cat\/cfa-mestre\/wp-json\/wp\/v2\/users\/1"}],"replies":[{"embeddable":true,"href":"https:\/\/agora.xtec.cat\/cfa-mestre\/wp-json\/wp\/v2\/comments?post=299"}],"version-history":[{"count":3,"href":"https:\/\/agora.xtec.cat\/cfa-mestre\/wp-json\/wp\/v2\/pages\/299\/revisions"}],"predecessor-version":[{"id":871,"href":"https:\/\/agora.xtec.cat\/cfa-mestre\/wp-json\/wp\/v2\/pages\/299\/revisions\/871"}],"up":[{"embeddable":true,"href":"https:\/\/agora.xtec.cat\/cfa-mestre\/wp-json\/wp\/v2\/pages\/283"}],"wp:attachment":[{"href":"https:\/\/agora.xtec.cat\/cfa-mestre\/wp-json\/wp\/v2\/media?parent=299"}],"curies":[{"name":"wp","href":"https:\/\/api.w.org\/{rel}","templated":true}]}}