{"id":296,"date":"2015-01-28T11:18:08","date_gmt":"2015-01-28T10:18:08","guid":{"rendered":"http:\/\/agora.xtec.cat\/cfa-mestre\/?page_id=296"},"modified":"2023-07-17T10:09:01","modified_gmt":"2023-07-17T08:09:01","slug":"llengua-catalana","status":"publish","type":"page","link":"https:\/\/agora.xtec.cat\/cfa-mestre\/ensenyaments\/ensenyaments-inicials-i-formacio-basica\/llengua-catalana\/","title":{"rendered":"Llengua catalana"},"content":{"rendered":"<ul>\n<li>Poden accedir a aquests estudis totes les persones que tenen m\u00e9s de 18 anys o b\u00e9 els compleixen durant l&#8217;any natural en qu\u00e8 inicien la formaci\u00f3. Quan hi ha un motiu justificat, tamb\u00e9 hi poden accedir les persones que tenen m\u00e9s de 16 anys i les que els compleixen durant l&#8217;any natural en qu\u00e8 inicien la formaci\u00f3.Nom\u00e9s oferim el curs de nivell 1.<\/li>\n<\/ul>\n<p><strong>Nivell 1<br \/>\n<\/strong>Curs anual de 3 hores setmanals i un total de 105 hores. Correspon al nivell A1 del marc europeu com\u00fa de refer\u00e8ncia per a les lleng\u00fces.<\/p>\n<p>&nbsp;<\/p>\n<p>La matr\u00edcula \u00e9s gratu\u00efta perqu\u00e8 som un centre p\u00fablic.<\/p>\n","protected":false},"excerpt":{"rendered":"<ul>\n<li>Poden accedir a aquests estudis totes les persones que tenen m\u00e9s de 18 anys o b\u00e9 els compleixen durant l&#8217;any natural en qu\u00e8 inicien la formaci\u00f3. Quan hi ha un motiu justificat, tamb\u00e9 hi poden accedir les persones que tenen m\u00e9s de 16 anys i&hellip;  <a href=\"https:\/\/agora.xtec.cat\/cfa-mestre\/ensenyaments\/ensenyaments-inicials-i-formacio-basica\/llengua-catalana\/\" title=\"Read Llengua catalana\">Llegeix m\u00e9s\u00bb<\/a><br \/>\n","protected":false},"author":1,"featured_media":0,"parent":283,"menu_order":0,"comment_status":"closed","ping_status":"closed","template":"page-templates\/side-menu.php","meta":{"_bbp_topic_count":0,"_bbp_reply_count":0,"_bbp_total_topic_count":0,"_bbp_total_reply_count":0,"_bbp_voice_count":0,"_bbp_anonymous_reply_count":0,"_bbp_topic_count_hidden":0,"_bbp_reply_count_hidden":0,"_bbp_forum_subforum_count":0,"footnotes":""},"class_list":["post-296","page","type-page","status-publish","hentry"],"post_mailing_queue_ids":[],"_links":{"self":[{"href":"https:\/\/agora.xtec.cat\/cfa-mestre\/wp-json\/wp\/v2\/pages\/296","targetHints":{"allow":["GET"]}}],"collection":[{"href":"https:\/\/agora.xtec.cat\/cfa-mestre\/wp-json\/wp\/v2\/pages"}],"about":[{"href":"https:\/\/agora.xtec.cat\/cfa-mestre\/wp-json\/wp\/v2\/types\/page"}],"author":[{"embeddable":true,"href":"https:\/\/agora.xtec.cat\/cfa-mestre\/wp-json\/wp\/v2\/users\/1"}],"replies":[{"embeddable":true,"href":"https:\/\/agora.xtec.cat\/cfa-mestre\/wp-json\/wp\/v2\/comments?post=296"}],"version-history":[{"count":3,"href":"https:\/\/agora.xtec.cat\/cfa-mestre\/wp-json\/wp\/v2\/pages\/296\/revisions"}],"predecessor-version":[{"id":917,"href":"https:\/\/agora.xtec.cat\/cfa-mestre\/wp-json\/wp\/v2\/pages\/296\/revisions\/917"}],"up":[{"embeddable":true,"href":"https:\/\/agora.xtec.cat\/cfa-mestre\/wp-json\/wp\/v2\/pages\/283"}],"wp:attachment":[{"href":"https:\/\/agora.xtec.cat\/cfa-mestre\/wp-json\/wp\/v2\/media?parent=296"}],"curies":[{"name":"wp","href":"https:\/\/api.w.org\/{rel}","templated":true}]}}