{"id":27,"date":"2014-09-17T16:24:03","date_gmt":"2014-09-17T16:24:03","guid":{"rendered":"http:\/\/agora.xtec.cat\/cfa-mestre\/?page_id=27"},"modified":"2024-02-14T17:08:08","modified_gmt":"2024-02-14T16:08:08","slug":"historia","status":"publish","type":"page","link":"https:\/\/agora.xtec.cat\/cfa-mestre\/el-centre\/historia\/","title":{"rendered":"Hist\u00f2ria"},"content":{"rendered":"<p>El CFA Mestre Esteve va a iniciar la seva activitat a comen\u00e7aments de l&#8217;any 1980 amb la finalitat de donar resposta a les necessitats de formaci\u00f3 b\u00e0sica de les persones adultes de Sant Feliu. En aquells moments, quatre mestres es van encarregar d&#8217;organitzar i posar en marxa l&#8217;anomenada Escola d&#8217;Adults Sant Feliu de Llobregat al col\u00b7legi Nadal. Posteriorment, va passar, durant un any, a un institut, que es trobava en condicions ru\u00efnoses. Despr\u00e9s es va traslladar a l&#8217;antiga f\u00e0brica Samaranch, que era una nau buida i que durant un temps es va compartir amb l&#8217;institut de formaci\u00f3 professional.<\/p>\n<p><a href=\"http:\/\/agora.xtec.cat\/cfa-mestre\/wp-content\/uploads\/usu833\/2014\/09\/exemple1b.png\"><img loading=\"lazy\" decoding=\"async\" class=\"size-medium wp-image-33 aligncenter\" src=\"http:\/\/agora.xtec.cat\/cfa-mestre\/wp-content\/uploads\/usu833\/2014\/09\/exemple1b-300x214.png\" alt=\"exemple1b\" width=\"300\" height=\"214\" srcset=\"https:\/\/agora.xtec.cat\/cfa-mestre\/wp-content\/uploads\/usu833\/2014\/09\/exemple1b-300x214.png 300w, https:\/\/agora.xtec.cat\/cfa-mestre\/wp-content\/uploads\/usu833\/2014\/09\/exemple1b.png 350w\" sizes=\"auto, (max-width: 300px) 100vw, 300px\" \/><\/a><\/p>\n<p>&nbsp;<\/p>\n<p>&nbsp;<\/p>\n<p>&nbsp;<\/p>\n<p>A continuaci\u00f3, l\u2019escola va a estar durant cinc anys en uns barracons d&#8217;una escola de prim\u00e0ria al carrer de les Roses. Per solucionar aquesta situaci\u00f3 i donar un empla\u00e7ament propi i definitiu a l&#8217;escola, es va habilitar l&#8217;espai on hi havia el p\u00e0rquing de l&#8217;escola Monmany i el 25 de mar\u00e7 de 1995 es va inaugurar el Centre amb l&#8217;aula d&#8217; Autoformaci\u00f3 en la pla\u00e7a Ferrer i Gu\u00e0rdia. L&#8217;Escola de Persones Adultes s&#8217;ubica, de manera independent, als baixos del CEIP Monmany. El 2010 aquesta escola ha d&#8217;ampliar-se en una l\u00ednia i es trasllada el Centre de Recursos i el Creda que es troben ocupant espais del CEIP als locals de l&#8217;escola, i que es traslladen a l&#8217;espai de l&#8217;escola d&#8217;adults, la qual traslladen, al seu torn, al segon pis de l&#8217;Aula Sant Feliu. Aquest \u00e9s un centre de formaci\u00f3 agrupat on s&#8217;hi pot trobar unaa \u00e0mplia oferta formativa de caire ocupacional, adre\u00e7ada a persones majors de 16 anys. Aquest edifici est\u00e0 situat al barri residencial de Les Grasses, molt allunyat del centre de la ciutat, i on la majoria dels alumnes s&#8217;han de despla\u00e7ar en autob\u00fas o cotxe.<\/p>\n<p>&nbsp;<\/p>\n","protected":false},"excerpt":{"rendered":"<p>El CFA Mestre Esteve va a iniciar la seva activitat a comen\u00e7aments de l&#8217;any 1980 amb la finalitat de donar resposta a les necessitats de formaci\u00f3 b\u00e0sica de les persones adultes de Sant Feliu. En aquells moments, quatre mestres es van encarregar d&#8217;organitzar i posar&hellip;  <a href=\"https:\/\/agora.xtec.cat\/cfa-mestre\/el-centre\/historia\/\" title=\"Read Hist\u00f2ria\">Llegeix m\u00e9s\u00bb<\/a><\/p>\n","protected":false},"author":1,"featured_media":0,"parent":261,"menu_order":20,"comment_status":"closed","ping_status":"closed","template":"page-templates\/side-menu.php","meta":{"_bbp_topic_count":0,"_bbp_reply_count":0,"_bbp_total_topic_count":0,"_bbp_total_reply_count":0,"_bbp_voice_count":0,"_bbp_anonymous_reply_count":0,"_bbp_topic_count_hidden":0,"_bbp_reply_count_hidden":0,"_bbp_forum_subforum_count":0,"footnotes":""},"class_list":["post-27","page","type-page","status-publish","hentry"],"post_mailing_queue_ids":[],"_links":{"self":[{"href":"https:\/\/agora.xtec.cat\/cfa-mestre\/wp-json\/wp\/v2\/pages\/27","targetHints":{"allow":["GET"]}}],"collection":[{"href":"https:\/\/agora.xtec.cat\/cfa-mestre\/wp-json\/wp\/v2\/pages"}],"about":[{"href":"https:\/\/agora.xtec.cat\/cfa-mestre\/wp-json\/wp\/v2\/types\/page"}],"author":[{"embeddable":true,"href":"https:\/\/agora.xtec.cat\/cfa-mestre\/wp-json\/wp\/v2\/users\/1"}],"replies":[{"embeddable":true,"href":"https:\/\/agora.xtec.cat\/cfa-mestre\/wp-json\/wp\/v2\/comments?post=27"}],"version-history":[{"count":4,"href":"https:\/\/agora.xtec.cat\/cfa-mestre\/wp-json\/wp\/v2\/pages\/27\/revisions"}],"predecessor-version":[{"id":919,"href":"https:\/\/agora.xtec.cat\/cfa-mestre\/wp-json\/wp\/v2\/pages\/27\/revisions\/919"}],"up":[{"embeddable":true,"href":"https:\/\/agora.xtec.cat\/cfa-mestre\/wp-json\/wp\/v2\/pages\/261"}],"wp:attachment":[{"href":"https:\/\/agora.xtec.cat\/cfa-mestre\/wp-json\/wp\/v2\/media?parent=27"}],"curies":[{"name":"wp","href":"https:\/\/api.w.org\/{rel}","templated":true}]}}