{"id":261,"date":"2015-01-27T17:25:01","date_gmt":"2015-01-27T16:25:01","guid":{"rendered":"http:\/\/agora.xtec.cat\/cfa-mestre\/?page_id=261"},"modified":"2023-07-11T12:20:40","modified_gmt":"2023-07-11T10:20:40","slug":"el-centre","status":"publish","type":"page","link":"https:\/\/agora.xtec.cat\/cfa-mestre\/el-centre\/","title":{"rendered":"El Centre"},"content":{"rendered":"<p><span style=\"font-weight: 400;\">El Centre de Formaci\u00f3 d&#8217;Adults Mestre Esteve, \u00e9s un centre p\u00fablic dependent del Departament d&#8217;Educaci\u00f3 de la Generalitat de Catalunya que dona resposta a les necessitats educatives de les persones majors de 18 anys, i de joves d&#8217;entre 16 i 18 anys en els casos contemplats a la normativa.<\/span><\/p>\n<p><span style=\"font-weight: 400;\">El Centre \u00e9s al municipi de Sant Feliu de Llobregat, capital de la comarca del Baix Llobregat i pertanyent a l&#8217;\u00c0rea metropolitana de Barcelona.<\/span><\/p>\n<p><span style=\"font-weight: 400;\">La plantilla del centre est\u00e0 composta per un total de vuit docents a jornada completa, juntament amb un altre docent a mitja jornada.<\/span><\/p>\n<p><span style=\"font-weight: 400;\">El centre ocupa, des de fa catorze cursos, la segona planta de l\u2019Aula Sant Feliu, que \u00e9s un centre de formaci\u00f3 agrupat on es pot trobar una \u00e0mplia oferta formativa de car\u00e0cter ocupacional, adre\u00e7ada a persones majors de 16 anys. Aquest edifici est\u00e0 situat al Barri residencial de Les Grasses, molt allunyat dels barris amb nivell sociocultural baix. La majoria dels alumnes es desplacen en autob\u00fas o vehicle particular. La ubicaci\u00f3, llunyana del centre de la ciutat, fa que algunes persones deixin d\u2019assistir a l&#8217;escola.<\/span><\/p>\n<p><span style=\"font-weight: 400;\">Les relacions de coordinaci\u00f3 amb els serveis d\u2019aquest edifici s\u00f3n especialment amb els PFI-PTT, programa de Joves per a l&#8217;ocupaci\u00f3, Fem ocupaci\u00f3 per a joves i Casa d\u2019oficis (especialitat d\u2019animaci\u00f3 sociocultural).<\/span><\/p>\n","protected":false},"excerpt":{"rendered":"<p>El Centre de Formaci\u00f3 d&#8217;Adults Mestre Esteve, \u00e9s un centre p\u00fablic dependent del Departament d&#8217;Educaci\u00f3 de la Generalitat de Catalunya que dona resposta a les necessitats educatives de les persones majors de 18 anys, i de joves d&#8217;entre 16 i 18 anys en els casos&hellip;  <a href=\"https:\/\/agora.xtec.cat\/cfa-mestre\/el-centre\/\" title=\"Read El Centre\">Llegeix m\u00e9s\u00bb<\/a><\/p>\n","protected":false},"author":1,"featured_media":0,"parent":0,"menu_order":0,"comment_status":"closed","ping_status":"closed","template":"page-templates\/side-menu.php","meta":{"_bbp_topic_count":0,"_bbp_reply_count":0,"_bbp_total_topic_count":0,"_bbp_total_reply_count":0,"_bbp_voice_count":0,"_bbp_anonymous_reply_count":0,"_bbp_topic_count_hidden":0,"_bbp_reply_count_hidden":0,"_bbp_forum_subforum_count":0,"footnotes":""},"class_list":["post-261","page","type-page","status-publish","hentry"],"post_mailing_queue_ids":[],"_links":{"self":[{"href":"https:\/\/agora.xtec.cat\/cfa-mestre\/wp-json\/wp\/v2\/pages\/261","targetHints":{"allow":["GET"]}}],"collection":[{"href":"https:\/\/agora.xtec.cat\/cfa-mestre\/wp-json\/wp\/v2\/pages"}],"about":[{"href":"https:\/\/agora.xtec.cat\/cfa-mestre\/wp-json\/wp\/v2\/types\/page"}],"author":[{"embeddable":true,"href":"https:\/\/agora.xtec.cat\/cfa-mestre\/wp-json\/wp\/v2\/users\/1"}],"replies":[{"embeddable":true,"href":"https:\/\/agora.xtec.cat\/cfa-mestre\/wp-json\/wp\/v2\/comments?post=261"}],"version-history":[{"count":2,"href":"https:\/\/agora.xtec.cat\/cfa-mestre\/wp-json\/wp\/v2\/pages\/261\/revisions"}],"predecessor-version":[{"id":879,"href":"https:\/\/agora.xtec.cat\/cfa-mestre\/wp-json\/wp\/v2\/pages\/261\/revisions\/879"}],"wp:attachment":[{"href":"https:\/\/agora.xtec.cat\/cfa-mestre\/wp-json\/wp\/v2\/media?parent=261"}],"curies":[{"name":"wp","href":"https:\/\/api.w.org\/{rel}","templated":true}]}}