{"id":758,"date":"2020-04-11T23:50:20","date_gmt":"2020-04-11T21:50:20","guid":{"rendered":"http:\/\/agora.xtec.cat\/cfa-martorell\/?page_id=758"},"modified":"2026-01-22T11:38:49","modified_gmt":"2026-01-22T10:38:49","slug":"matricula-tardor-2023-nous","status":"publish","type":"page","link":"https:\/\/agora.xtec.cat\/cfa-martorell\/alumnat-de-lioc\/matricula-tardor-2023-nous\/","title":{"rendered":"Matr\u00edcula PRIMAVERA 2026 (NOUS)"},"content":{"rendered":"<div>\n<p><span style=\"font-size: 1.125em; font-weight: bold;\">Alumnat NOU de l&#8217;IOC (GES a dist\u00e0ncia):<\/span><\/p>\n<\/div>\n<p>Les persones interessades han de:<\/p>\n<p><b>1.<\/b> Fer la sol\u00b7licitud de preinscripci\u00f3 <strong>DEL 3 AL 9 DE FEBRER DE 2026<\/strong>, <strong>abans<\/strong>\u00a0heu d&#8217;haver obtingut la\u00a0<strong>clau d&#8217;acc\u00e9s personal<\/strong>\u00a0al campus de l\u2019IOC:\u00a0<a href=\"https:\/\/ioc.xtec.cat\/educacio\/ges#matricula\" target=\"_blank\" rel=\"noopener noreferrer\" data-saferedirecturl=\"https:\/\/www.google.com\/url?q=https:\/\/ioc.xtec.cat\/educacio\/ges%23matricula&amp;source=gmail&amp;ust=1674568161192000&amp;usg=AOvVaw1-w9fzz9ibWz2P8BSAa3na\"><strong>consulteu aquesta informaci\u00f3<\/strong><\/a>\u00a0que, a tal efecte, t\u00e9 publicat l\u2019IOC a la seva p\u00e0gina web i feu els apartats<strong>\u00a01, 2 3 i 4.\u00a0<\/strong>L\u2019aplicaci\u00f3 de preinscripci\u00f3 estar\u00e0 oberta des <strong>del 3 al 9 de febrer del 2026<\/strong>. Recordeu que heu de triar com a centre de suport\u00a0<strong>CFA Pedro D\u00edaz (Martorell)<\/strong><\/p>\n<p><b>2.<\/b>\u00a0Escanejar i penjar la documentaci\u00f3 en la vostra fitxa, tot i seguint les indicacions de l\u2019IOC.<\/p>\n<p><strong>3.<\/strong> Hi haur\u00e0 xerrada informativa presencial els dies:<\/p>\n<p><strong>divendres 6 de febrer a les 11:30<\/strong><\/p>\n<p><strong>dilluns 9 de febrer a les 15:00<\/strong><\/p>\n<p>L\u2019assist\u00e8ncia a aquesta reuni\u00f3 \u00e9s <span style=\"color: #ff0000;\"><strong>obligat\u00f2ria\u00a0<\/strong><\/span>per a poder\u00a0<span style=\"color: #ff0000;\"><strong>acabar de formalitzar la matr\u00edcula<\/strong><\/span>. <strong>Durada aproximada una hora i mitj\u00e0.<\/strong><\/p>\n","protected":false},"excerpt":{"rendered":"<p>Alumnat NOU de l&#8217;IOC (GES a dist\u00e0ncia):<\/p>\n<p>Les persones interessades han de:<br \/>\n1. Fer la sol\u00b7licitud de preinscripci\u00f3 DEL 3 AL 9 DE FEBRER DE 2026, abans\u00a0heu d&#8217;haver obtingut la\u00a0clau d&#8217;acc\u00e9s personal\u00a0al campus de l\u2019IOC:\u00a0<a href=\"https:\/\/ioc.xtec.cat\/educacio\/ges#matricula\" target=\"_blank\" rel=\"noopener noreferrer\" data-saferedirecturl=\"https:\/\/www.google.com\/url?q=https:\/\/ioc.xtec.cat\/educacio\/ges%23matricula&amp;source=gmail&amp;ust=1674568161192000&amp;usg=AOvVaw1-w9fzz9ibWz2P8BSAa3na\">consulteu aquesta informaci\u00f3<\/a>\u00a0que, a tal efecte, t\u00e9 publicat&hellip;  <a href=\"https:\/\/agora.xtec.cat\/cfa-martorell\/alumnat-de-lioc\/matricula-tardor-2023-nous\/\" title=\"Read Matr\u00edcula PRIMAVERA 2026 (NOUS)\">Llegeix m\u00e9s\u00bb<\/a><\/p>\n","protected":false},"author":1,"featured_media":0,"parent":724,"menu_order":30,"comment_status":"closed","ping_status":"closed","template":"page-templates\/side-menu.php","meta":{"_bbp_topic_count":0,"_bbp_reply_count":0,"_bbp_total_topic_count":0,"_bbp_total_reply_count":0,"_bbp_voice_count":0,"_bbp_anonymous_reply_count":0,"_bbp_topic_count_hidden":0,"_bbp_reply_count_hidden":0,"_bbp_forum_subforum_count":0,"footnotes":""},"class_list":["post-758","page","type-page","status-publish","hentry"],"post_mailing_queue_ids":[],"_links":{"self":[{"href":"https:\/\/agora.xtec.cat\/cfa-martorell\/wp-json\/wp\/v2\/pages\/758","targetHints":{"allow":["GET"]}}],"collection":[{"href":"https:\/\/agora.xtec.cat\/cfa-martorell\/wp-json\/wp\/v2\/pages"}],"about":[{"href":"https:\/\/agora.xtec.cat\/cfa-martorell\/wp-json\/wp\/v2\/types\/page"}],"author":[{"embeddable":true,"href":"https:\/\/agora.xtec.cat\/cfa-martorell\/wp-json\/wp\/v2\/users\/1"}],"replies":[{"embeddable":true,"href":"https:\/\/agora.xtec.cat\/cfa-martorell\/wp-json\/wp\/v2\/comments?post=758"}],"version-history":[{"count":6,"href":"https:\/\/agora.xtec.cat\/cfa-martorell\/wp-json\/wp\/v2\/pages\/758\/revisions"}],"predecessor-version":[{"id":2941,"href":"https:\/\/agora.xtec.cat\/cfa-martorell\/wp-json\/wp\/v2\/pages\/758\/revisions\/2941"}],"up":[{"embeddable":true,"href":"https:\/\/agora.xtec.cat\/cfa-martorell\/wp-json\/wp\/v2\/pages\/724"}],"wp:attachment":[{"href":"https:\/\/agora.xtec.cat\/cfa-martorell\/wp-json\/wp\/v2\/media?parent=758"}],"curies":[{"name":"wp","href":"https:\/\/api.w.org\/{rel}","templated":true}]}}