{"id":612,"date":"2020-04-11T16:06:29","date_gmt":"2020-04-11T14:06:29","guid":{"rendered":"http:\/\/agora.xtec.cat\/cfa-martorell\/?page_id=612"},"modified":"2020-04-23T21:26:38","modified_gmt":"2020-04-23T19:26:38","slug":"projecte-a","status":"publish","type":"page","link":"https:\/\/agora.xtec.cat\/cfa-martorell\/projecte-educatiu\/projectes\/projecte-a\/","title":{"rendered":"Projecte &#8220;= a =&#8221;"},"content":{"rendered":"<p><a href=\"https:\/\/agora.xtec.cat\/cfa-martorell\/wp-content\/uploads\/usu1768\/2020\/04\/IgualaIgualFoto00.png\"><img loading=\"lazy\" decoding=\"async\" class=\"alignnone wp-image-657\" src=\"https:\/\/agora.xtec.cat\/cfa-martorell\/wp-content\/uploads\/usu1768\/2020\/04\/IgualaIgualFoto00.png\" alt=\"\" width=\"744\" height=\"283\" srcset=\"https:\/\/agora.xtec.cat\/cfa-martorell\/wp-content\/uploads\/usu1768\/2020\/04\/IgualaIgualFoto00.png 896w, https:\/\/agora.xtec.cat\/cfa-martorell\/wp-content\/uploads\/usu1768\/2020\/04\/IgualaIgualFoto00-300x114.png 300w, https:\/\/agora.xtec.cat\/cfa-martorell\/wp-content\/uploads\/usu1768\/2020\/04\/IgualaIgualFoto00-768x292.png 768w\" sizes=\"auto, (max-width: 744px) 100vw, 744px\" \/><\/a><\/p>\n<p style=\"text-align: justify;\"><span style=\"font-weight: 400;\">El projecte <\/span><span style=\"color: #ff00ff;\"><b>= a =<\/b><\/span><span style=\"font-weight: 400;\"> es va engegar al curs 2018-2019 amb l\u2019objectiu d\u2019englobar totes les activitats de coeducaci\u00f3, igualtat de g\u00e8nere i viol\u00e8ncia masclista que es realitzen al centre.<\/span><\/p>\n<p style=\"text-align: justify;\"><span style=\"font-weight: 400;\">Moltes d\u2019aquestes activitats ja es realitzaven amb anterioritat al centre; d\u2019altres es van afegint en realitzar-se. Pensem que a l\u2019estar totes dins d\u2019un mateix projecte podem donar major visibilitat a aquestes activitats.<\/span><\/p>\n<p style=\"text-align: justify;\"><span style=\"font-weight: 400;\">L\u2019equip impulsor d\u2019aquest projecte \u00e9s la <\/span><i><span style=\"font-weight: 400;\">Comissi\u00f3 de coeducaci\u00f3, pol\u00edtiques de g\u00e8nere i d&#8217;igualtat d&#8217;oportunitats<\/span><\/i><span style=\"font-weight: 400;\"> del Consell Escolar formada per la professora Gemma Parre\u00f1o i alumnat membre del propi Consell Escolar. Una de les accions principals d\u2019aquesta comissi\u00f3 \u00e9s el fet d\u2019implicar a tota la comunitat educativa en la implementaci\u00f3 d\u2019actuacions coeducatives.<\/span><\/p>\n<p style=\"text-align: justify;\"><span style=\"font-weight: 400;\"><strong>Mesures<\/strong> que es duen a terme dins d\u2019aquest projecte:<\/span><\/p>\n<p><b>1. Creaci\u00f3 d\u2019un logo:<\/b><span style=\"font-weight: 400;\"> A l\u2019inici del projecte, vam crear un logo per definir aquest projecte, <\/span><span style=\"font-weight: 400;\"><strong><span style=\"color: #ff00ff;\">= a =<\/span><\/strong>, <\/span>que pensem que defineix perfectament l\u2019ess\u00e8ncia del projecte.<\/p>\n<p style=\"text-align: justify;\"><b style=\"font-family: inherit; font-size: 1em;\">2. Creaci\u00f3 d\u2019<\/b><b style=\"font-family: inherit; font-size: 1em;\"><i>El suro de la dona<\/i><\/b><b style=\"font-family: inherit; font-size: 1em;\">: <\/b><span style=\"font-weight: 400;\">Es va crear<\/span> <span style=\"font-weight: 400;\">a l\u2019inici del projecte<\/span><i style=\"font-family: inherit; font-size: 1em;\">.<\/i><span style=\"font-weight: 400;\"> Consisteix en un suro del centre que es troba en un dels passadissos per accedir a les aules, per tant, \u00e9s visible per tothom, on es pengen not\u00edcies que han sortit en qualsevol mitj\u00e0 de comunicaci\u00f3 on es resalta la figura de la dona. Aquestes not\u00edcies les pot aportar qualsevol membre de la comunitat educativa. I per donar major visibilitat a aquest suro, quan es penja una not\u00edcia nova, s\u2019anuncia per les xarxes socials del centre.<\/span><\/p>\n<p><a href=\"https:\/\/agora.xtec.cat\/cfa-martorell\/categoria\/suro-de-la-dona\/\" target=\"_blank\" rel=\"noopener noreferrer\"><img loading=\"lazy\" decoding=\"async\" class=\"aligncenter wp-image-918 size-medium\" src=\"https:\/\/agora.xtec.cat\/cfa-martorell\/wp-content\/uploads\/usu1768\/2020\/04\/Prova3-300x121.jpg\" alt=\"\" width=\"300\" height=\"121\" srcset=\"https:\/\/agora.xtec.cat\/cfa-martorell\/wp-content\/uploads\/usu1768\/2020\/04\/Prova3-300x121.jpg 300w, https:\/\/agora.xtec.cat\/cfa-martorell\/wp-content\/uploads\/usu1768\/2020\/04\/Prova3.jpg 528w\" sizes=\"auto, (max-width: 300px) 100vw, 300px\" \/><\/a><\/p>\n<p style=\"text-align: justify;\"><b style=\"font-family: inherit; font-size: 1em;\">3. Accions formatives <\/b><span style=\"font-weight: 400;\">(25 de novembre)<\/span><b style=\"font-family: inherit; font-size: 1em;\">:<\/b><span style=\"font-weight: 400;\"> Hem englobat accions formatives, com xerrades i tallers del SAID (Servei d\u2019atenci\u00f3 i orientaci\u00f3 de la Dona) de l\u2019Ajuntament de Martorell amb motiu del <\/span><i style=\"font-family: inherit; font-size: 1em;\">Dia internacional per a l\u2019eliminaci\u00f3 de la viol\u00e8ncia envers les dones<\/i><span style=\"font-weight: 400;\">, que ja es realitzaven al centre, dins d\u2019aquest projecte.<\/span><\/p>\n<p style=\"text-align: justify;\"><b style=\"font-family: inherit; font-size: 1em;\">4. Accions formatives <\/b><span style=\"font-weight: 400;\">(11 de febrer)<\/span><b style=\"font-family: inherit; font-size: 1em;\">: <\/b><span style=\"font-weight: 400;\">L\u2019alumnat de GES 2 dels m\u00f2duls de ci\u00e8ncies realitzen alguna activitat dins del seu pla d\u2019estudi amb motiu del <\/span><i style=\"font-family: inherit; font-size: 1em;\">Dia de la nena i la dona cient\u00edfica<\/i><span style=\"font-weight: 400;\">.\u00a0<\/span><\/p>\n<p style=\"text-align: justify;\"><a href=\"https:\/\/agora.xtec.cat\/cfa-martorell\/wp-content\/uploads\/usu1768\/2020\/04\/IgualaIgualFoto01.png\"><img loading=\"lazy\" decoding=\"async\" class=\"wp-image-655 aligncenter\" src=\"https:\/\/agora.xtec.cat\/cfa-martorell\/wp-content\/uploads\/usu1768\/2020\/04\/IgualaIgualFoto01.png\" alt=\"\" width=\"478\" height=\"339\" \/><\/a><\/p>\n<p style=\"text-align: justify;\"><b>5. Accions formatives <\/b><span style=\"font-weight: 400;\">(8 de mar\u00e7)<\/span><b>: <\/b><span style=\"font-weight: 400;\">Tot l\u2019alumnat del centre realitza alguna activitat amb motiu del Dia internacional de les Dones, al llarg de la setmana que inclou el dia.\u00a0\u00a0<\/span><\/p>\n<p style=\"text-align: justify;\"><a href=\"https:\/\/agora.xtec.cat\/cfa-martorell\/wp-content\/uploads\/usu1768\/2020\/04\/IgualaIgualFoto02.png\"><img loading=\"lazy\" decoding=\"async\" class=\"wp-image-656 aligncenter\" src=\"https:\/\/agora.xtec.cat\/cfa-martorell\/wp-content\/uploads\/usu1768\/2020\/04\/IgualaIgualFoto02.png\" alt=\"\" width=\"483\" height=\"290\" srcset=\"https:\/\/agora.xtec.cat\/cfa-martorell\/wp-content\/uploads\/usu1768\/2020\/04\/IgualaIgualFoto02.png 765w, https:\/\/agora.xtec.cat\/cfa-martorell\/wp-content\/uploads\/usu1768\/2020\/04\/IgualaIgualFoto02-300x180.png 300w\" sizes=\"auto, (max-width: 483px) 100vw, 483px\" \/><\/a><\/p>\n<p style=\"text-align: justify;\"><b>6. Visualitzaci\u00f3 del projecte:<\/b><span style=\"font-weight: 400;\"> Cada vegada que realitzem alguna activitat relacionada amb aquest projecte, en fem difusi\u00f3 des de les xarxes socials del centre.<\/span><\/p>\n<pre><\/pre>\n<h4 style=\"text-align: justify;\"><span style=\"color: #000000;\"><b>Objectius per a pr\u00f2xims cursos<\/b><\/span><\/h4>\n<p style=\"text-align: justify;\"><span style=\"font-weight: 400;\">El nostre objectiu principal com a centre \u00e9s treballar la coeducaci\u00f3 en totes les activitats i ensenyaments del centre en el nostre dia a dia, perqu\u00e8 pensem que \u00e9s molt important per poder crear una societat amb m\u00e9s igualtat de g\u00e8nere i menys casos de viol\u00e8ncia de g\u00e8nere.\u00a0<\/span><\/p>\n<p style=\"text-align: justify;\"><span style=\"font-weight: 400;\">De moment, hem comen\u00e7at a incorporar activitats, tallers, gestos,&#8230;en dies puntuals i significatius. Tanmateix el que volem \u00e9s que poc a poc en tot el que es planifiqui al centre, tant per part del professorat com de la\u00a0 resta de la comunitat educativa, es pensi en igualtat.\u00a0<\/span><\/p>\n","protected":false},"excerpt":{"rendered":"<p><a href=\"https:\/\/agora.xtec.cat\/cfa-martorell\/wp-content\/uploads\/usu1768\/2020\/04\/IgualaIgualFoto00.png\"><\/a><br \/>\nEl projecte = a = es va engegar al curs 2018-2019 amb l\u2019objectiu d\u2019englobar totes les activitats de coeducaci\u00f3, igualtat de g\u00e8nere i viol\u00e8ncia masclista que es realitzen al centre.<br \/>\nMoltes d\u2019aquestes activitats ja es realitzaven amb anterioritat al centre; d\u2019altres es van afegint en&hellip;  <a href=\"https:\/\/agora.xtec.cat\/cfa-martorell\/projecte-educatiu\/projectes\/projecte-a\/\" title=\"Read Projecte &#8220;= a =&#8221;\">Llegeix m\u00e9s\u00bb<\/a><\/p>\n","protected":false},"author":1,"featured_media":0,"parent":633,"menu_order":20,"comment_status":"closed","ping_status":"closed","template":"page-templates\/side-menu.php","meta":{"_bbp_topic_count":0,"_bbp_reply_count":0,"_bbp_total_topic_count":0,"_bbp_total_reply_count":0,"_bbp_voice_count":0,"_bbp_anonymous_reply_count":0,"_bbp_topic_count_hidden":0,"_bbp_reply_count_hidden":0,"_bbp_forum_subforum_count":0,"footnotes":""},"class_list":["post-612","page","type-page","status-publish","hentry"],"post_mailing_queue_ids":[],"_links":{"self":[{"href":"https:\/\/agora.xtec.cat\/cfa-martorell\/wp-json\/wp\/v2\/pages\/612","targetHints":{"allow":["GET"]}}],"collection":[{"href":"https:\/\/agora.xtec.cat\/cfa-martorell\/wp-json\/wp\/v2\/pages"}],"about":[{"href":"https:\/\/agora.xtec.cat\/cfa-martorell\/wp-json\/wp\/v2\/types\/page"}],"author":[{"embeddable":true,"href":"https:\/\/agora.xtec.cat\/cfa-martorell\/wp-json\/wp\/v2\/users\/1"}],"replies":[{"embeddable":true,"href":"https:\/\/agora.xtec.cat\/cfa-martorell\/wp-json\/wp\/v2\/comments?post=612"}],"version-history":[{"count":4,"href":"https:\/\/agora.xtec.cat\/cfa-martorell\/wp-json\/wp\/v2\/pages\/612\/revisions"}],"predecessor-version":[{"id":1163,"href":"https:\/\/agora.xtec.cat\/cfa-martorell\/wp-json\/wp\/v2\/pages\/612\/revisions\/1163"}],"up":[{"embeddable":true,"href":"https:\/\/agora.xtec.cat\/cfa-martorell\/wp-json\/wp\/v2\/pages\/633"}],"wp:attachment":[{"href":"https:\/\/agora.xtec.cat\/cfa-martorell\/wp-json\/wp\/v2\/media?parent=612"}],"curies":[{"name":"wp","href":"https:\/\/api.w.org\/{rel}","templated":true}]}}