{"id":610,"date":"2020-04-11T16:06:29","date_gmt":"2020-04-11T14:06:29","guid":{"rendered":"http:\/\/agora.xtec.cat\/cfa-martorell\/?page_id=610"},"modified":"2020-04-11T18:25:24","modified_gmt":"2020-04-11T16:25:24","slug":"socialitzacio-de-material-didactic","status":"publish","type":"page","link":"https:\/\/agora.xtec.cat\/cfa-martorell\/projecte-educatiu\/projectes\/socialitzacio-de-material-didactic\/","title":{"rendered":"Socialitzaci\u00f3 de material did\u00e0ctic"},"content":{"rendered":"<p><span style=\"font-weight: 400;\">El centre disposa d&#8217;un programa de socialitzaci\u00f3 de material did\u00e0ctic per a diferents ensenyaments:<\/span><\/p>\n<ul>\n<li style=\"font-weight: 400;\"><span style=\"font-weight: 400;\">Catal\u00e0 i Castell\u00e0.<\/span><\/li>\n<li style=\"font-weight: 400;\"><span style=\"font-weight: 400;\">Formaci\u00f3 Instrumental.<\/span><\/li>\n<li style=\"font-weight: 400;\"><span style=\"font-weight: 400;\">Llibres de lectura: Angl\u00e8s i GES.<\/span><\/li>\n<li style=\"font-weight: 400;\"><span style=\"font-weight: 400;\">Llibre de l&#8217;\u00e0mbit cient\u00edfic i t\u00e8cnic de GES 1.\u00a0<\/span><\/li>\n<li style=\"font-weight: 400;\"><span style=\"font-weight: 400;\">Llibres de l\u2019\u00e0mbit de socials de GES.<\/span><\/li>\n<li style=\"font-weight: 400;\"><span style=\"font-weight: 400;\">Dossiers de l&#8217;\u00e0mbit cient\u00edfic i t\u00e8cnic de GES 2.\u00a0<\/span><\/li>\n<\/ul>\n<p><span style=\"font-weight: 400;\">A canvi d&#8217;una quota aprovada pel Consell Escolar, l&#8217;alumnat pot gaudir d&#8217;aquest material fins finalitzar el curs.<\/span><\/p>\n<p><span style=\"font-weight: 400;\">L&#8217;alumnat tamb\u00e9 pot accedir a divers material did\u00e0ctic dels diferents cursos mitjan\u00e7ant\u00a0 l&#8217;entorn virtual del centre <\/span><span style=\"font-weight: 400;\">i\/o google classroom.<\/span><\/p>\n","protected":false},"excerpt":{"rendered":"<p>El centre disposa d&#8217;un programa de socialitzaci\u00f3 de material did\u00e0ctic per a diferents ensenyaments:<\/p>\n<ul>\n<li style=\"font-weight: 400;\">Catal\u00e0 i Castell\u00e0.<\/li>\n<li style=\"font-weight: 400;\">Formaci\u00f3 Instrumental.<\/li>\n<li style=\"font-weight: 400;\">Llibres de lectura: Angl\u00e8s i GES.<\/li>\n<li style=\"font-weight: 400;\">Llibre de l&#8217;\u00e0mbit cient\u00edfic i t\u00e8cnic de GES 1.\u00a0<\/li>\n<li style=\"font-weight: 400;\">Llibres de l\u2019\u00e0mbit de socials de&hellip;  <a href=\"https:\/\/agora.xtec.cat\/cfa-martorell\/projecte-educatiu\/projectes\/socialitzacio-de-material-didactic\/\" title=\"Read Socialitzaci\u00f3 de material did\u00e0ctic\">Llegeix m\u00e9s\u00bb<\/a><br \/>\n","protected":false},"author":1,"featured_media":0,"parent":633,"menu_order":10,"comment_status":"closed","ping_status":"closed","template":"page-templates\/side-menu.php","meta":{"_bbp_topic_count":0,"_bbp_reply_count":0,"_bbp_total_topic_count":0,"_bbp_total_reply_count":0,"_bbp_voice_count":0,"_bbp_anonymous_reply_count":0,"_bbp_topic_count_hidden":0,"_bbp_reply_count_hidden":0,"_bbp_forum_subforum_count":0,"footnotes":""},"class_list":["post-610","page","type-page","status-publish","hentry"],"post_mailing_queue_ids":[],"_links":{"self":[{"href":"https:\/\/agora.xtec.cat\/cfa-martorell\/wp-json\/wp\/v2\/pages\/610","targetHints":{"allow":["GET"]}}],"collection":[{"href":"https:\/\/agora.xtec.cat\/cfa-martorell\/wp-json\/wp\/v2\/pages"}],"about":[{"href":"https:\/\/agora.xtec.cat\/cfa-martorell\/wp-json\/wp\/v2\/types\/page"}],"author":[{"embeddable":true,"href":"https:\/\/agora.xtec.cat\/cfa-martorell\/wp-json\/wp\/v2\/users\/1"}],"replies":[{"embeddable":true,"href":"https:\/\/agora.xtec.cat\/cfa-martorell\/wp-json\/wp\/v2\/comments?post=610"}],"version-history":[{"count":3,"href":"https:\/\/agora.xtec.cat\/cfa-martorell\/wp-json\/wp\/v2\/pages\/610\/revisions"}],"predecessor-version":[{"id":659,"href":"https:\/\/agora.xtec.cat\/cfa-martorell\/wp-json\/wp\/v2\/pages\/610\/revisions\/659"}],"up":[{"embeddable":true,"href":"https:\/\/agora.xtec.cat\/cfa-martorell\/wp-json\/wp\/v2\/pages\/633"}],"wp:attachment":[{"href":"https:\/\/agora.xtec.cat\/cfa-martorell\/wp-json\/wp\/v2\/media?parent=610"}],"curies":[{"name":"wp","href":"https:\/\/api.w.org\/{rel}","templated":true}]}}