{"id":599,"date":"2020-04-11T15:45:29","date_gmt":"2020-04-11T13:45:29","guid":{"rendered":"http:\/\/agora.xtec.cat\/cfa-martorell\/?page_id=599"},"modified":"2022-05-22T09:08:54","modified_gmt":"2022-05-22T07:08:54","slug":"acollida","status":"publish","type":"page","link":"https:\/\/agora.xtec.cat\/cfa-martorell\/projecte-educatiu\/acollida\/","title":{"rendered":"Acollida"},"content":{"rendered":"<p>El <strong>CFA Martorell<\/strong> t\u00e9 elaborat en el <strong>Pla d&#8217;Acci\u00f3 Tutorial<\/strong> un pla espec\u00edfic d\u2019acollida i seguiment de l&#8217;alumnat.<\/p>\n<p style=\"text-align: justify;\">Les persones interessades en cursar algun dels ensenyaments impartits al <strong>CFA Martorell<\/strong> poden, en l&#8217;horari d\u2019atenci\u00f3 al p\u00fablic, demanar informaci\u00f3 i assessorament respecte als diferents itineraris formatius.<\/p>\n<p style=\"text-align: justify;\">L&#8217;orientaci\u00f3 personalitzada es fa en funci\u00f3 de cada situaci\u00f3 personal (disponibilitat hor\u00e0ria, responsabilitats familiars i laborals, interessos,&#8230;)\u00a0 i\u00a0 a partir\u00a0 de l&#8217;experi\u00e8ncia pr\u00e8via. A partir d&#8217;aqu\u00ed es fa la proposta del seu curr\u00edculum individualitzat.<\/p>\n<p>En el moment de la matr\u00edcula l&#8217;alumnat signa la<strong> carta de comprom\u00eds<\/strong>, document que regula les obligacions i els drets que assumeix tant l&#8217;alumnat com el centre:<\/p>\n<ul>\n<li><a href=\"https:\/\/agora.xtec.cat\/cfa-martorell\/wp-content\/uploads\/usu1768\/2021\/09\/NOFC.04.2.1-carta-compromis.pdf\" target=\"_blank\" rel=\"noopener noreferrer\"><span style=\"color: #0000ff;\"><strong>Carta de comprom\u00eds alumnat (NOFC.04.2.1)<\/strong><\/span><\/a><\/li>\n<li><a href=\"http:\/\/xtec.cat\/cfa-martorell\/documents\/alumnat\/NOFC.04.2.2%20(carta%20comprom%C3%ADs%20pares).pdf\" target=\"_blank\" rel=\"noopener noreferrer\"><span style=\"color: #0000ff;\"><strong>Carta de comprom\u00eds pels pares i mares de l&#8217;alumnat menor d&#8217;edat (NOFC.04.2.2)<\/strong><\/span><\/a><\/li>\n<\/ul>\n<p style=\"text-align: justify;\">Una vegada l\u2019alumnat ha completat tots els tr\u00e0mits de la matr\u00edcula se li assigna un tutor o una tutora que ser\u00e0 la persona de refer\u00e8ncia per ajudar l&#8217;estudiant a assolir l&#8217;\u00e8xit educatiu i a qui sempre que ho necessiti podr\u00e0 acudir, preferentment en l&#8217;horari d\u2019atenci\u00f3 individualitzada del professorat.<\/p>\n<p style=\"text-align: justify;\"><strong>Llocs web per informar-se:<\/strong><\/p>\n<ul style=\"text-align: justify;\">\n<li><a href=\"http:\/\/queestudiar.gencat.cat\/ca\/index.html\" target=\"_blank\" rel=\"noopener noreferrer\"><span style=\"color: #0000ff;\"><strong>Qu\u00e8 estudiar a Catalunya<\/strong><\/span><\/a><\/li>\n<li><a href=\"http:\/\/www.patronatmartorell.cat\/index.php\/ensenyament-martorell\" target=\"_blank\" rel=\"noopener noreferrer\"><strong><span style=\"color: #0000ff;\">Guia Educativa Ajuntament Martorell<\/span><\/strong><\/a><\/li>\n<li><a href=\"https:\/\/www.cpnl.cat\/xarxa\/centres\/231\/slc-de-martorell\"><span style=\"color: #0000ff;\"><strong>Cursos de normalitzaci\u00f3 ling\u00fc\u00edstica<\/strong><\/span><\/a>: Complex Educatiu<\/li>\n<\/ul>\n<h5 style=\"text-align: justify;\"><strong>Proves lliures GES majors de 18 anys:<\/strong><\/h5>\n<ul style=\"text-align: justify;\">\n<li><a href=\"http:\/\/ensenyament.gencat.cat\/ca\/serveis-tramits\/proves\/proves-lliures-obtencio-titols\/obtencio-geso-mes-18-anys\/\" target=\"_blank\" rel=\"noopener noreferrer\"><span style=\"color: #0000ff;\"><strong>Informaci\u00f3 del Departament d&#8217;Ensenyament<\/strong><\/span><\/a><\/li>\n<li><a href=\"http:\/\/xelu.net\/html\/materials\/materials_fitxa.php?materials_ID=26&amp;idioma=catala\" target=\"_blank\" rel=\"noopener noreferrer\"><span style=\"color: #0000ff;\"><strong>Models de proves<\/strong><\/span><\/a><\/li>\n<\/ul>\n<p style=\"text-align: justify;\">\n","protected":false},"excerpt":{"rendered":"<p>El CFA Martorell t\u00e9 elaborat en el Pla d&#8217;Acci\u00f3 Tutorial un pla espec\u00edfic d\u2019acollida i seguiment de l&#8217;alumnat.<br \/>\nLes persones interessades en cursar algun dels ensenyaments impartits al CFA Martorell poden, en l&#8217;horari d\u2019atenci\u00f3 al p\u00fablic, demanar informaci\u00f3 i assessorament respecte als diferents itineraris formatius.<br \/>\nL&#8217;orientaci\u00f3 personalitzada&hellip;  <a href=\"https:\/\/agora.xtec.cat\/cfa-martorell\/projecte-educatiu\/acollida\/\" title=\"Read Acollida\">Llegeix m\u00e9s\u00bb<\/a><\/p>\n","protected":false},"author":1,"featured_media":0,"parent":57,"menu_order":10,"comment_status":"closed","ping_status":"closed","template":"page-templates\/side-menu.php","meta":{"_bbp_topic_count":0,"_bbp_reply_count":0,"_bbp_total_topic_count":0,"_bbp_total_reply_count":0,"_bbp_voice_count":0,"_bbp_anonymous_reply_count":0,"_bbp_topic_count_hidden":0,"_bbp_reply_count_hidden":0,"_bbp_forum_subforum_count":0,"footnotes":""},"class_list":["post-599","page","type-page","status-publish","hentry"],"post_mailing_queue_ids":[],"_links":{"self":[{"href":"https:\/\/agora.xtec.cat\/cfa-martorell\/wp-json\/wp\/v2\/pages\/599","targetHints":{"allow":["GET"]}}],"collection":[{"href":"https:\/\/agora.xtec.cat\/cfa-martorell\/wp-json\/wp\/v2\/pages"}],"about":[{"href":"https:\/\/agora.xtec.cat\/cfa-martorell\/wp-json\/wp\/v2\/types\/page"}],"author":[{"embeddable":true,"href":"https:\/\/agora.xtec.cat\/cfa-martorell\/wp-json\/wp\/v2\/users\/1"}],"replies":[{"embeddable":true,"href":"https:\/\/agora.xtec.cat\/cfa-martorell\/wp-json\/wp\/v2\/comments?post=599"}],"version-history":[{"count":4,"href":"https:\/\/agora.xtec.cat\/cfa-martorell\/wp-json\/wp\/v2\/pages\/599\/revisions"}],"predecessor-version":[{"id":2340,"href":"https:\/\/agora.xtec.cat\/cfa-martorell\/wp-json\/wp\/v2\/pages\/599\/revisions\/2340"}],"up":[{"embeddable":true,"href":"https:\/\/agora.xtec.cat\/cfa-martorell\/wp-json\/wp\/v2\/pages\/57"}],"wp:attachment":[{"href":"https:\/\/agora.xtec.cat\/cfa-martorell\/wp-json\/wp\/v2\/media?parent=599"}],"curies":[{"name":"wp","href":"https:\/\/api.w.org\/{rel}","templated":true}]}}