{"id":57,"date":"2014-09-17T17:01:07","date_gmt":"2014-09-17T17:01:07","guid":{"rendered":"http:\/\/agora.xtec.cat\/cfa-martorell\/?page_id=57"},"modified":"2020-04-11T21:15:23","modified_gmt":"2020-04-11T19:15:23","slug":"projecte-educatiu","status":"publish","type":"page","link":"https:\/\/agora.xtec.cat\/cfa-martorell\/projecte-educatiu\/","title":{"rendered":"Projecte educatiu"},"content":{"rendered":"<p>El Projecte Educatiu de Centre (PEC) del centre de Formaci\u00f3 de Persones Adultes CFA Martorell esdev\u00e9 l\u2019eix vertebrador de les accions i relacions de la comunitat educativa que actua en el centre.<\/p>\n<p>El nostre centre segueix les directrius que el Departament d\u2019Ensenyament estableix en mat\u00e8ria educativa i, en aquest projecte, se\u2019n defineix la seva singularitat.<\/p>\n<p>Des d\u2019aquesta perspectiva s\u2019ha de considerar un document que recull els principis fonamentals que conformen la cultura del centre.<\/p>\n<p>Estableix el marc general de la gesti\u00f3 de l\u2019acci\u00f3 educativa, l\u2019organitzaci\u00f3 pedag\u00f2gica, els continguts dels ensenyaments i la relaci\u00f3 entre els diferents sectors de la comunitat educativa.<\/p>\n","protected":false},"excerpt":{"rendered":"<p>El Projecte Educatiu de Centre (PEC) del centre de Formaci\u00f3 de Persones Adultes CFA Martorell esdev\u00e9 l\u2019eix vertebrador de les accions i relacions de la comunitat educativa que actua en el centre.<br \/>\nEl nostre centre segueix les directrius que el Departament d\u2019Ensenyament estableix en mat\u00e8ria educativa&hellip;  <a href=\"https:\/\/agora.xtec.cat\/cfa-martorell\/projecte-educatiu\/\" title=\"Read Projecte educatiu\">Llegeix m\u00e9s\u00bb<\/a><\/p>\n","protected":false},"author":1,"featured_media":0,"parent":0,"menu_order":40,"comment_status":"closed","ping_status":"closed","template":"page-templates\/side-menu.php","meta":{"_bbp_topic_count":0,"_bbp_reply_count":0,"_bbp_total_topic_count":0,"_bbp_total_reply_count":0,"_bbp_voice_count":0,"_bbp_anonymous_reply_count":0,"_bbp_topic_count_hidden":0,"_bbp_reply_count_hidden":0,"_bbp_forum_subforum_count":0,"footnotes":""},"class_list":["post-57","page","type-page","status-publish","hentry"],"post_mailing_queue_ids":[],"_links":{"self":[{"href":"https:\/\/agora.xtec.cat\/cfa-martorell\/wp-json\/wp\/v2\/pages\/57","targetHints":{"allow":["GET"]}}],"collection":[{"href":"https:\/\/agora.xtec.cat\/cfa-martorell\/wp-json\/wp\/v2\/pages"}],"about":[{"href":"https:\/\/agora.xtec.cat\/cfa-martorell\/wp-json\/wp\/v2\/types\/page"}],"author":[{"embeddable":true,"href":"https:\/\/agora.xtec.cat\/cfa-martorell\/wp-json\/wp\/v2\/users\/1"}],"replies":[{"embeddable":true,"href":"https:\/\/agora.xtec.cat\/cfa-martorell\/wp-json\/wp\/v2\/comments?post=57"}],"version-history":[{"count":2,"href":"https:\/\/agora.xtec.cat\/cfa-martorell\/wp-json\/wp\/v2\/pages\/57\/revisions"}],"predecessor-version":[{"id":733,"href":"https:\/\/agora.xtec.cat\/cfa-martorell\/wp-json\/wp\/v2\/pages\/57\/revisions\/733"}],"wp:attachment":[{"href":"https:\/\/agora.xtec.cat\/cfa-martorell\/wp-json\/wp\/v2\/media?parent=57"}],"curies":[{"name":"wp","href":"https:\/\/api.w.org\/{rel}","templated":true}]}}