{"id":49,"date":"2014-09-17T16:55:55","date_gmt":"2014-09-17T16:55:55","guid":{"rendered":"http:\/\/agora.xtec.cat\/cfa-martorell\/?page_id=49"},"modified":"2025-11-06T12:41:39","modified_gmt":"2025-11-06T11:41:39","slug":"normes-dorganitzacio-i-funcionament","status":"publish","type":"page","link":"https:\/\/agora.xtec.cat\/cfa-martorell\/projecte-educatiu\/normes-dorganitzacio-i-funcionament\/","title":{"rendered":"Documents del centre"},"content":{"rendered":"<p style=\"text-align: justify;\"><span style=\"color: #000000;\"><strong>Projecte educatiu de centre (PEC)<\/strong><\/span><\/p>\n<p style=\"text-align: justify;\">El projecte educatiu de centre (PEC) \u00e9s el document que defineix com funciona el nostre centre educatiu. Inclou els principis rectors que el diferencien d\u2019altres centres, adaptat a la realitat de l\u2019entorn del nostre alumnat i d\u2019acord amb les conviccions pedag\u00f2giques dels docents; explicita les l\u00ednies d\u2019atenci\u00f3 a la diversitat i els objectius a mig termini; desglossa les l\u00ednies mestres d\u2019organitzaci\u00f3, que es concretaran al projecte curricular.<\/p>\n<p style=\"text-align: justify;\"><strong><span style=\"color: #0000ff;\"><a style=\"color: #0000ff;\" href=\"https:\/\/agora.xtec.cat\/cfa-martorell\/wp-content\/uploads\/usu1768\/2024\/07\/240627_PEC_versio2odt.pdf\"><em>Visualitza\u00a0 \u00a0 PEC<\/em> (actualitzat 27\/06\/2024)<\/a><\/span><\/strong><\/p>\n<p style=\"text-align: justify;\"><span style=\"color: #000000;\"><strong>Normes d\u2019Organitzaci\u00f3 i Funcionament del Centre (NOFC)<\/strong><\/span><\/p>\n<p style=\"text-align: justify;\">Les Normes d\u2019Organitzaci\u00f3 i Funcionament del Centre, que formen part del projecte educatiu, \u00e9s el document que recull de manera ordenada els preceptes que regeixen la nostra organitzaci\u00f3 i les interrelacions de la vida escolar: explicita l\u2019estructura; defineix els vincles; recull les funcions, els drets i els deures dels diferents sectors que formen l\u2019escola; fixa els procediments; adapta la normativa general a la nostra realitat i estableix l\u2019espec\u00edfica per al nostre centre.<\/p>\n<p style=\"text-align: justify;\"><a href=\"https:\/\/agora.xtec.cat\/cfa-martorell\/wp-content\/uploads\/usu1768\/2025\/11\/250901NOFC.pdf\"><span style=\"color: #0000ff;\"><strong>Visualitza NOFC (actualitzat 19\/09\/2025)<\/strong><\/span><\/a><\/p>\n<p align=\"justify\"><a href=\"https:\/\/agora.xtec.cat\/cfa-martorell\/wp-content\/uploads\/usu1768\/2025\/11\/2526NOFC.04.2.1-carta-compromis-1.pdf\" target=\"_blank\" rel=\"noopener noreferrer\"><strong><span style=\"color: #0000ff;\"><em>Visualitza carta de comprom\u00eds <\/em><em>ed<\/em><\/span><\/strong><\/a><span style=\"color: #0000ff;\"><strong><em>ucatiu <\/em><\/strong><\/span><\/p>\n<p style=\"text-align: justify;\"><span style=\"color: #000000;\"><strong>Projecte de direcci\u00f3<\/strong><\/span><\/p>\n<p style=\"text-align: justify;\"><span class=\"fontstyle0\">El projecte de direcci\u00f3 \u00e9s un document essencial de l&#8217;autonomia dels centres educatius perqu\u00e8 ordena el desplegament i l&#8217;aplicaci\u00f3 del projecte educatiu per al per\u00edode de mandat de la direcci\u00f3 del centre, en concreta l&#8217;estructura organitzativa i n&#8217;inclou uns indicadors, derivats del que estableix el projecte educatiu del centre, que han de servir per avaluar l&#8217;exercici de la direcci\u00f3<\/span>.<\/p>\n<p><a href=\"https:\/\/drive.google.com\/file\/d\/15CAWptYdWlVw_LIp0xtYGI6sk7865jg2\/view?usp=sharing\"><span style=\"color: #0000ff;\"><em><strong>Visualitza el Projecte de direcci\u00f3 2023-2027<\/strong><\/em><\/span><\/a><\/p>\n<p style=\"text-align: justify;\"><span style=\"color: #000000;\"><strong>Projecte Ling\u00fc\u00edstic de centre (PLC)<\/strong><\/span><\/p>\n<p style=\"text-align: justify;\">El Projecte Ling\u00fc\u00edstic del centre (PLC) \u00e9s el document que inclou el proc\u00e9s de reflexi\u00f3 i l\u2019experi\u00e8ncia del tractament de les lleng\u00fces al centre educatiu. Forma part del Projecte Educatiu del Centre (PEC) i ha de definir-se en aquests termes: el paper de la llengua vehicular, el tractament de les lleng\u00fces curriculars, i els aspectes d\u2019organitzaci\u00f3 i de gesti\u00f3 que tinguin repercussions ling\u00fc\u00edstiques. \u00c9s, doncs, un text de refer\u00e8ncia per a l\u2019\u00fas de les lleng\u00fces.<\/p>\n<p><a href=\"https:\/\/drive.google.com\/open?id=1i-IaaESV_9a0BBD43ud8fMdSmTH3jO40\" target=\"_blank\" rel=\"noopener noreferrer\"><strong><span style=\"color: #0000ff;\"><em>Visualitza Pr<span style=\"color: #0000ff;\">ojecte Ling\u00fc\u00edstic de centre<\/span><\/em><\/span><\/strong><\/a><\/p>\n<p style=\"text-align: justify;\"><span style=\"color: #000000;\"><strong>Projecte de Conviv\u00e8ncia (PLC)<\/strong><\/span><\/p>\n<p style=\"text-align: justify;\">El Projecte de conviv\u00e8ncia \u00e9s l\u2019instrument on es reflecteixen les accions que el centre docent desenvolupa per capacitar tot l&#8217;alumnat i la resta de la comunitat educativa per a la conviv\u00e8ncia i la gesti\u00f3 positiva dels conflictes. Ha de desenvolupar l<span class=\"fontstyle0\">es mesures de promoci\u00f3 de la conviv\u00e8ncia, els mecanismes i f\u00f3rmules per a la resoluci\u00f3 pac\u00edfica dels conflictes, aix\u00ed com els processos i mesures d&#8217;intervenci\u00f3 educativa aplicables en el cas d&#8217;incompliment de les NOFC i de la normativa vigent.<\/span><\/p>\n<p><a href=\"https:\/\/drive.google.com\/open?id=1VdRBYkSYBW5Eu77fHL-2QR1vueAL5gYU\" target=\"_blank\" rel=\"noopener noreferrer\"><strong><span style=\"color: #0000ff;\"><em>Visualitza Projecte de Conviv\u00e8ncia<\/em><\/span><\/strong><\/a><\/p>\n<p style=\"text-align: justify;\"><span style=\"color: #000000;\"><strong>Programaci\u00f3 General Anual de Centre (PGAC)<\/strong><\/span><\/p>\n<p style=\"text-align: justify;\">La Programaci\u00f3 General Anual de Centre \u00e9s el document que <span class=\"fontstyle0\"> recull la concreci\u00f3 de les prioritats, de les activitats i del funcionament del centre per al curs escolar corresponent, i dels diferents \u00e0mbits de l&#8217;autonomia del centre, d&#8217;acord amb el projecte educatiu i d&#8217;acord amb el projecte de direcci\u00f3 vigent.<\/span><\/p>\n<p><a href=\"https:\/\/agora.xtec.cat\/cfa-martorell\/wp-content\/uploads\/usu1768\/2025\/11\/08062122_CFA_Pedro_Diaz_PGA_2526.pdf\" target=\"_blank\" rel=\"noopener\"><span style=\"color: #0000ff;\"><strong>Visualitza la Programaci\u00f3 General del curs 2025-2026<\/strong><\/span><\/a><\/p>\n<p>&nbsp;<\/p>\n<p style=\"text-align: justify;\"><span style=\"color: #000000;\"><strong>Acords del Consell Escolar<\/strong><\/span><\/p>\n<p><strong><span style=\"color: #0000ff;\">19.09.2025. <\/span><\/strong><span style=\"color: #0000ff;\"><span style=\"color: #000000;\">S&#8217;aprova per consens el PGA del curs 25-26 i les modificacions de les NOFC.<\/span><\/span><\/p>\n<p><strong><span style=\"color: #0000ff;\">30.06.2025.<\/span><\/strong> <span style=\"color: #000000;\">S&#8217;aprova per consens la Mem\u00f2ria del curs 2024-2025.<\/span><\/p>\n<p><strong><span style=\"color: #0000ff;\">30.01.2025. <\/span><\/strong><span style=\"color: #0000ff;\"><span style=\"color: #000000;\">S\u2019aprova per consens la liquidaci\u00f3 del pressupost econ\u00f2mic corresponent a l\u2019exercici del 2024. S\u2019aprova per consens el pressupost econ\u00f2mic corresponent a l\u2019exercici del 2025.<\/span><\/span><\/p>\n<p><strong><span style=\"color: #0000ff;\">13.09.2024. <\/span><\/strong><span style=\"color: #0000ff;\"><span style=\"color: #000000;\">S&#8217;aprova per consens el PGA del curs 24-25 i les modificacions de les NOFC.<\/span><\/span><\/p>\n<p><strong><span style=\"color: #0000ff;\">27.06.2024. <\/span><\/strong><span style=\"color: #000000;\">S&#8217;aprova per consens l&#8217;actualitzaci\u00f3 del PEC. S&#8217;aprova per majoria el nou horari del curs 2024-2025<\/span><strong><span style=\"color: #0000ff;\">.<\/span><\/strong><\/p>\n<p><strong><span style=\"color: #0000ff;\">02.02.2024. <\/span><\/strong><span style=\"color: #0000ff;\"><span style=\"color: #000000;\">S\u2019aprova per consens la liquidaci\u00f3 del pressupost econ\u00f2mic corresponent a l\u2019exercici del 2023. S\u2019aprova per consens el pressupost econ\u00f2mic corresponent a l\u2019exercici del 2024.<\/span><\/span><\/p>\n<p><strong><span style=\"color: #0000ff;\">20.12.2023.<\/span><\/strong><span style=\"color: #0000ff;\"><span style=\"color: #000000;\"><strong> (Constituci\u00f3 del nou Consell Escolar)<\/strong> S\u2019aprova la composici\u00f3 de les Comissions Econ\u00f2mica i Permanent del Consell Escolar, amb les noves incorporacions, per consens dels assistents.<\/span><\/span><\/p>\n<p><strong><span style=\"color: #0000ff;\">27.09.2023.<\/span><\/strong> <span style=\"color: #000000;\">S&#8217;aprova per consens la Mem\u00f2ria del curs 2022-2023. S&#8217;aprova per consens la PGA del curs 2023-2024.<\/span><\/p>\n<p><strong><span style=\"color: #0000ff;\">03.03.2023.<\/span>\u00a0<\/strong>S\u2019aprova la incorporaci\u00f3 de les tres representants a a comissi\u00f3 de selecci\u00f3 de la direcci\u00f3:Oumaima El Boutaibi, S\u00edlvia Temprano, Victoria Jim\u00e9nez.<\/p>\n<p><strong><span style=\"color: #0000ff;\">27.01.2023.<\/span>\u00a0<\/strong>S\u2019aprova per consens la liquidaci\u00f3 del pressupost econ\u00f2mic corresponent a l\u2019exercici del 2022<\/p>\n<p><strong><span style=\"color: #0000ff;\">27.01.2023.<\/span> <\/strong>S\u2019aprova per consens el pressupost econ\u00f2mic corresponent a l\u2019exercici del 2023<\/p>\n<p><span style=\"color: #0000ff;\"><strong>16.09.2022.\u00a0<\/strong><\/span>S\u2019aproven per consens els horaris corresponents als diferents ensenyaments.<\/p>\n<p><strong><span style=\"color: #0000ff;\">16.09.2022.<\/span> <\/strong>S\u2019aprova per consens la Programaci\u00f3 General Anual de Centre.<\/p>\n<p><span style=\"color: #0000ff;\"><strong>16.09.2022.<\/strong><\/span> S\u2019aprova per consens l\u2019actualitzaci\u00f3 de les NOFC.<\/p>\n<p><span style=\"color: #000080;\"><strong><span style=\"color: #0000ff;\">30.06.2022.<\/span> <\/strong><\/span>S\u2019aprova per consens la creaci\u00f3 de la comissi\u00f3 digital del centre.<\/p>\n<p><span style=\"color: #0000ff;\"><strong>30.06.2022. <\/strong><\/span>S\u2019aprova per consens el document de la mem\u00f2ria del centre del curs 2021-2022.<\/p>\n<p><span style=\"color: #0000ff;\"><strong>20.05.2022. <\/strong><\/span>S\u2019aprova per consens aplicar el r\u00e8gim de semipresencialitat a l&#8217;ensenyament de PPACFGS.<\/p>\n<p><span style=\"color: #0000ff;\"><strong>28.01.2022.\u00a0<\/strong><\/span>S\u2019aprova per consens la liquidaci\u00f3 del pressupost econ\u00f2mic corresponent a l\u2019exercici del 2021. S\u2019aprova per consens el pressupost econ\u00f2mic corresponent a l\u2019exercici del 2022.<\/p>\n<p><strong><span style=\"color: #0000ff;\">17.12.2021.<\/span> (Constituci\u00f3 del nou Consell Escolar) <\/strong>S\u2019aprova la composici\u00f3 de les Comissions Econ\u00f2mica i Permanent del Consell Escolar, amb les noves incorporacions, per consens dels assistents.<\/p>\n<p><span style=\"color: #0000ff;\"><strong>17.09.2020. <\/strong><\/span>S&#8217;aprova per consens<span style=\"font-family: inherit; font-size: 1em;\"> els horaris corresponents als diferents ensenyaments, l<\/span><span style=\"font-family: inherit; font-size: 1em;\">a Programaci\u00f3 Anual de Centre i <\/span><span style=\"font-family: inherit; font-size: 1em;\">l\u2019actualitzaci\u00f3 de les NOFC.<\/span><\/p>\n<p><strong><span style=\"color: #0000ff;\">29.01.2021<\/span>.<\/strong> S&#8217;aprova per consens la liquidaci\u00f3 del pressupost de l&#8217;exercici 2020 i la proposta de pressupost de l&#8217;exercici 2021.<\/p>\n<p><span style=\"font-weight: 400;\"><span style=\"color: #0000ff;\"><strong>16.04.2021.<\/strong><\/span> S\u2019aprova per consens sol\u00b7licitar la modalitat semipresencial per impartir els ensenyaments de Castell\u00e0 3, PPACFGS i Competic 1 i 3.<\/span><\/p>\n<p style=\"text-align: justify;\"><span style=\"color: #0000ff;\"><strong>04.06.2021.<\/strong><\/span> S&#8217;aprova per consens l&#8217;horari marc i\u00a0 el calendari escolar del curs 2021-2022.<\/p>\n<p><span style=\"color: #0000ff;\"><strong>30.06.2021.<\/strong><\/span> S&#8217;aprova per consens la Mem\u00f2ria del curs 2020-2021. S&#8217;aprova per consens una quota de 10 \u20ac per al material did\u00e0ctic de l&#8217;ensenyament d&#8217;Angl\u00e8s.<\/p>\n<p><strong><span style=\"color: #0000ff;\">17.09.2021<\/span>.<\/strong> S&#8217;aprova per consens el Pla d&#8217;organitzaci\u00f3 pel curs 2021-2022 dins del marc d&#8217;una pand\u00e8mia, els horaris corresponents als diferents ensenyaments, la Programaci\u00f3 General Anual de Centre i l&#8217;actualitzaci\u00f3 de les NOFC.<\/p>\n<p>&nbsp;<\/p>\n<p>&nbsp;<\/p>\n<p><strong>(informaci\u00f3 actualitzada en data 22 de setembre de 2025)<\/strong><\/p>\n","protected":false},"excerpt":{"rendered":"<p>Projecte educatiu de centre (PEC)<br \/>\nEl projecte educatiu de centre (PEC) \u00e9s el document que defineix com funciona el nostre centre educatiu. Inclou els principis rectors que el diferencien d\u2019altres centres, adaptat a la realitat de l\u2019entorn del nostre alumnat i d\u2019acord amb les conviccions pedag\u00f2giques&hellip;  <a href=\"https:\/\/agora.xtec.cat\/cfa-martorell\/projecte-educatiu\/normes-dorganitzacio-i-funcionament\/\" title=\"Read Documents del centre\">Llegeix m\u00e9s\u00bb<\/a><\/p>\n","protected":false},"author":1,"featured_media":0,"parent":57,"menu_order":20,"comment_status":"closed","ping_status":"closed","template":"page-templates\/side-menu.php","meta":{"_bbp_topic_count":0,"_bbp_reply_count":0,"_bbp_total_topic_count":0,"_bbp_total_reply_count":0,"_bbp_voice_count":0,"_bbp_anonymous_reply_count":0,"_bbp_topic_count_hidden":0,"_bbp_reply_count_hidden":0,"_bbp_forum_subforum_count":0,"footnotes":""},"class_list":["post-49","page","type-page","status-publish","hentry"],"post_mailing_queue_ids":[],"_links":{"self":[{"href":"https:\/\/agora.xtec.cat\/cfa-martorell\/wp-json\/wp\/v2\/pages\/49","targetHints":{"allow":["GET"]}}],"collection":[{"href":"https:\/\/agora.xtec.cat\/cfa-martorell\/wp-json\/wp\/v2\/pages"}],"about":[{"href":"https:\/\/agora.xtec.cat\/cfa-martorell\/wp-json\/wp\/v2\/types\/page"}],"author":[{"embeddable":true,"href":"https:\/\/agora.xtec.cat\/cfa-martorell\/wp-json\/wp\/v2\/users\/1"}],"replies":[{"embeddable":true,"href":"https:\/\/agora.xtec.cat\/cfa-martorell\/wp-json\/wp\/v2\/comments?post=49"}],"version-history":[{"count":6,"href":"https:\/\/agora.xtec.cat\/cfa-martorell\/wp-json\/wp\/v2\/pages\/49\/revisions"}],"predecessor-version":[{"id":2930,"href":"https:\/\/agora.xtec.cat\/cfa-martorell\/wp-json\/wp\/v2\/pages\/49\/revisions\/2930"}],"up":[{"embeddable":true,"href":"https:\/\/agora.xtec.cat\/cfa-martorell\/wp-json\/wp\/v2\/pages\/57"}],"wp:attachment":[{"href":"https:\/\/agora.xtec.cat\/cfa-martorell\/wp-json\/wp\/v2\/media?parent=49"}],"curies":[{"name":"wp","href":"https:\/\/api.w.org\/{rel}","templated":true}]}}