{"id":320,"date":"2015-01-28T11:35:13","date_gmt":"2015-01-28T10:35:13","guid":{"rendered":"http:\/\/agora.xtec.cat\/cfa-martorell\/?page_id=320"},"modified":"2025-11-05T17:38:20","modified_gmt":"2025-11-05T16:38:20","slug":"a-cicles-formatius-de-grau-superior","status":"publish","type":"page","link":"https:\/\/agora.xtec.cat\/cfa-martorell\/ensenyaments\/ensenyaments-per-a-la-preparacio-de-proves-dacces\/a-cicles-formatius-de-grau-superior\/","title":{"rendered":"Acc\u00e9s a cicles formatius de grau superior (CAS)"},"content":{"rendered":"<h4><strong>Descripci\u00f3<\/strong><\/h4>\n<p>Aquests estudis (CAS)\u00a0 tenen la durada d&#8217;un curs escolar. Si s&#8217;aprova el curs\u00a0 i si s&#8217;assisteix un m\u00ednim d&#8217;un 80% de les hores lectives es podr\u00e0 accedir directament a un cicle formatiu de grau superior de l&#8217;opcci\u00f3 C amb la nota que s&#8217;hagi obtingut al curs.<\/p>\n<p>&nbsp;<\/p>\n<h4><strong>Continguts<\/strong><\/h4>\n<ul>\n<li><span style=\"color: #993300;\"><strong>Mat\u00e8ries de la part comuna:<\/strong><\/span> Llengua catalana, Llengua castellana, Llengua anglesa i Matem\u00e0tiques.<\/li>\n<li><span style=\"color: #993300;\"><strong>Mat\u00e8ries de la part espec\u00edfica:<\/strong><\/span>.Economia de l&#8217;Empresa i Geografia. Opci\u00f3 C.<\/li>\n<\/ul>\n<p>&nbsp;<\/p>\n<h4><strong>Acc\u00e9s<\/strong><\/h4>\n<p>Poden accedir a aquests estudis les persones que tinguin 19 anys o les compleixen abans del 2026.<\/p>\n<h4><strong>Tr\u00e0mits<\/strong><\/h4>\n<p>Per cursar aquests estudis cal formalitzar la matr\u00edcula d&#8217;acord amb els criteris fixats pel Departament d&#8217;Educaci\u00f3.<\/p>\n<p>La matr\u00edcula d\u2019aquest ensenyament \u00e9s\u00a0<strong>gratu\u00efta<\/strong>. Cal fer el pagament del material did\u00e0ctic (llibres, dossiers,\u2026).<\/p>\n<p>&nbsp;<\/p>\n","protected":false},"excerpt":{"rendered":"<p>Descripci\u00f3<br \/>\nAquests estudis (CAS)\u00a0 tenen la durada d&#8217;un curs escolar. Si s&#8217;aprova el curs\u00a0 i si s&#8217;assisteix un m\u00ednim d&#8217;un 80% de les hores lectives es podr\u00e0 accedir directament a un cicle formatiu de grau superior de l&#8217;opcci\u00f3 C amb la nota que s&#8217;hagi obtingut al&hellip;  <a href=\"https:\/\/agora.xtec.cat\/cfa-martorell\/ensenyaments\/ensenyaments-per-a-la-preparacio-de-proves-dacces\/a-cicles-formatius-de-grau-superior\/\" title=\"Read Acc\u00e9s a cicles formatius de grau superior (CAS)\">Llegeix m\u00e9s\u00bb<\/a><\/p>\n","protected":false},"author":1,"featured_media":0,"parent":288,"menu_order":10,"comment_status":"closed","ping_status":"closed","template":"page-templates\/side-menu.php","meta":{"_bbp_topic_count":0,"_bbp_reply_count":0,"_bbp_total_topic_count":0,"_bbp_total_reply_count":0,"_bbp_voice_count":0,"_bbp_anonymous_reply_count":0,"_bbp_topic_count_hidden":0,"_bbp_reply_count_hidden":0,"_bbp_forum_subforum_count":0,"footnotes":""},"class_list":["post-320","page","type-page","status-publish","hentry"],"post_mailing_queue_ids":[],"_links":{"self":[{"href":"https:\/\/agora.xtec.cat\/cfa-martorell\/wp-json\/wp\/v2\/pages\/320","targetHints":{"allow":["GET"]}}],"collection":[{"href":"https:\/\/agora.xtec.cat\/cfa-martorell\/wp-json\/wp\/v2\/pages"}],"about":[{"href":"https:\/\/agora.xtec.cat\/cfa-martorell\/wp-json\/wp\/v2\/types\/page"}],"author":[{"embeddable":true,"href":"https:\/\/agora.xtec.cat\/cfa-martorell\/wp-json\/wp\/v2\/users\/1"}],"replies":[{"embeddable":true,"href":"https:\/\/agora.xtec.cat\/cfa-martorell\/wp-json\/wp\/v2\/comments?post=320"}],"version-history":[{"count":5,"href":"https:\/\/agora.xtec.cat\/cfa-martorell\/wp-json\/wp\/v2\/pages\/320\/revisions"}],"predecessor-version":[{"id":2921,"href":"https:\/\/agora.xtec.cat\/cfa-martorell\/wp-json\/wp\/v2\/pages\/320\/revisions\/2921"}],"up":[{"embeddable":true,"href":"https:\/\/agora.xtec.cat\/cfa-martorell\/wp-json\/wp\/v2\/pages\/288"}],"wp:attachment":[{"href":"https:\/\/agora.xtec.cat\/cfa-martorell\/wp-json\/wp\/v2\/media?parent=320"}],"curies":[{"name":"wp","href":"https:\/\/api.w.org\/{rel}","templated":true}]}}