{"id":316,"date":"2015-01-28T11:33:51","date_gmt":"2015-01-28T10:33:51","guid":{"rendered":"http:\/\/agora.xtec.cat\/cfa-martorell\/?page_id=316"},"modified":"2025-11-05T17:33:12","modified_gmt":"2025-11-05T16:33:12","slug":"competencia-digital-competic","status":"publish","type":"page","link":"https:\/\/agora.xtec.cat\/cfa-martorell\/ensenyaments\/ensenyaments-transprofessionals\/competencia-digital-competic\/","title":{"rendered":"Inform\u00e0tica &#8211; Compet\u00e8ncia digital COMPETIC"},"content":{"rendered":"<h4><strong>Descripci\u00f3<\/strong><\/h4>\n<p>Els ensenyaments d&#8217;inform\u00e0tica tenen com objectiu facilitar l&#8217;adquisici\u00f3 de la compet\u00e8ncia digital, entesa com la combinaci\u00f3 de coneixements, habilitats i actituds en l&#8217;\u00e0mbit de les tecnologies de la informaci\u00f3 i la comunicaci\u00f3 (TIC) per desenvolupar-se en la societat actual. S&#8217;imparteixen en quatre nivells:<\/p>\n<ul>\n<li><strong><span style=\"color: #993300;\">Competic Inicial<\/span><\/strong> (3 h\/setmana): <em><span style=\"color: #ff0000;\">*aquest nivell actualment no s&#8217;est\u00e0 oferint al nostre centre, consulteu les dades de preinscripci\u00f3.<\/span><\/em><\/li>\n<li><span style=\"color: #993300;\"><strong>COMPETIC 1<\/strong><\/span> (3 h\/setmana), que equival a l&#8217;<strong><a href=\"https:\/\/actic.gencat.cat\/ca\/actic_informacio\/actic_competencies_i_nivells\/\" target=\"_blank\" rel=\"noopener noreferrer\">ACTIC B\u00e0sic<\/a><\/strong><\/li>\n<li><span style=\"color: #993300;\"><strong>COMPETIC 2<\/strong><\/span> (4 h\/setmana), que equival a l&#8217;<strong><a href=\"https:\/\/actic.gencat.cat\/ca\/actic_informacio\/actic_competencies_i_nivells\/\" target=\"_blank\" rel=\"noopener noreferrer\">ACTIC Mitj\u00e0<\/a><\/strong><\/li>\n<li><span style=\"color: #993300;\"><strong>COMPETIC 3<\/strong><\/span> (3 h\/setmana), que equival\u00a0a l&#8217;<strong><a href=\"https:\/\/actic.gencat.cat\/ca\/actic_informacio\/actic_competencies_i_nivells\/\" target=\"_blank\" rel=\"noopener noreferrer\">ACTIC Avan\u00e7at<\/a><\/strong><\/li>\n<\/ul>\n<h4><strong>Continguts<\/strong><\/h4>\n<p>El nivell inicial d&#8217;inform\u00e0tica (COMPETIC inicial) s&#8217;adre\u00e7a a les persones adultes que volen assolir un domini b\u00e0sic de les tecnologies de la informaci\u00f3 i la comunicaci\u00f3 (TIC).<\/p>\n<p>Els diferents nivells usuari d\u2019inform\u00e0tica (COMPETIC 1, 2 i 3) van adre\u00e7ats a persones que tenen uns coneixements b\u00e0sics del funcionament de l\u2019ordinador, del tractament de textos, de l\u2019\u00fas del correu electr\u00f2nic i de la cerca d\u2019informaci\u00f3 per Internet, el civisme digital, full de c\u00e0lcul i tractament de la imatge i el so.<\/p>\n<p><a href=\"https:\/\/agora.xtec.cat\/cfa-martorell\/wp-content\/uploads\/usu1768\/2020\/04\/competicInfo.jpg\"><img loading=\"lazy\" decoding=\"async\" class=\"alignnone size-full wp-image-567\" src=\"https:\/\/agora.xtec.cat\/cfa-martorell\/wp-content\/uploads\/usu1768\/2020\/04\/competicInfo.jpg\" alt=\"\" width=\"600\" height=\"339\" srcset=\"https:\/\/agora.xtec.cat\/cfa-martorell\/wp-content\/uploads\/usu1768\/2020\/04\/competicInfo.jpg 600w, https:\/\/agora.xtec.cat\/cfa-martorell\/wp-content\/uploads\/usu1768\/2020\/04\/competicInfo-300x170.jpg 300w\" sizes=\"auto, (max-width: 600px) 100vw, 600px\" \/><\/a><\/p>\n<h4><strong>Acc\u00e9s<\/strong><\/h4>\n<p>Poden accedir a aquests estudis totes les persones que tenen m\u00e9s de 18 anys o b\u00e9 els compleixen durant l&#8217;any natural en qu\u00e8 inicien la formaci\u00f3.<\/p>\n<p>Per tal de poder matricular-se al COMPETIC 3\u00a0<strong>cal disposar del certificat de COMPETIC 2 o de l\u2019ACTIC Mitj\u00e0<\/strong>.<\/p>\n<h4><strong>Tr\u00e0mits<\/strong><\/h4>\n<p>Per cursar aquests estudis cal formalitzar la matr\u00edcula d&#8217;acord amb els criteris fixats pel Departament d&#8217;Educaci\u00f3.<\/p>\n<p>Aquest ensenyament \u00e9s <strong>gratu\u00eft<\/strong>.S&#8217;ha<strong> de pagar el material<\/strong>, que s\u00f3n 10 euros per trimestre com s&#8217;explica a les NOFC del centre.<\/p>\n","protected":false},"excerpt":{"rendered":"<p>Descripci\u00f3<br \/>\nEls ensenyaments d&#8217;inform\u00e0tica tenen com objectiu facilitar l&#8217;adquisici\u00f3 de la compet\u00e8ncia digital, entesa com la combinaci\u00f3 de coneixements, habilitats i actituds en l&#8217;\u00e0mbit de les tecnologies de la informaci\u00f3 i la comunicaci\u00f3 (TIC) per desenvolupar-se en la societat actual. S&#8217;imparteixen en quatre nivells:<\/p>\n<ul>\n<li>Competic Inicial (3&hellip;  <a href=\"https:\/\/agora.xtec.cat\/cfa-martorell\/ensenyaments\/ensenyaments-transprofessionals\/competencia-digital-competic\/\" title=\"Read Inform\u00e0tica &#8211; Compet\u00e8ncia digital COMPETIC\">Llegeix m\u00e9s\u00bb<\/a><br \/>\n","protected":false},"author":1,"featured_media":0,"parent":286,"menu_order":0,"comment_status":"closed","ping_status":"closed","template":"page-templates\/side-menu.php","meta":{"_bbp_topic_count":0,"_bbp_reply_count":0,"_bbp_total_topic_count":0,"_bbp_total_reply_count":0,"_bbp_voice_count":0,"_bbp_anonymous_reply_count":0,"_bbp_topic_count_hidden":0,"_bbp_reply_count_hidden":0,"_bbp_forum_subforum_count":0,"footnotes":""},"class_list":["post-316","page","type-page","status-publish","hentry"],"post_mailing_queue_ids":[],"_links":{"self":[{"href":"https:\/\/agora.xtec.cat\/cfa-martorell\/wp-json\/wp\/v2\/pages\/316","targetHints":{"allow":["GET"]}}],"collection":[{"href":"https:\/\/agora.xtec.cat\/cfa-martorell\/wp-json\/wp\/v2\/pages"}],"about":[{"href":"https:\/\/agora.xtec.cat\/cfa-martorell\/wp-json\/wp\/v2\/types\/page"}],"author":[{"embeddable":true,"href":"https:\/\/agora.xtec.cat\/cfa-martorell\/wp-json\/wp\/v2\/users\/1"}],"replies":[{"embeddable":true,"href":"https:\/\/agora.xtec.cat\/cfa-martorell\/wp-json\/wp\/v2\/comments?post=316"}],"version-history":[{"count":4,"href":"https:\/\/agora.xtec.cat\/cfa-martorell\/wp-json\/wp\/v2\/pages\/316\/revisions"}],"predecessor-version":[{"id":2920,"href":"https:\/\/agora.xtec.cat\/cfa-martorell\/wp-json\/wp\/v2\/pages\/316\/revisions\/2920"}],"up":[{"embeddable":true,"href":"https:\/\/agora.xtec.cat\/cfa-martorell\/wp-json\/wp\/v2\/pages\/286"}],"wp:attachment":[{"href":"https:\/\/agora.xtec.cat\/cfa-martorell\/wp-json\/wp\/v2\/media?parent=316"}],"curies":[{"name":"wp","href":"https:\/\/api.w.org\/{rel}","templated":true}]}}