{"id":312,"date":"2015-01-28T11:32:38","date_gmt":"2015-01-28T10:32:38","guid":{"rendered":"http:\/\/agora.xtec.cat\/cfa-martorell\/?page_id=312"},"modified":"2025-11-05T17:03:37","modified_gmt":"2025-11-05T16:03:37","slug":"llengua-anglesa","status":"publish","type":"page","link":"https:\/\/agora.xtec.cat\/cfa-martorell\/ensenyaments\/ensenyaments-transprofessionals\/llengua-anglesa\/","title":{"rendered":"Llengua anglesa"},"content":{"rendered":"<h4><strong>Descripci\u00f3<\/strong><\/h4>\n<p>Aquests estudis tenen com a objectiu que les persones adultes assoleixin un grau de compet\u00e8ncia b\u00e0sic per a comunicar-se en llengua anglesa i s&#8217;imparteixen en tres nivells:<\/p>\n<ul>\n<li><span style=\"color: #993300;\"><strong>Llengua anglesa nivell 1<\/strong><\/span> (3 h\/setmana), que correspon al <strong>nivell A1<\/strong>\u00a0del MECR (Marc europeu com\u00fa de refer\u00e8ncia per a les lleng\u00fces).<\/li>\n<li><span style=\"color: #993300;\"><strong>Llengua anglesa nivell 2<\/strong><\/span> (4 h\/setmana), que correspon al <strong>nivell A2.1<\/strong> del MECR.<\/li>\n<li><span style=\"color: #993300;\"><strong>Llengua anglesa nivell 3<\/strong><\/span> (4 h\/setmana), que correspon al <strong>nivell A2.2<\/strong> del MECR.<\/li>\n<\/ul>\n<p><a href=\"https:\/\/agora.xtec.cat\/cfa-martorell\/wp-content\/uploads\/usu1768\/2025\/11\/2526_nivells_angles.png\"><img loading=\"lazy\" decoding=\"async\" class=\"alignnone size-full wp-image-2911\" src=\"https:\/\/agora.xtec.cat\/cfa-martorell\/wp-content\/uploads\/usu1768\/2025\/11\/2526_nivells_angles.png\" alt=\"\" width=\"374\" height=\"293\" srcset=\"https:\/\/agora.xtec.cat\/cfa-martorell\/wp-content\/uploads\/usu1768\/2025\/11\/2526_nivells_angles.png 374w, https:\/\/agora.xtec.cat\/cfa-martorell\/wp-content\/uploads\/usu1768\/2025\/11\/2526_nivells_angles-300x235.png 300w\" sizes=\"auto, (max-width: 374px) 100vw, 374px\" \/><\/a><\/p>\n<p>&nbsp;<\/p>\n<h4><strong>Continguts<\/strong><\/h4>\n<p>En els tres nivells es treballen les habilitats de comprensi\u00f3 i expressi\u00f3 orals i escrites que permeten fer front a la major part de situacions ling\u00fc\u00edstiques de la vida quotidiana i comunicar-se de forma b\u00e0sica en un entorn pluriling\u00fce i multicultural.\u00a0Vegeu el\u00a0<strong><a title=\"Ves al DOGC\" href=\"http:\/\/dogc.gencat.cat\/ca\/pdogc_canals_interns\/pdogc_resultats_fitxa\/index.html?action=fitxa&amp;mode=single&amp;documentId=821281&amp;language=es_ES&amp;newLang=ca_ES\" target=\"_blank\" rel=\"noopener noreferrer\">curr\u00edculum<\/a><\/strong> d&#8217;aquests estudis. <span style=\"font-weight: 400;\">\u00a0<\/span><span style=\"font-weight: 400;\">(DOGC n\u00fam. 7652, de 28.6.2018)<\/span><span style=\"font-weight: 400;\">.<\/span><\/p>\n<p><span style=\"font-weight: 400;\">Els alumnes de <\/span><b>nivell 3<\/b><span style=\"font-weight: 400;\">, <\/span><span style=\"font-weight: 400;\">per finalitzar el curs<\/span><span style=\"font-weight: 400;\">,\u00a0 han de superar una prova <\/span><span style=\"font-weight: 400;\">externa que organitza el Departament d\u2019Educaci\u00f3<\/span><span style=\"font-weight: 400;\"> de nivell b\u00e0sic (A2 del MERC) per mostrar el grau d\u2019assoliment de la compet\u00e8ncia ling\u00fc\u00edstica.<\/span><\/p>\n<p>&nbsp;<\/p>\n<h4><b>Recursos<\/b><\/h4>\n<p><span style=\"font-weight: 400;\">Als cursos d\u2019angl\u00e8s s\u2019utilitzen llibres de text i es proporcionen fotoc\u00f2pies.\u00a0<\/span><\/p>\n<p><span style=\"font-weight: 400;\">Com a entorn virtual d\u2019aprenentatge s\u2019utilitza el \u201cClassroom\u201d.<a href=\"https:\/\/agora.xtec.cat\/cfa-martorell\/wp-content\/uploads\/usu1768\/2025\/11\/2526-classrrom.png\"><img loading=\"lazy\" decoding=\"async\" class=\"alignnone size-full wp-image-2912\" src=\"https:\/\/agora.xtec.cat\/cfa-martorell\/wp-content\/uploads\/usu1768\/2025\/11\/2526-classrrom.png\" alt=\"\" width=\"72\" height=\"62\" \/><\/a><\/span><\/p>\n<p>&nbsp;<\/p>\n<h4><strong>Acc\u00e9s<\/strong><\/h4>\n<p><span style=\"font-weight: 400;\">Poden accedir a aquests estudis totes les persones <\/span><span style=\"font-weight: 400;\">alfabetitzades<\/span><span style=\"font-weight: 400;\"> que tenen m\u00e9s de 18 anys o b\u00e9 els compleixen durant l\u2019any natural en qu\u00e8 inicien la formaci\u00f3.<\/span><\/p>\n<p><span style=\"font-weight: 400;\">Per tal de situar l\u2019alumnat en el nivell que li correspon d\u2019acord amb les seves compet\u00e8ncies, si no t\u00e9 una acreditaci\u00f3 pr\u00e8via en el moment de la preinscripci\u00f3, el centre de formaci\u00f3 d\u2019adults li far\u00e0 una prova de nivell.<\/span><\/p>\n<p>&nbsp;<\/p>\n<h4><strong>Tr\u00e0mits<\/strong><\/h4>\n<p><span style=\"font-weight: 400;\">Aquest ensenyament\u00a0 \u00e9s gratu\u00eft, per\u00f2 el material <\/span><span style=\"font-weight: 400;\">t\u00e9 un cost de 10\u20ac per trimestre, amb possibles bonificacions recollides a les <\/span><a href=\"https:\/\/agora.xtec.cat\/cfa-martorell\/projecte-educatiu\/normes-dorganitzacio-i-funcionament\/\"><span style=\"font-weight: 400;\">NOFC<\/span><\/a><span style=\"font-weight: 400;\"> del centre.<\/span><\/p>\n<h4><strong>Continu\u00eftat<\/strong><\/h4>\n<p><span style=\"font-weight: 400;\">La qualificaci\u00f3 d\u2019apte al nivell 3 permet<\/span><span style=\"font-weight: 400;\"> continuar la formaci\u00f3 en una escola oficial d\u2019idiomes (EOI), accedint al nivell de 3r sense haver de superar una prova de nivell, <\/span><span style=\"font-weight: 400;\">sempre que hi hagi places vacants.<\/span><\/p>\n","protected":false},"excerpt":{"rendered":"<p>Descripci\u00f3<br \/>\nAquests estudis tenen com a objectiu que les persones adultes assoleixin un grau de compet\u00e8ncia b\u00e0sic per a comunicar-se en llengua anglesa i s&#8217;imparteixen en tres nivells:<\/p>\n<ul>\n<li>Llengua anglesa nivell 1 (3 h\/setmana), que correspon al nivell A1\u00a0del MECR (Marc europeu com\u00fa de refer\u00e8ncia per a&hellip;  <a href=\"https:\/\/agora.xtec.cat\/cfa-martorell\/ensenyaments\/ensenyaments-transprofessionals\/llengua-anglesa\/\" title=\"Read Llengua anglesa\">Llegeix m\u00e9s\u00bb<\/a><br \/>\n","protected":false},"author":1,"featured_media":0,"parent":286,"menu_order":0,"comment_status":"closed","ping_status":"closed","template":"page-templates\/side-menu.php","meta":{"_bbp_topic_count":0,"_bbp_reply_count":0,"_bbp_total_topic_count":0,"_bbp_total_reply_count":0,"_bbp_voice_count":0,"_bbp_anonymous_reply_count":0,"_bbp_topic_count_hidden":0,"_bbp_reply_count_hidden":0,"_bbp_forum_subforum_count":0,"footnotes":""},"class_list":["post-312","page","type-page","status-publish","hentry"],"post_mailing_queue_ids":[],"_links":{"self":[{"href":"https:\/\/agora.xtec.cat\/cfa-martorell\/wp-json\/wp\/v2\/pages\/312","targetHints":{"allow":["GET"]}}],"collection":[{"href":"https:\/\/agora.xtec.cat\/cfa-martorell\/wp-json\/wp\/v2\/pages"}],"about":[{"href":"https:\/\/agora.xtec.cat\/cfa-martorell\/wp-json\/wp\/v2\/types\/page"}],"author":[{"embeddable":true,"href":"https:\/\/agora.xtec.cat\/cfa-martorell\/wp-json\/wp\/v2\/users\/1"}],"replies":[{"embeddable":true,"href":"https:\/\/agora.xtec.cat\/cfa-martorell\/wp-json\/wp\/v2\/comments?post=312"}],"version-history":[{"count":6,"href":"https:\/\/agora.xtec.cat\/cfa-martorell\/wp-json\/wp\/v2\/pages\/312\/revisions"}],"predecessor-version":[{"id":2913,"href":"https:\/\/agora.xtec.cat\/cfa-martorell\/wp-json\/wp\/v2\/pages\/312\/revisions\/2913"}],"up":[{"embeddable":true,"href":"https:\/\/agora.xtec.cat\/cfa-martorell\/wp-json\/wp\/v2\/pages\/286"}],"wp:attachment":[{"href":"https:\/\/agora.xtec.cat\/cfa-martorell\/wp-json\/wp\/v2\/media?parent=312"}],"curies":[{"name":"wp","href":"https:\/\/api.w.org\/{rel}","templated":true}]}}