{"id":303,"date":"2015-01-28T11:23:05","date_gmt":"2015-01-28T10:23:05","guid":{"rendered":"http:\/\/agora.xtec.cat\/cfa-martorell\/?page_id=303"},"modified":"2025-11-05T17:31:30","modified_gmt":"2025-11-05T16:31:30","slug":"graduat-en-educacio-secundaria-per-adults","status":"publish","type":"page","link":"https:\/\/agora.xtec.cat\/cfa-martorell\/ensenyaments\/formacio-basica\/graduat-en-educacio-secundaria-per-adults\/","title":{"rendered":"Graduat en educaci\u00f3 secundaria (GES)"},"content":{"rendered":"<h4><strong>Descripci\u00f3<\/strong><\/h4>\n<p>Aquests estudis permeten completar els ensenyaments b\u00e0sics i obtenir el <strong><span style=\"color: #993300;\">t\u00edtol<\/span><\/strong> de graduat o graduada en <strong><span style=\"color: #993300;\">educaci\u00f3 secund\u00e0ria obligat\u00f2ria<\/span><\/strong> (GES = ESO).<\/p>\n<h4><strong>Equival\u00e8ncies<\/strong><\/h4>\n<p><strong><a href=\"http:\/\/queestudiar.gencat.cat\/ca\/estudis\/fp\/convalidacions\/equivalencies-geso\/\" target=\"_blank\" rel=\"noopener noreferrer\"><span style=\"color: #0000ff;\"><span style=\"color: #0000ff;\">Equ<\/span>ival\u00e8ncies a efectes acad\u00e8mics de t\u00edtols i estudis amb el t\u00edtol de graduat en educaci\u00f3 secund\u00e0ria obligat\u00f2ria<\/span><\/a><\/strong><\/p>\n<h4><strong>Continguts<\/strong><\/h4>\n<p>Ennlla\u00e7 a la <a href=\"https:\/\/www.gencat.cat\/ensenyament\/eac\/pdf\/APA_____ESO_CA.pdf\"><strong>fitxa de l&#8217;estudi<\/strong><\/a><\/p>\n<p>El GES s\u2019organitza de forma modular en\u00a0<b>tres \u00e0mbits<\/b>. <b>Per obtenir la titulaci\u00f3\u00a0<\/b>s\u2019ha de cursar un total de\u00a0<b>34 m\u00f2duls\u00a0<\/b>o, si escau, convalidar o acreditar. Els m\u00f2duls s\u00f3n de dos tipus:\u00a0<b>comuns i opcionals.<\/b><\/p>\n<p>La <strong>durada<\/strong> d\u2019aquests estudis \u00e9s de <strong>2 anys<\/strong> (GES-1 i GES-2), que es poden reduir a menys de 2 anys si les convalidacions d\u2019estudis anteriors ho permeten o si se supera una prova de nivell.<\/p>\n<p>El curs est\u00e0 distribu\u00eft en\u00a0<b>tres trimestres.\u00a0<\/b>Cada trimestre consta de 10 setmanes de classe. Una persona pot incorporar-se al curs a principis de cada trimestre i fer els m\u00f2duls que no siguin incompatibles.<\/p>\n<p>Els m\u00f2duls que estan relacionats amb l&#8217;\u00e0mbit de la comunicaci\u00f3, el cientificotenol\u00f2gic i el social es distribueixen en dos nivells:<\/p>\n<p><a href=\"https:\/\/agora.xtec.cat\/cfa-martorell\/wp-content\/uploads\/usu1768\/2020\/04\/Captura-1.png\"><img loading=\"lazy\" decoding=\"async\" class=\"alignnone size-large wp-image-489\" src=\"https:\/\/agora.xtec.cat\/cfa-martorell\/wp-content\/uploads\/usu1768\/2020\/04\/Captura-1-1024x599.png\" alt=\"\" width=\"1024\" height=\"599\" srcset=\"https:\/\/agora.xtec.cat\/cfa-martorell\/wp-content\/uploads\/usu1768\/2020\/04\/Captura-1-1024x599.png 1024w, https:\/\/agora.xtec.cat\/cfa-martorell\/wp-content\/uploads\/usu1768\/2020\/04\/Captura-1-300x175.png 300w, https:\/\/agora.xtec.cat\/cfa-martorell\/wp-content\/uploads\/usu1768\/2020\/04\/Captura-1-768x449.png 768w, https:\/\/agora.xtec.cat\/cfa-martorell\/wp-content\/uploads\/usu1768\/2020\/04\/Captura-1.png 1242w\" sizes=\"auto, (max-width: 1024px) 100vw, 1024px\" \/><\/a><\/p>\n<h4><strong>Acc\u00e9s<\/strong><\/h4>\n<p>Poden accedir a aquests estudis totes les persones que tenen m\u00e9s de 18 anys o b\u00e9 els compleixen durant l&#8217;any natural en qu\u00e8 inicien la formaci\u00f3. Els menors que han cursat un PFI.<\/p>\n<h4><strong>Tr\u00e0mits<\/strong><\/h4>\n<p>Per cursar aquests estudis cal formalitzar la matr\u00edcula d&#8217;acord amb els criteris fixats pel Departament d&#8217;Educaci\u00f3.<\/p>\n<p>La matr\u00edcula d&#8217;aquest ensenyament \u00e9s <strong>gratu\u00efta<\/strong>. Cal fer el pagament del material did\u00e0ctic (llibres, dossiers,&#8230;).<\/p>\n<h4><strong>Continu\u00eftat<\/strong><\/h4>\n<p>Les persones que superen aquesta formaci\u00f3 poden accedir als ensenyaments seg\u00fcents:<\/p>\n<ul>\n<li>el batxillerat,<\/li>\n<li>els cicles formatius de grau mitj\u00e1,<\/li>\n<li>la preparaci\u00f3 per a les proves d&#8217;acc\u00e9s als cicles formatius de grau superior o CAS.<\/li>\n<li>la preparaci\u00f3 per a les proves d&#8217;acc\u00e9s a la universitat per a les persones m\u00e9s grans de 25 anys.<\/li>\n<\/ul>\n<h4><\/h4>\n","protected":false},"excerpt":{"rendered":"<p>Descripci\u00f3<br \/>\nAquests estudis permeten completar els ensenyaments b\u00e0sics i obtenir el t\u00edtol de graduat o graduada en educaci\u00f3 secund\u00e0ria obligat\u00f2ria (GES = ESO).<br \/>\nEquival\u00e8ncies<br \/>\n<a href=\"http:\/\/queestudiar.gencat.cat\/ca\/estudis\/fp\/convalidacions\/equivalencies-geso\/\" target=\"_blank\" rel=\"noopener noreferrer\">Equival\u00e8ncies a efectes acad\u00e8mics de t\u00edtols i estudis amb el t\u00edtol de graduat en educaci\u00f3 secund\u00e0ria obligat\u00f2ria<\/a><br \/>\nContinguts<br \/>\nEnnlla\u00e7 a la <a&hellip;  <a href=\"https:\/\/agora.xtec.cat\/cfa-martorell\/ensenyaments\/formacio-basica\/graduat-en-educacio-secundaria-per-adults\/\" title=\"Read Graduat en educaci\u00f3 secundaria (GES)\">Llegeix m\u00e9s\u00bb<\/a><\/p>\n","protected":false},"author":1,"featured_media":0,"parent":796,"menu_order":20,"comment_status":"closed","ping_status":"closed","template":"page-templates\/side-menu.php","meta":{"_bbp_topic_count":0,"_bbp_reply_count":0,"_bbp_total_topic_count":0,"_bbp_total_reply_count":0,"_bbp_voice_count":0,"_bbp_anonymous_reply_count":0,"_bbp_topic_count_hidden":0,"_bbp_reply_count_hidden":0,"_bbp_forum_subforum_count":0,"footnotes":""},"class_list":["post-303","page","type-page","status-publish","hentry"],"post_mailing_queue_ids":[],"_links":{"self":[{"href":"https:\/\/agora.xtec.cat\/cfa-martorell\/wp-json\/wp\/v2\/pages\/303","targetHints":{"allow":["GET"]}}],"collection":[{"href":"https:\/\/agora.xtec.cat\/cfa-martorell\/wp-json\/wp\/v2\/pages"}],"about":[{"href":"https:\/\/agora.xtec.cat\/cfa-martorell\/wp-json\/wp\/v2\/types\/page"}],"author":[{"embeddable":true,"href":"https:\/\/agora.xtec.cat\/cfa-martorell\/wp-json\/wp\/v2\/users\/1"}],"replies":[{"embeddable":true,"href":"https:\/\/agora.xtec.cat\/cfa-martorell\/wp-json\/wp\/v2\/comments?post=303"}],"version-history":[{"count":5,"href":"https:\/\/agora.xtec.cat\/cfa-martorell\/wp-json\/wp\/v2\/pages\/303\/revisions"}],"predecessor-version":[{"id":2919,"href":"https:\/\/agora.xtec.cat\/cfa-martorell\/wp-json\/wp\/v2\/pages\/303\/revisions\/2919"}],"up":[{"embeddable":true,"href":"https:\/\/agora.xtec.cat\/cfa-martorell\/wp-json\/wp\/v2\/pages\/796"}],"wp:attachment":[{"href":"https:\/\/agora.xtec.cat\/cfa-martorell\/wp-json\/wp\/v2\/media?parent=303"}],"curies":[{"name":"wp","href":"https:\/\/api.w.org\/{rel}","templated":true}]}}