{"id":288,"date":"2015-01-28T11:08:02","date_gmt":"2015-01-28T10:08:02","guid":{"rendered":"http:\/\/agora.xtec.cat\/cfa-martorell\/?page_id=288"},"modified":"2025-05-06T14:11:11","modified_gmt":"2025-05-06T12:11:11","slug":"ensenyaments-per-a-la-preparacio-de-proves-dacces","status":"publish","type":"page","link":"https:\/\/agora.xtec.cat\/cfa-martorell\/ensenyaments\/ensenyaments-per-a-la-preparacio-de-proves-dacces\/","title":{"rendered":"Curs d&#8217;acc\u00e9s als cicles formatius de grau superior (CAS)"},"content":{"rendered":"<p>El curs vinent 2025-2026 el centre comen\u00e7ar\u00e0 a impartir el curs que et permet accedir directament als cicles formatius de grau superior SENSE neecessitat de fer la prova d&#8217;acc\u00e9s.<\/p>\n<p>&nbsp;<\/p>\n","protected":false},"excerpt":{"rendered":"<p>El curs vinent 2025-2026 el centre comen\u00e7ar\u00e0 a impartir el curs que et permet accedir directament als cicles formatius de grau superior SENSE neecessitat de fer la prova d&#8217;acc\u00e9s.<br \/>\n&nbsp;<\/p>\n","protected":false},"author":1,"featured_media":0,"parent":274,"menu_order":40,"comment_status":"closed","ping_status":"closed","template":"page-templates\/side-menu.php","meta":{"_bbp_topic_count":0,"_bbp_reply_count":0,"_bbp_total_topic_count":0,"_bbp_total_reply_count":0,"_bbp_voice_count":0,"_bbp_anonymous_reply_count":0,"_bbp_topic_count_hidden":0,"_bbp_reply_count_hidden":0,"_bbp_forum_subforum_count":0,"footnotes":""},"class_list":["post-288","page","type-page","status-publish","hentry"],"post_mailing_queue_ids":[],"_links":{"self":[{"href":"https:\/\/agora.xtec.cat\/cfa-martorell\/wp-json\/wp\/v2\/pages\/288","targetHints":{"allow":["GET"]}}],"collection":[{"href":"https:\/\/agora.xtec.cat\/cfa-martorell\/wp-json\/wp\/v2\/pages"}],"about":[{"href":"https:\/\/agora.xtec.cat\/cfa-martorell\/wp-json\/wp\/v2\/types\/page"}],"author":[{"embeddable":true,"href":"https:\/\/agora.xtec.cat\/cfa-martorell\/wp-json\/wp\/v2\/users\/1"}],"replies":[{"embeddable":true,"href":"https:\/\/agora.xtec.cat\/cfa-martorell\/wp-json\/wp\/v2\/comments?post=288"}],"version-history":[{"count":4,"href":"https:\/\/agora.xtec.cat\/cfa-martorell\/wp-json\/wp\/v2\/pages\/288\/revisions"}],"predecessor-version":[{"id":2852,"href":"https:\/\/agora.xtec.cat\/cfa-martorell\/wp-json\/wp\/v2\/pages\/288\/revisions\/2852"}],"up":[{"embeddable":true,"href":"https:\/\/agora.xtec.cat\/cfa-martorell\/wp-json\/wp\/v2\/pages\/274"}],"wp:attachment":[{"href":"https:\/\/agora.xtec.cat\/cfa-martorell\/wp-json\/wp\/v2\/media?parent=288"}],"curies":[{"name":"wp","href":"https:\/\/api.w.org\/{rel}","templated":true}]}}