{"id":286,"date":"2015-01-28T11:07:30","date_gmt":"2015-01-28T10:07:30","guid":{"rendered":"http:\/\/agora.xtec.cat\/cfa-martorell\/?page_id=286"},"modified":"2020-04-12T09:02:24","modified_gmt":"2020-04-12T07:02:24","slug":"ensenyaments-transprofessionals","status":"publish","type":"page","link":"https:\/\/agora.xtec.cat\/cfa-martorell\/ensenyaments\/ensenyaments-transprofessionals\/","title":{"rendered":"Ensenyaments transprofessionals"},"content":{"rendered":"<p>Els ensenyaments per adquirir compet\u00e8ncies transprofessionals inclouen la formaci\u00f3 en lleng\u00fces estrangeres (angl\u00e8s en el <strong>CFA Martorell<\/strong>) i en compet\u00e8ncies digitals (COMPETIC).<\/p>\n<ul>\n<li><a href=\"http:\/\/agora.xtec.cat\/cfa-martorell\/ensenyaments\/ensenyaments-transprofessionals\/llengua-anglesa\/\" target=\"_blank\" rel=\"noopener noreferrer\"><strong><span style=\"color: #993300;\">Llengua anglesa<\/span><\/strong><\/a><\/li>\n<li><a href=\"http:\/\/agora.xtec.cat\/cfa-martorell\/ensenyaments\/ensenyaments-transprofessionals\/competencia-digital-competic\/\" target=\"_blank\" rel=\"noopener noreferrer\"><strong><span style=\"color: #993300;\">Compet\u00e8ncia digital COMPETIC:<\/span><\/strong><\/a>\u00a0<strong>Inform\u00e0tica<\/strong> amb equival\u00e8ncia <strong>ACTIC<\/strong><\/li>\n<\/ul>\n","protected":false},"excerpt":{"rendered":"<p>Els ensenyaments per adquirir compet\u00e8ncies transprofessionals inclouen la formaci\u00f3 en lleng\u00fces estrangeres (angl\u00e8s en el CFA Martorell) i en compet\u00e8ncies digitals (COMPETIC).<\/p>\n<ul>\n<li><a href=\"http:\/\/agora.xtec.cat\/cfa-martorell\/ensenyaments\/ensenyaments-transprofessionals\/llengua-anglesa\/\" target=\"_blank\" rel=\"noopener noreferrer\">Llengua anglesa<\/a><\/li>\n<li><a href=\"http:\/\/agora.xtec.cat\/cfa-martorell\/ensenyaments\/ensenyaments-transprofessionals\/competencia-digital-competic\/\" target=\"_blank\" rel=\"noopener noreferrer\">Compet\u00e8ncia digital COMPETIC:<\/a>\u00a0Inform\u00e0tica amb equival\u00e8ncia ACTIC<\/li>\n<\/ul>\n","protected":false},"author":1,"featured_media":0,"parent":274,"menu_order":30,"comment_status":"closed","ping_status":"closed","template":"page-templates\/side-menu.php","meta":{"_bbp_topic_count":0,"_bbp_reply_count":0,"_bbp_total_topic_count":0,"_bbp_total_reply_count":0,"_bbp_voice_count":0,"_bbp_anonymous_reply_count":0,"_bbp_topic_count_hidden":0,"_bbp_reply_count_hidden":0,"_bbp_forum_subforum_count":0,"footnotes":""},"class_list":["post-286","page","type-page","status-publish","hentry"],"post_mailing_queue_ids":[],"_links":{"self":[{"href":"https:\/\/agora.xtec.cat\/cfa-martorell\/wp-json\/wp\/v2\/pages\/286","targetHints":{"allow":["GET"]}}],"collection":[{"href":"https:\/\/agora.xtec.cat\/cfa-martorell\/wp-json\/wp\/v2\/pages"}],"about":[{"href":"https:\/\/agora.xtec.cat\/cfa-martorell\/wp-json\/wp\/v2\/types\/page"}],"author":[{"embeddable":true,"href":"https:\/\/agora.xtec.cat\/cfa-martorell\/wp-json\/wp\/v2\/users\/1"}],"replies":[{"embeddable":true,"href":"https:\/\/agora.xtec.cat\/cfa-martorell\/wp-json\/wp\/v2\/comments?post=286"}],"version-history":[{"count":3,"href":"https:\/\/agora.xtec.cat\/cfa-martorell\/wp-json\/wp\/v2\/pages\/286\/revisions"}],"predecessor-version":[{"id":800,"href":"https:\/\/agora.xtec.cat\/cfa-martorell\/wp-json\/wp\/v2\/pages\/286\/revisions\/800"}],"up":[{"embeddable":true,"href":"https:\/\/agora.xtec.cat\/cfa-martorell\/wp-json\/wp\/v2\/pages\/274"}],"wp:attachment":[{"href":"https:\/\/agora.xtec.cat\/cfa-martorell\/wp-json\/wp\/v2\/media?parent=286"}],"curies":[{"name":"wp","href":"https:\/\/api.w.org\/{rel}","templated":true}]}}