{"id":265,"date":"2015-01-27T17:28:56","date_gmt":"2015-01-27T16:28:56","guid":{"rendered":"http:\/\/agora.xtec.cat\/cfa-martorell\/?page_id=265"},"modified":"2025-11-05T17:25:37","modified_gmt":"2025-11-05T16:25:37","slug":"organitzacio-interna","status":"publish","type":"page","link":"https:\/\/agora.xtec.cat\/cfa-martorell\/el-centre\/organitzacio-interna\/","title":{"rendered":"Consell escolar"},"content":{"rendered":"<p>Composici\u00f3 del Consell escolar:<\/p>\n<ul>\n<li><span style=\"color: #008000;\"><strong>Directora:<\/strong><\/span> Gemma Parre\u00f1o Centeno<\/li>\n<li><span style=\"color: #008000;\"><strong>Cap d&#8217;Estudis:<\/strong><\/span> Anna Maria Roca Lobo<\/li>\n<li><span style=\"color: #008000;\"><strong>Secretari:<\/strong><\/span> Aitor Larrea Larra\u00f1aga<\/li>\n<li><span style=\"color: #008000;\"><strong>Representant de l&#8217;Ajuntament:<\/strong> <\/span><span style=\"font-weight: 400;\">Soledad Rosende Castillo<br \/>\n<\/span><\/li>\n<li><span style=\"color: #0000ff;\"><span style=\"color: #008000;\"><strong>Representants de l&#8217;alumnat:<\/strong><\/span><span style=\"color: #000000;\"> <span style=\"font-weight: 400;\">\u00a0Pere Gam\u00f3n Portoles, Maria Josefa Moreno, Joan Costa Camps,\u00a0 Soraya Jim\u00e9nez Rivilla i Manel Moreno Lucena.<br \/>\n<\/span><\/span><\/span><\/li>\n<li><span style=\"color: #008000;\"><strong>Representants del professorat:<\/strong><\/span> Antoni Mart\u00edn Castillejo, Montserrat Sansano Bernad\u00e0s , Eudald Escrib\u00e0 Sales, Laia Fit\u00f3 Parera i Enric S\u00e1nchez Bonilla.<\/li>\n<li><span style=\"color: #008000;\"><strong>Representant del PAS:<\/strong><\/span> S\u00edlvia Temprano Cerezo<\/li>\n<\/ul>\n","protected":false},"excerpt":{"rendered":"<p>Composici\u00f3 del Consell escolar:<\/p>\n<ul>\n<li>Directora: Gemma Parre\u00f1o Centeno<\/li>\n<li>Cap d&#8217;Estudis: Anna Maria Roca Lobo<\/li>\n<li>Secretari: Aitor Larrea Larra\u00f1aga<\/li>\n<li>Representant de l&#8217;Ajuntament: Soledad Rosende Castillo\n<\/li>\n<li>Representants de l&#8217;alumnat: \u00a0Pere Gam\u00f3n Portoles, Maria Josefa Moreno, Joan Costa Camps,\u00a0 Soraya Jim\u00e9nez Rivilla i Manel Moreno Lucena.\n<\/li>\n<li>Representants del professorat: Antoni Mart\u00edn Castillejo, Montserrat Sansano&hellip;  <a href=\"https:\/\/agora.xtec.cat\/cfa-martorell\/el-centre\/organitzacio-interna\/\" title=\"Read Consell escolar\">Llegeix m\u00e9s\u00bb<\/a><br \/>\n","protected":false},"author":1,"featured_media":0,"parent":261,"menu_order":40,"comment_status":"closed","ping_status":"closed","template":"page-templates\/side-menu.php","meta":{"_bbp_topic_count":0,"_bbp_reply_count":0,"_bbp_total_topic_count":0,"_bbp_total_reply_count":0,"_bbp_voice_count":0,"_bbp_anonymous_reply_count":0,"_bbp_topic_count_hidden":0,"_bbp_reply_count_hidden":0,"_bbp_forum_subforum_count":0,"footnotes":""},"class_list":["post-265","page","type-page","status-publish","hentry"],"post_mailing_queue_ids":[],"_links":{"self":[{"href":"https:\/\/agora.xtec.cat\/cfa-martorell\/wp-json\/wp\/v2\/pages\/265","targetHints":{"allow":["GET"]}}],"collection":[{"href":"https:\/\/agora.xtec.cat\/cfa-martorell\/wp-json\/wp\/v2\/pages"}],"about":[{"href":"https:\/\/agora.xtec.cat\/cfa-martorell\/wp-json\/wp\/v2\/types\/page"}],"author":[{"embeddable":true,"href":"https:\/\/agora.xtec.cat\/cfa-martorell\/wp-json\/wp\/v2\/users\/1"}],"replies":[{"embeddable":true,"href":"https:\/\/agora.xtec.cat\/cfa-martorell\/wp-json\/wp\/v2\/comments?post=265"}],"version-history":[{"count":6,"href":"https:\/\/agora.xtec.cat\/cfa-martorell\/wp-json\/wp\/v2\/pages\/265\/revisions"}],"predecessor-version":[{"id":2916,"href":"https:\/\/agora.xtec.cat\/cfa-martorell\/wp-json\/wp\/v2\/pages\/265\/revisions\/2916"}],"up":[{"embeddable":true,"href":"https:\/\/agora.xtec.cat\/cfa-martorell\/wp-json\/wp\/v2\/pages\/261"}],"wp:attachment":[{"href":"https:\/\/agora.xtec.cat\/cfa-martorell\/wp-json\/wp\/v2\/media?parent=265"}],"curies":[{"name":"wp","href":"https:\/\/api.w.org\/{rel}","templated":true}]}}